{"id":1677,"date":"2014-03-06T18:44:00","date_gmt":"2014-03-06T18:44:00","guid":{"rendered":"https:\/\/2024.jugendfilmtage.ch\/?page_id=1677"},"modified":"2025-08-07T11:26:50","modified_gmt":"2025-08-07T09:26:50","slug":"mentions-legales","status":"publish","type":"page","link":"https:\/\/jugendfilmtage.ch\/fr\/mentions-legales\/","title":{"rendered":"Mentions l\u00e9gales"},"content":{"rendered":"\n<h1 class=\"wp-block-heading\">Mentions l\u00e9gales<\/h1>\n\n\n\n<h3 class=\"wp-block-heading\">Comit\u00e9 \u00e9ditorial<\/h3>\n\n\n\n<p>Verein Schweizer Jugendfilmtage<\/p>\n\n\n\n<p>Jo Bahdo und Valentina Romero (co-direction)<br>Weststrasse 182<br>8003 Zurich<br><a href=\"mailto:leitung@jugendfilmtage.ch\">leitung@jugendfilmtage.ch<\/a><\/p>\n\n\n\n<p>Tel.: 077 520 30 39<\/p>\n\n\n\n<p>\u00a9 Schweizer Jugendfilmtage 2025<\/p>\n\n\n\n<h3 class=\"wp-block-heading\">Photos de films<\/h3>\n\n\n\n<p>MIAU MIAU<br>(Lina Wegmann, CH 2024)<\/p>\n\n\n\n<h3 class=\"wp-block-heading\">Graphisme<\/h3>\n\n\n\n<p><a href=\"https:\/\/www.buerohaeberli.ch\/\" target=\"_blank\" rel=\"noopener\">B\u00fcro Haeberli<\/a>, Zurich<\/p>\n\n\n\n<h3 class=\"wp-block-heading\">Site web<\/h3>\n\n\n\n<p><a href=\"https:\/\/www.metoki.ch\" target=\"_blank\" rel=\"noreferrer noopener\">Metoki<\/a>, Zurich<\/p>\n\n\n\n<h3 class=\"wp-block-heading\">Traductions<\/h3>\n\n\n\n<p>Lia Lambert (fran\u00e7ais) et Serena Neuenschwander (italien)<\/p>\n\n\n\n<h3 class=\"wp-block-heading\">Impression<\/h3>\n\n\n\n<p>DAZ &#8211; Druckerei Albisrieden AG<\/p>\n\n\n\n<h2 class=\"wp-block-heading\">&nbsp;<\/h2>\n","protected":false},"excerpt":{"rendered":"<p>Mentions l\u00e9gales Comit\u00e9 \u00e9ditorial Verein Schweizer Jugendfilmtage Jo Bahdo und Valentina Romero (co-direction)Weststrasse 1828003 Zurichleitung@jugendfilmtage.ch Tel.: 077 520 30 39 \u00a9 Schweizer Jugendfilmtage 2025 Photos de films MIAU MIAU(Lina Wegmann, CH 2024) Graphisme B\u00fcro Haeberli, Zurich Site web Metoki, Zurich Traductions Lia Lambert (fran\u00e7ais) et Serena Neuenschwander (italien) Impression DAZ &#8211; Druckerei Albisrieden AG &nbsp;<\/p>\n","protected":false},"author":10,"featured_media":0,"parent":0,"menu_order":16,"comment_status":"open","ping_status":"open","template":"","meta":{"_acf_changed":false,"footnotes":""},"class_list":["post-1677","page","type-page","status-publish","hentry"],"acf":[],"yoast_head":"<!-- This site is optimized with the Yoast SEO plugin v27.4 - https:\/\/yoast.com\/product\/yoast-seo-wordpress\/ -->\n<title>Mentions l\u00e9gales - FR Schweizer Jugendfilmtage<\/title>\n<meta name=\"description\" content=\"Mentions l\u00e9gales Comit\u00e9 \u00e9ditorial Verein Schweizer Jugendfilmtage Jo Bahdo und Valentina Romero (co-direction)Weststrasse 1828003\" \/>\n<meta name=\"robots\" content=\"index, follow, max-snippet:-1, max-image-preview:large, max-video-preview:-1\" \/>\n<link rel=\"canonical\" href=\"https:\/\/jugendfilmtage.ch\/fr\/mentions-legales\/\" \/>\n<meta property=\"og:locale\" content=\"fr_FR\" \/>\n<meta property=\"og:type\" content=\"article\" \/>\n<meta property=\"og:title\" content=\"Mentions l\u00e9gales - FR Schweizer Jugendfilmtage\" \/>\n<meta property=\"og:description\" content=\"Mentions l\u00e9gales Comit\u00e9 \u00e9ditorial Verein Schweizer Jugendfilmtage Jo Bahdo und Valentina Romero (co-direction)Weststrasse 1828003\" \/>\n<meta property=\"og:url\" content=\"https:\/\/jugendfilmtage.ch\/fr\/mentions-legales\/\" \/>\n<meta property=\"og:site_name\" content=\"FR Schweizer Jugendfilmtage\" \/>\n<meta property=\"article:publisher\" content=\"https:\/\/www.facebook.com\/Jugendfilmtage\" \/>\n<meta property=\"article:modified_time\" content=\"2025-08-07T09:26:50+00:00\" \/>\n<meta name=\"twitter:card\" content=\"summary_large_image\" \/>\n<meta name=\"twitter:site\" content=\"@jugendfilmtage\" \/>\n<meta name=\"twitter:label1\" content=\"Dur\u00e9e de lecture estim\u00e9e\" \/>\n\t<meta name=\"twitter:data1\" content=\"1 minute\" \/>\n<script type=\"application\/ld+json\" class=\"yoast-schema-graph\">{\"@context\":\"https:\\\/\\\/schema.org\",\"@graph\":[{\"@type\":\"WebPage\",\"@id\":\"https:\\\/\\\/jugendfilmtage.ch\\\/fr\\\/mentions-legales\\\/\",\"url\":\"https:\\\/\\\/jugendfilmtage.ch\\\/fr\\\/mentions-legales\\\/\",\"name\":\"Mentions l\u00e9gales - FR Schweizer Jugendfilmtage\",\"isPartOf\":{\"@id\":\"https:\\\/\\\/jugendfilmtage.ch\\\/fr\\\/#website\"},\"datePublished\":\"2014-03-06T18:44:00+00:00\",\"dateModified\":\"2025-08-07T09:26:50+00:00\",\"description\":\"Mentions l\u00e9gales Comit\u00e9 \u00e9ditorial Verein Schweizer Jugendfilmtage Jo Bahdo und Valentina Romero (co-direction)Weststrasse 1828003\",\"inLanguage\":\"fr-FR\",\"potentialAction\":[{\"@type\":\"ReadAction\",\"target\":[\"https:\\\/\\\/jugendfilmtage.ch\\\/fr\\\/mentions-legales\\\/\"]}]},{\"@type\":\"WebSite\",\"@id\":\"https:\\\/\\\/jugendfilmtage.ch\\\/fr\\\/#website\",\"url\":\"https:\\\/\\\/jugendfilmtage.ch\\\/fr\\\/\",\"name\":\"FR Schweizer Jugendfilmtage\",\"description\":\"FR Festival Cin\u00e9 Jeunesse Suisse\",\"potentialAction\":[{\"@type\":\"SearchAction\",\"target\":{\"@type\":\"EntryPoint\",\"urlTemplate\":\"https:\\\/\\\/jugendfilmtage.ch\\\/fr\\\/?s={search_term_string}\"},\"query-input\":{\"@type\":\"PropertyValueSpecification\",\"valueRequired\":true,\"valueName\":\"search_term_string\"}}],\"inLanguage\":\"fr-FR\"}]}<\/script>\n<!-- \/ Yoast SEO plugin. -->","yoast_head_json":{"title":"Mentions l\u00e9gales - FR Schweizer Jugendfilmtage","description":"Mentions l\u00e9gales Comit\u00e9 \u00e9ditorial Verein Schweizer Jugendfilmtage Jo Bahdo und Valentina Romero (co-direction)Weststrasse 1828003","robots":{"index":"index","follow":"follow","max-snippet":"max-snippet:-1","max-image-preview":"max-image-preview:large","max-video-preview":"max-video-preview:-1"},"canonical":"https:\/\/jugendfilmtage.ch\/fr\/mentions-legales\/","og_locale":"fr_FR","og_type":"article","og_title":"Mentions l\u00e9gales - FR Schweizer Jugendfilmtage","og_description":"Mentions l\u00e9gales Comit\u00e9 \u00e9ditorial Verein Schweizer Jugendfilmtage Jo Bahdo und Valentina Romero (co-direction)Weststrasse 1828003","og_url":"https:\/\/jugendfilmtage.ch\/fr\/mentions-legales\/","og_site_name":"FR Schweizer Jugendfilmtage","article_publisher":"https:\/\/www.facebook.com\/Jugendfilmtage","article_modified_time":"2025-08-07T09:26:50+00:00","twitter_card":"summary_large_image","twitter_site":"@jugendfilmtage","twitter_misc":{"Dur\u00e9e de lecture estim\u00e9e":"1 minute"},"schema":{"@context":"https:\/\/schema.org","@graph":[{"@type":"WebPage","@id":"https:\/\/jugendfilmtage.ch\/fr\/mentions-legales\/","url":"https:\/\/jugendfilmtage.ch\/fr\/mentions-legales\/","name":"Mentions l\u00e9gales - FR Schweizer Jugendfilmtage","isPartOf":{"@id":"https:\/\/jugendfilmtage.ch\/fr\/#website"},"datePublished":"2014-03-06T18:44:00+00:00","dateModified":"2025-08-07T09:26:50+00:00","description":"Mentions l\u00e9gales Comit\u00e9 \u00e9ditorial Verein Schweizer Jugendfilmtage Jo Bahdo und Valentina Romero (co-direction)Weststrasse 1828003","inLanguage":"fr-FR","potentialAction":[{"@type":"ReadAction","target":["https:\/\/jugendfilmtage.ch\/fr\/mentions-legales\/"]}]},{"@type":"WebSite","@id":"https:\/\/jugendfilmtage.ch\/fr\/#website","url":"https:\/\/jugendfilmtage.ch\/fr\/","name":"FR Schweizer Jugendfilmtage","description":"FR Festival Cin\u00e9 Jeunesse Suisse","potentialAction":[{"@type":"SearchAction","target":{"@type":"EntryPoint","urlTemplate":"https:\/\/jugendfilmtage.ch\/fr\/?s={search_term_string}"},"query-input":{"@type":"PropertyValueSpecification","valueRequired":true,"valueName":"search_term_string"}}],"inLanguage":"fr-FR"}]}},"_links":{"self":[{"href":"https:\/\/jugendfilmtage.ch\/fr\/wp-json\/wp\/v2\/pages\/1677","targetHints":{"allow":["GET"]}}],"collection":[{"href":"https:\/\/jugendfilmtage.ch\/fr\/wp-json\/wp\/v2\/pages"}],"about":[{"href":"https:\/\/jugendfilmtage.ch\/fr\/wp-json\/wp\/v2\/types\/page"}],"author":[{"embeddable":true,"href":"https:\/\/jugendfilmtage.ch\/fr\/wp-json\/wp\/v2\/users\/10"}],"replies":[{"embeddable":true,"href":"https:\/\/jugendfilmtage.ch\/fr\/wp-json\/wp\/v2\/comments?post=1677"}],"version-history":[{"count":17,"href":"https:\/\/jugendfilmtage.ch\/fr\/wp-json\/wp\/v2\/pages\/1677\/revisions"}],"predecessor-version":[{"id":47605,"href":"https:\/\/jugendfilmtage.ch\/fr\/wp-json\/wp\/v2\/pages\/1677\/revisions\/47605"}],"wp:attachment":[{"href":"https:\/\/jugendfilmtage.ch\/fr\/wp-json\/wp\/v2\/media?parent=1677"}],"curies":[{"name":"wp","href":"https:\/\/api.w.org\/{rel}","templated":true}]}}