{"id":16560,"date":"2023-02-22T14:17:24","date_gmt":"2023-02-22T14:17:24","guid":{"rendered":"https:\/\/2024.jugendfilmtage.ch\/?page_id=16560"},"modified":"2026-03-03T16:02:57","modified_gmt":"2026-03-03T15:02:57","slug":"billets","status":"publish","type":"page","link":"https:\/\/jugendfilmtage.ch\/fr\/billets\/","title":{"rendered":"Billets"},"content":{"rendered":"\n<figure class=\"wp-block-image size-large\"><img loading=\"lazy\" decoding=\"async\" width=\"2560\" height=\"1440\" src=\"https:\/\/jugendfilmtage.ch\/wp-content\/uploads\/2024\/06\/0D8A7798-edited-3-scaled.jpg\" alt=\"Festival Cin\u00e9 Jeunesse Suisse\" class=\"wp-image-25795\" srcset=\"https:\/\/jugendfilmtage.ch\/wp-content\/uploads\/2024\/06\/0D8A7798-edited-3-scaled.jpg 2560w, https:\/\/jugendfilmtage.ch\/wp-content\/uploads\/2024\/06\/0D8A7798-edited-3-300x169.jpg 300w, https:\/\/jugendfilmtage.ch\/wp-content\/uploads\/2024\/06\/0D8A7798-edited-3-880x495.jpg 880w, https:\/\/jugendfilmtage.ch\/wp-content\/uploads\/2024\/06\/0D8A7798-edited-3-768x432.jpg 768w, https:\/\/jugendfilmtage.ch\/wp-content\/uploads\/2024\/06\/0D8A7798-edited-3-1536x864.jpg 1536w, https:\/\/jugendfilmtage.ch\/wp-content\/uploads\/2024\/06\/0D8A7798-edited-3-2048x1152.jpg 2048w\" sizes=\"auto, (max-width: 2560px) 100vw, 2560px\" \/><\/figure>\n\n\n\n<h1 class=\"wp-block-heading\">Billets<\/h1>\n\n\n\n<p>Les billets simples et les abonnements du festival peuvent \u00eatre achet\u00e9s <strong>\u00e0 partir du 18 f\u00e9vrier 2026<\/strong> <a href=\"https:\/\/jugendfilmtage.ch\/fr\/le-festival\/festivalprogramm-2025\/ubersicht\/\">sur notre site web via le programme correspondant<\/a> ou sur place au stand d\u2019information situ\u00e9 dans le blue Cinema Abaton. <span lang=\"FR-CH\">Notre stand d\u2019information ouvre 30 minutes avant chaque projection du festival.<\/span> Les places sont non num\u00e9rot\u00e9es.<\/p>\n\n\n<style>.kb-table-of-content-nav.kb-table-of-content-id16560_fccd62-64 .kb-table-of-content-wrap{padding-top:var(--global-kb-spacing-sm, 1.5rem);padding-right:var(--global-kb-spacing-sm, 1.5rem);padding-bottom:var(--global-kb-spacing-sm, 1.5rem);padding-left:var(--global-kb-spacing-sm, 1.5rem);}.kb-table-of-content-nav.kb-table-of-content-id16560_fccd62-64 .kb-table-of-contents-title-wrap{padding-top:0px;padding-right:0px;padding-bottom:0px;padding-left:0px;}.kb-table-of-content-nav.kb-table-of-content-id16560_fccd62-64 .kb-table-of-contents-title{font-weight:regular;font-style:normal;}.kb-table-of-content-nav.kb-table-of-content-id16560_fccd62-64 .kb-table-of-content-wrap .kb-table-of-content-list{font-weight:regular;font-style:normal;margin-top:var(--global-kb-spacing-sm, 1.5rem);margin-right:0px;margin-bottom:0px;margin-left:0px;}<\/style>\n\n\n<h2 class=\"wp-block-heading\">Manifestations gratuites<\/h2>\n\n\n\n<p>Pour assister aux manifestations gratuites, des billets sont \u00e9galement n\u00e9cessaires. Ces derniers peuvent \u00eatre r\u00e9serv\u00e9s gratuitement <strong>\u00e0 partir du 18 f\u00e9vrier 2026<\/strong> <a href=\"https:\/\/jugendfilmtage.ch\/fr\/le-festival\/festivalprogramm-2025\/ubersicht\/\">sur notre site web via le programme correspondant<\/a> ou sur place au stand d\u2019information situ\u00e9 dans le blue Cinema Abaton.<\/p>\n\n\n\n<h2 class=\"wp-block-heading\">Billets individuels<\/h2>\n\n\n\n<p>CHF 15.- \/ *10.-<\/p>\n\n\n\n<p><sup>*Prix r\u00e9duits pour les jeunes de moins de 20 ans, les d\u00e9tenteurs\u00b7trices d\u2019une carte bancaire<\/sup> <sup>de la Z\u00fcrcher Kantonalbank, d\u2019une carte de l\u00e9gitimation AI, d\u2019une carte d\u2019\u00e9tudiant\u00b7e ou d\u2019apprenti\u00b7e ou la KulturLegi (non cumulable).<\/sup><\/p>\n\n\n\n<p>Un billet individuel permet d\u2019acc\u00e9der au programme de films choisi&nbsp;des 50e Festival Cin\u00e9 Jeunesse Suisse.&nbsp;Les billets peuvent \u00eatre achet\u00e9s <strong>\u00e0 partir du 18 f\u00e9vrier 2026<\/strong> via le programme correspondant.<\/p>\n\n\n\n<p><\/p>\n\n\n\n<h2 class=\"wp-block-heading\">Abonnement festival<\/h2>\n\n\n\n<p>CHF 40.- \/ *25.-<\/p>\n\n\n\n<p><sup>*Prix r\u00e9duits pour les jeunes de moins de 20 ans, les d\u00e9tenteurs\u00b7trices d\u2019une carte bancaire<\/sup> <sup>de la Z\u00fcrcher Kantonalbank, d\u2019une carte de l\u00e9gitimation AI, d\u2019une carte d\u2019\u00e9tudiant\u00b7e ou d\u2019apprenti\u00b7e ou la KulturLegi (non cumulable).<\/sup><\/p>\n\n\n\n<p>L\u2019abonnement du festival donne acc\u00e8s \u00e0 toutes les manifestations sans garantie de place. Pour vous assurer une place, nous vous recommandons de r\u00e9server gratuitement une place avec votre TicketID ou en scannant le code QR. Les abonnements nominatifs ne sont pas transmissibles.<\/p>\n\n\n\n<details class=\"wp-block-details is-layout-flow wp-block-details-is-layout-flow\"><summary>Comment r\u00e9server une place avec l&rsquo;abonnement du festival?&nbsp;<\/summary>\n<ul class=\"wp-block-list\">\n<li><a href=\"https:\/\/jugendfilmtage.ch\/fr\/le-festival\/festivalprogramm-2025\/ubersicht\/\">Cliquez sur le programme souhait\u00e9.&nbsp;<\/a><\/li>\n\n\n\n<li>Connectez-vous avec votre TicketID et cliquez sur \u00abConnexion\u00bb.<\/li>\n\n\n\n<li>Vous pouvez maintenant r\u00e9server une place sur votre abonnement ou consulter vos r\u00e9servations.<\/li>\n\n\n\n<li>Vous pouvez \u00e9galement scanner le QR-Code sur le pass pour acc\u00e9der directement \u00e0 la gestion de vos r\u00e9servations.<\/li>\n<\/ul>\n\n\n\n<p><\/p>\n<\/details>\n\n\n\n<p><\/p>\n\n\n\n<h2 class=\"wp-block-heading\">Personnes \u00e0 mobilit\u00e9 r\u00e9duite<\/h2>\n\n\n\n<p>La Planet5, le <a href=\"https:\/\/www.flex-zollhaus.ch\/flex-zollhaus\/#fz\">Flex Zollhaus<\/a> et le <a href=\"https:\/\/bluecinema.ch\/fr\/rollstuhl-fr\/\">blue Cinema Abaton<\/a> sont accessibles aux personnes \u00e0 mobilit\u00e9 r\u00e9duite. Pour toute question sur l\u2019accessibilit\u00e9 ou la r\u00e9servation de places pour fauteuils roulants, nous vous aidons volontiers :&nbsp;<a>reservation@jugendfilmtage.ch<\/a>.<\/p>\n\n\n\n<h3 class=\"wp-block-heading\">Programmes au Zollhaus ou \u00e0 Planet5<\/h3>\n\n\n\n<p>Pour les programmes au Zollhaus et \u00e0 Planet5, il est possible de r\u00e9server des billets individuels r\u00e9guliers pour le programme correspondant. <\/p>\n\n\n\n<h3 class=\"wp-block-heading\">Programmes au blue Cinema Abaton<\/h3>\n\n\n\n<p>Pour les programmes au blue Cinema Abaton, un nombre limit\u00e9 de places pour fauteuils roulants est disponible. Voici les options pour r\u00e9server des places pour fauteuils roulants :<\/p>\n\n\n\n<details class=\"wp-block-details is-layout-flow wp-block-details-is-layout-flow\"><summary>Billet individuel (PMR)<\/summary>\n<p>Le billet individuel (PMR) donne droit \u00e0 l&rsquo;entr\u00e9e \u00e0 un programme de films au blue Cinema Abaton, sans garantie de place. Pour garantir une place, nous recommandons de r\u00e9server une place pour fauteuil roulant avec la TicketID ou en scannant le QR code.<\/p>\n\n\n\n<p><\/p>\n<\/details>\n\n\n\n<details class=\"wp-block-details is-layout-flow wp-block-details-is-layout-flow\"><summary>L\u2019abonnement du festival&nbsp;(PMR)<\/summary>\n<p>L\u2019abonnement du festival permet d\u2019acc\u00e9der \u00e0 tous les programmes de la 50e \u00e9dition du Festival Cin\u00e9 Jeunesse, exception faite des programmes requ\u00e9rant une inscription pr\u00e9alable. L\u2019abonnement du festival n\u2019offre cependant pas de garantie de place. Nous recommandons ainsi de r\u00e9server votre place pour fauteuil roulant utilisant votre TicketID sur jugendfilmtage.ch ou en scannant le code QR. Les abonnements du festival sont nominatifs, personnels et non transmissibles.<\/p>\n\n\n\n<p><\/p>\n<\/details>\n\n\n\n<details class=\"wp-block-details is-layout-flow wp-block-details-is-layout-flow\"><summary>Comment r\u00e9server une place avec le billet individuel (PMR) ou l&rsquo;abonnement du festival (PMR)?<\/summary>\n<ul class=\"wp-block-list\">\n<li><a href=\"https:\/\/jugendfilmtage.ch\/fr\/le-festival\/festivalprogramm-2025\/ubersicht\/\">Cliquez sur le programme souhait\u00e9.&nbsp;<\/a><\/li>\n\n\n\n<li>Connectez-vous avec votre TicketID et cliquez sur \u00abConnexion\u00bb.<\/li>\n\n\n\n<li>Vous pouvez maintenant r\u00e9server une place sur votre abonnement ou consulter vos r\u00e9servations.<\/li>\n\n\n\n<li>Vous pouvez \u00e9galement scanner le QR-Code sur le pass pour acc\u00e9der directement \u00e0 la gestion de vos r\u00e9servations.<\/li>\n<\/ul>\n\n\n\n<p><\/p>\n<\/details>\n\n\n\n<details class=\"wp-block-details is-layout-flow wp-block-details-is-layout-flow\"><summary>Manifestations gratuites<\/summary>\n<p>Pour la r\u00e9servation de places pour fauteuils roulants pour les programmes gratuits (<a href=\"https:\/\/jugendfilmtage.ch\/fr\/events\/ceremonie-douverture-fr\/?s_id=db6b94bc-d995-4454-ab6b-3c5960b9ac2d\">C\u00e9r\u00e9monie d&rsquo;ouverture<\/a>, <a href=\"https:\/\/jugendfilmtage.ch\/fr\/events\/remise-des-prix-fr\/?s_id=496ca4fa-fa98-4135-bbe7-fe0457ec15db\">Remise des prix<\/a>) au blue Cinema Abaton, veuillez contacter&nbsp;<a>reservation@jugendfilmtage.ch<\/a>.<\/p>\n<\/details>\n\n\n\n<p><\/p>\n\n\n\n<h2 class=\"wp-block-heading\">\u00c9change ou remboursement<\/h2>\n\n\n\n<p>Les billets pour les manifestations \u00e0 venir peuvent \u00eatre \u00e9chang\u00e9s ou rembours\u00e9s pendant le festival au stand d&rsquo;information du Festival Cin\u00e9 Jeunesse Suisse. <\/p>\n\n\n\n<h2 class=\"wp-block-heading\">Accr\u00e9ditations<\/h2>\n\n\n\n<p>Les professionnel\u00b7les de l&rsquo;industrie ont la possibilit\u00e9 de s&rsquo;accr\u00e9diter gratuitement pour un abonnement festival. Les personnes suivantes sont prises en compte :<\/p>\n\n\n\n<ul class=\"wp-block-list\">\n<li>Les m\u00e9diateur\u00b7trices qui couvrent le Festival Cin\u00e9 Jeunesse Suisse.<\/li>\n\n\n\n<li>Les employ\u00e9\u00b7es des festivals de cin\u00e9ma appartenant \u00e0 la Conf\u00e9rence des festivals.<\/li>\n\n\n\n<li>Les partenaires et sponsors du Festival Cin\u00e9 Jeunesse Suisse..<\/li>\n<\/ul>\n\n\n\n<p><\/p>\n\n\n\n<h2 class=\"wp-block-heading\">Conditions sp\u00e9ciales pour les classes et les organisations de jeunesse<\/h2>\n\n\n\n<p>Les classes b\u00e9n\u00e9ficient d\u2019un acc\u00e8s libre aux\u00a0projections des cat\u00e9gories A, B et C. LLes inscriptions pour l&rsquo;\u00e9dition 2026 du festival sont d\u00e9j\u00e0 ferm\u00e9es. Les demandes de r\u00e9servation tardives ne peuvent \u00eatre prises en compte que sous certaines conditions.\u00a0<br>En cas de questions, n\u2019h\u00e9sitez pas \u00e0 nous contacter\u00a0<a href=\"mailto:reservation@jugendfilmtage.ch\">reservation@jugendfilmtage.ch.<\/a><\/p>\n\n\n\n<h2 class=\"wp-block-heading\">La participation culturelle doit \u00eatre possible pour toute le monde!<\/h2>\n\n\n\n<p>Les d\u00e9tentrices ou d\u00e9tenteurs d\u2019un livret N ou F peuvent acc\u00e9der gratuitement au programme de films du Festival Cin\u00e9 Jeunesse Suisse. Les programmes&nbsp;C, D et E ainsi que tous les programmes Focus proposent des sous-titres en anglais. Pour b\u00e9n\u00e9ficier de cette offre, contactez-nous ou  adressez-vous \u00e0 au stand d&rsquo;information pendant le festival.<\/p>\n\n\n\n<h2 class=\"wp-block-heading\">Vous avez des questions ?<\/h2>\n\n\n\n<p>Pour toute question, n\u2019h\u00e9sitez pas \u00e0 nous contacter.<\/p>\n\n\n\n<p><\/p>\n\n\n\n<div class=\"wp-block-buttons is-layout-flex wp-block-buttons-is-layout-flex\">\n<div class=\"wp-block-button is-style-outline is-style-outline--2\"><a class=\"wp-block-button__link wp-element-button\" href=\"http:\/\/info@jugendfilmtage.ch.\">Contactez-nous<\/a><\/div>\n<\/div>\n","protected":false},"excerpt":{"rendered":"<p>Billets Les billets simples et les abonnements du festival peuvent \u00eatre achet\u00e9s \u00e0 partir du 18 f\u00e9vrier 2026 sur notre site web via le programme correspondant ou sur place au stand d\u2019information situ\u00e9 dans le blue Cinema Abaton. Notre stand d\u2019information ouvre 30 minutes avant chaque projection du festival. Les places sont non num\u00e9rot\u00e9es. Manifestations [&hellip;]<\/p>\n","protected":false},"author":14,"featured_media":0,"parent":0,"menu_order":3,"comment_status":"closed","ping_status":"closed","template":"","meta":{"_acf_changed":false,"footnotes":""},"class_list":["post-16560","page","type-page","status-publish","hentry"],"acf":[],"yoast_head":"<!-- This site is optimized with the Yoast SEO plugin v27.4 - https:\/\/yoast.com\/product\/yoast-seo-wordpress\/ -->\n<title>Billets - FR Schweizer Jugendfilmtage<\/title>\n<meta name=\"description\" content=\"Les billets simples et les pass pour le festival peuvent \u00eatre achet\u00e9s \u00e0 partir de mi-f\u00e9vrier 2025 sur place ou ici.\" \/>\n<meta name=\"robots\" content=\"index, follow, max-snippet:-1, max-image-preview:large, max-video-preview:-1\" \/>\n<link rel=\"canonical\" href=\"https:\/\/jugendfilmtage.ch\/fr\/billets\/\" \/>\n<meta property=\"og:locale\" content=\"fr_FR\" \/>\n<meta property=\"og:type\" content=\"article\" \/>\n<meta property=\"og:title\" content=\"Billets - FR Schweizer Jugendfilmtage\" \/>\n<meta property=\"og:description\" content=\"Les billets simples et les pass pour le festival peuvent \u00eatre achet\u00e9s \u00e0 partir de mi-f\u00e9vrier 2025 sur place ou ici.\" \/>\n<meta property=\"og:url\" content=\"https:\/\/jugendfilmtage.ch\/fr\/billets\/\" \/>\n<meta property=\"og:site_name\" content=\"FR Schweizer Jugendfilmtage\" \/>\n<meta property=\"article:publisher\" content=\"https:\/\/www.facebook.com\/Jugendfilmtage\" \/>\n<meta property=\"article:modified_time\" content=\"2026-03-03T15:02:57+00:00\" \/>\n<meta property=\"og:image\" content=\"https:\/\/jugendfilmtage.ch\/wp-content\/uploads\/2024\/06\/0D8A7798-edited-3-scaled.jpg\" \/>\n\t<meta property=\"og:image:width\" content=\"2560\" \/>\n\t<meta property=\"og:image:height\" content=\"1440\" \/>\n\t<meta property=\"og:image:type\" content=\"image\/jpeg\" \/>\n<meta name=\"twitter:card\" content=\"summary_large_image\" \/>\n<meta name=\"twitter:site\" content=\"@jugendfilmtage\" \/>\n<meta name=\"twitter:label1\" content=\"Dur\u00e9e de lecture estim\u00e9e\" \/>\n\t<meta name=\"twitter:data1\" content=\"5 minutes\" \/>\n<script type=\"application\/ld+json\" class=\"yoast-schema-graph\">{\"@context\":\"https:\\\/\\\/schema.org\",\"@graph\":[{\"@type\":\"WebPage\",\"@id\":\"https:\\\/\\\/jugendfilmtage.ch\\\/fr\\\/billets\\\/\",\"url\":\"https:\\\/\\\/jugendfilmtage.ch\\\/fr\\\/billets\\\/\",\"name\":\"Billets - FR Schweizer Jugendfilmtage\",\"isPartOf\":{\"@id\":\"https:\\\/\\\/jugendfilmtage.ch\\\/fr\\\/#website\"},\"primaryImageOfPage\":{\"@id\":\"https:\\\/\\\/jugendfilmtage.ch\\\/fr\\\/billets\\\/#primaryimage\"},\"image\":{\"@id\":\"https:\\\/\\\/jugendfilmtage.ch\\\/fr\\\/billets\\\/#primaryimage\"},\"thumbnailUrl\":\"https:\\\/\\\/jugendfilmtage.ch\\\/wp-content\\\/uploads\\\/2024\\\/06\\\/0D8A7798-edited-3-scaled.jpg\",\"datePublished\":\"2023-02-22T14:17:24+00:00\",\"dateModified\":\"2026-03-03T15:02:57+00:00\",\"description\":\"Les billets simples et les pass pour le festival peuvent \u00eatre achet\u00e9s \u00e0 partir de mi-f\u00e9vrier 2025 sur place ou ici.\",\"inLanguage\":\"fr-FR\",\"potentialAction\":[{\"@type\":\"ReadAction\",\"target\":[\"https:\\\/\\\/jugendfilmtage.ch\\\/fr\\\/billets\\\/\"]}]},{\"@type\":\"ImageObject\",\"inLanguage\":\"fr-FR\",\"@id\":\"https:\\\/\\\/jugendfilmtage.ch\\\/fr\\\/billets\\\/#primaryimage\",\"url\":\"https:\\\/\\\/jugendfilmtage.ch\\\/wp-content\\\/uploads\\\/2024\\\/06\\\/0D8A7798-edited-3-scaled.jpg\",\"contentUrl\":\"https:\\\/\\\/jugendfilmtage.ch\\\/wp-content\\\/uploads\\\/2024\\\/06\\\/0D8A7798-edited-3-scaled.jpg\"},{\"@type\":\"WebSite\",\"@id\":\"https:\\\/\\\/jugendfilmtage.ch\\\/fr\\\/#website\",\"url\":\"https:\\\/\\\/jugendfilmtage.ch\\\/fr\\\/\",\"name\":\"FR Schweizer Jugendfilmtage\",\"description\":\"FR Festival Cin\u00e9 Jeunesse Suisse\",\"potentialAction\":[{\"@type\":\"SearchAction\",\"target\":{\"@type\":\"EntryPoint\",\"urlTemplate\":\"https:\\\/\\\/jugendfilmtage.ch\\\/fr\\\/?s={search_term_string}\"},\"query-input\":{\"@type\":\"PropertyValueSpecification\",\"valueRequired\":true,\"valueName\":\"search_term_string\"}}],\"inLanguage\":\"fr-FR\"}]}<\/script>\n<!-- \/ Yoast SEO plugin. -->","yoast_head_json":{"title":"Billets - FR Schweizer Jugendfilmtage","description":"Les billets simples et les pass pour le festival peuvent \u00eatre achet\u00e9s \u00e0 partir de mi-f\u00e9vrier 2025 sur place ou ici.","robots":{"index":"index","follow":"follow","max-snippet":"max-snippet:-1","max-image-preview":"max-image-preview:large","max-video-preview":"max-video-preview:-1"},"canonical":"https:\/\/jugendfilmtage.ch\/fr\/billets\/","og_locale":"fr_FR","og_type":"article","og_title":"Billets - FR Schweizer Jugendfilmtage","og_description":"Les billets simples et les pass pour le festival peuvent \u00eatre achet\u00e9s \u00e0 partir de mi-f\u00e9vrier 2025 sur place ou ici.","og_url":"https:\/\/jugendfilmtage.ch\/fr\/billets\/","og_site_name":"FR Schweizer Jugendfilmtage","article_publisher":"https:\/\/www.facebook.com\/Jugendfilmtage","article_modified_time":"2026-03-03T15:02:57+00:00","og_image":[{"width":2560,"height":1440,"url":"https:\/\/jugendfilmtage.ch\/wp-content\/uploads\/2024\/06\/0D8A7798-edited-3-scaled.jpg","type":"image\/jpeg"}],"twitter_card":"summary_large_image","twitter_site":"@jugendfilmtage","twitter_misc":{"Dur\u00e9e de lecture estim\u00e9e":"5 minutes"},"schema":{"@context":"https:\/\/schema.org","@graph":[{"@type":"WebPage","@id":"https:\/\/jugendfilmtage.ch\/fr\/billets\/","url":"https:\/\/jugendfilmtage.ch\/fr\/billets\/","name":"Billets - FR Schweizer Jugendfilmtage","isPartOf":{"@id":"https:\/\/jugendfilmtage.ch\/fr\/#website"},"primaryImageOfPage":{"@id":"https:\/\/jugendfilmtage.ch\/fr\/billets\/#primaryimage"},"image":{"@id":"https:\/\/jugendfilmtage.ch\/fr\/billets\/#primaryimage"},"thumbnailUrl":"https:\/\/jugendfilmtage.ch\/wp-content\/uploads\/2024\/06\/0D8A7798-edited-3-scaled.jpg","datePublished":"2023-02-22T14:17:24+00:00","dateModified":"2026-03-03T15:02:57+00:00","description":"Les billets simples et les pass pour le festival peuvent \u00eatre achet\u00e9s \u00e0 partir de mi-f\u00e9vrier 2025 sur place ou ici.","inLanguage":"fr-FR","potentialAction":[{"@type":"ReadAction","target":["https:\/\/jugendfilmtage.ch\/fr\/billets\/"]}]},{"@type":"ImageObject","inLanguage":"fr-FR","@id":"https:\/\/jugendfilmtage.ch\/fr\/billets\/#primaryimage","url":"https:\/\/jugendfilmtage.ch\/wp-content\/uploads\/2024\/06\/0D8A7798-edited-3-scaled.jpg","contentUrl":"https:\/\/jugendfilmtage.ch\/wp-content\/uploads\/2024\/06\/0D8A7798-edited-3-scaled.jpg"},{"@type":"WebSite","@id":"https:\/\/jugendfilmtage.ch\/fr\/#website","url":"https:\/\/jugendfilmtage.ch\/fr\/","name":"FR Schweizer Jugendfilmtage","description":"FR Festival Cin\u00e9 Jeunesse Suisse","potentialAction":[{"@type":"SearchAction","target":{"@type":"EntryPoint","urlTemplate":"https:\/\/jugendfilmtage.ch\/fr\/?s={search_term_string}"},"query-input":{"@type":"PropertyValueSpecification","valueRequired":true,"valueName":"search_term_string"}}],"inLanguage":"fr-FR"}]}},"_links":{"self":[{"href":"https:\/\/jugendfilmtage.ch\/fr\/wp-json\/wp\/v2\/pages\/16560","targetHints":{"allow":["GET"]}}],"collection":[{"href":"https:\/\/jugendfilmtage.ch\/fr\/wp-json\/wp\/v2\/pages"}],"about":[{"href":"https:\/\/jugendfilmtage.ch\/fr\/wp-json\/wp\/v2\/types\/page"}],"author":[{"embeddable":true,"href":"https:\/\/jugendfilmtage.ch\/fr\/wp-json\/wp\/v2\/users\/14"}],"replies":[{"embeddable":true,"href":"https:\/\/jugendfilmtage.ch\/fr\/wp-json\/wp\/v2\/comments?post=16560"}],"version-history":[{"count":79,"href":"https:\/\/jugendfilmtage.ch\/fr\/wp-json\/wp\/v2\/pages\/16560\/revisions"}],"predecessor-version":[{"id":74698,"href":"https:\/\/jugendfilmtage.ch\/fr\/wp-json\/wp\/v2\/pages\/16560\/revisions\/74698"}],"wp:attachment":[{"href":"https:\/\/jugendfilmtage.ch\/fr\/wp-json\/wp\/v2\/media?parent=16560"}],"curies":[{"name":"wp","href":"https:\/\/api.w.org\/{rel}","templated":true}]}}