{"id":1628,"date":"2024-11-20T18:28:00","date_gmt":"2024-11-20T17:28:00","guid":{"rendered":"https:\/\/2024.jugendfilmtage.ch\/?page_id=1628"},"modified":"2026-03-12T14:48:45","modified_gmt":"2026-03-12T13:48:45","slug":"communiques-de-presse","status":"publish","type":"page","link":"https:\/\/jugendfilmtage.ch\/fr\/medias\/communiques-de-presse\/","title":{"rendered":"Communiqu\u00e9s de presse"},"content":{"rendered":"\n<p><\/p>\n\n\n\n<h1 class=\"wp-block-heading\">Communiqu\u00e9s de presse<\/h1>\n\n\n\n<p>Ici, vous trouverez des textes \u00e0 des fins r\u00e9dactionnelles. <\/p>\n\n\n\n<p>Si vous avez besoin de mat\u00e9riel suppl\u00e9mentaire, veuillez vous adresser \u00e0 medien@jugendfilmtage.ch ou au +41 77 520 30 39.<\/p>\n\n\n<style>.kb-table-of-content-nav.kb-table-of-content-id1628_da7155-12 .kb-table-of-content-wrap{padding-top:var(--global-kb-spacing-sm, 1.5rem);padding-right:var(--global-kb-spacing-sm, 1.5rem);padding-bottom:var(--global-kb-spacing-sm, 1.5rem);padding-left:var(--global-kb-spacing-sm, 1.5rem);}.kb-table-of-content-nav.kb-table-of-content-id1628_da7155-12 .kb-table-of-contents-title-wrap{padding-top:0px;padding-right:0px;padding-bottom:0px;padding-left:0px;}.kb-table-of-content-nav.kb-table-of-content-id1628_da7155-12 .kb-table-of-contents-title{font-weight:regular;font-style:normal;}.kb-table-of-content-nav.kb-table-of-content-id1628_da7155-12 .kb-table-of-content-wrap .kb-table-of-content-list{font-weight:regular;font-style:normal;margin-top:var(--global-kb-spacing-sm, 1.5rem);margin-right:0px;margin-bottom:0px;margin-left:0px;}<\/style>\n\n\n<h3 class=\"wp-block-heading\" id=\"block-1dee1932-6ab1-45a2-a391-63c3e7a4a74c\">Communiqu\u00e9 de presse, 11 mars 2026: Le 50e Festival Cin\u00e9 Jeunesse Suisse et ouvert !<\/h3>\n\n\n\n<p>Vous pouvez <a href=\"https:\/\/jugendfilmtage.ch\/wp-content\/uploads\/2026\/03\/Communique-de-presse-5_50.-SJFT_2026_FR.pdf\">lire\u00a0ici\u00a0le communiqu\u00e9 de presse<\/a> en format PDF.<\/p>\n\n\n\n<h3 class=\"wp-block-heading\" id=\"block-1dee1932-6ab1-45a2-a391-63c3e7a4a74c\">Communiqu\u00e9 de presse, 16 f\u00e9vrier 2026: <strong>Lace tes chaussures : la 50e \u00e9dition du Festival Cin\u00e9 Jeunesse Suisse est sur la ligne de d\u00e9part<\/strong><\/h3>\n\n\n\n<p>Vous pouvez <a href=\"https:\/\/jugendfilmtage.ch\/wp-content\/uploads\/2026\/02\/Communique-de-presse-4_50.-SJFT_2026_FR.pdf\">lire&nbsp;ici&nbsp;le communiqu\u00e9 de presse<\/a> en format PDF.<\/p>\n\n\n\n<h3 class=\"wp-block-heading\" id=\"block-1dee1932-6ab1-45a2-a391-63c3e7a4a74c\">Communiqu\u00e9 de presse, 8 d\u00e9cembre 2025: Trois festivals f\u00eatent ensemble, de Zurich \u00e0 Toronto et Ottawa<\/h3>\n\n\n\n<p>Vous pouvez <a href=\"https:\/\/jugendfilmtage.ch\/wp-content\/uploads\/2025\/12\/Communique-de-presse-3_50.-SJFT_2025_FR.pdf\">lire&nbsp;ici<\/a>&nbsp;le communiqu\u00e9 de presse en format PDF.<\/p>\n\n\n\n<h3 class=\"wp-block-heading\" id=\"block-1dee1932-6ab1-45a2-a391-63c3e7a4a74c\">Communiqu\u00e9 de presse, 1 d\u00e9cembre 2025: <br>Nouvelle \u00e9quipe de direction pour le Festival Cin\u00e9 Jeunesse Suisse<\/h3>\n\n\n\n<p>Vous pouvez <a href=\"https:\/\/jugendfilmtage.ch\/wp-content\/uploads\/2025\/12\/Communique-de-presse-2_50.-SJFT_2025_FR-1.pdf\">lire&nbsp;ici<\/a>&nbsp;le communiqu\u00e9 de presse en format PDF.<\/p>\n\n\n\n<h3 class=\"wp-block-heading\" id=\"block-1dee1932-6ab1-45a2-a391-63c3e7a4a74c\">Communiqu\u00e9 de presse, 13 octobre 2025: 50e \u00e9dition Festival Cin\u00e9 Jeunesse Suisse: 50 ans et toujours en apesanteur<\/h3>\n\n\n\n<p>Vous pouvez <a href=\"https:\/\/jugendfilmtage.ch\/wp-content\/uploads\/2025\/10\/Communique-de-presse_50.-SJFT_2025_FR.pdf\">lire&nbsp;ici<\/a>&nbsp;le communiqu\u00e9 de presse en format PDF.<\/p>\n\n\n\n<h3 class=\"wp-block-heading\">Revue de presse 2025<\/h3>\n\n\n<style>.wp-block-kadence-advancedheading.kt-adv-heading1628_c4118d-40, .wp-block-kadence-advancedheading.kt-adv-heading1628_c4118d-40[data-kb-block=\"kb-adv-heading1628_c4118d-40\"]{font-style:normal;}.wp-block-kadence-advancedheading.kt-adv-heading1628_c4118d-40 mark.kt-highlight, .wp-block-kadence-advancedheading.kt-adv-heading1628_c4118d-40[data-kb-block=\"kb-adv-heading1628_c4118d-40\"] mark.kt-highlight{font-style:normal;color:#f76a0c;-webkit-box-decoration-break:clone;box-decoration-break:clone;padding-top:0px;padding-right:0px;padding-bottom:0px;padding-left:0px;}.wp-block-kadence-advancedheading.kt-adv-heading1628_c4118d-40 img.kb-inline-image, .wp-block-kadence-advancedheading.kt-adv-heading1628_c4118d-40[data-kb-block=\"kb-adv-heading1628_c4118d-40\"] img.kb-inline-image{width:150px;vertical-align:baseline;}<\/style>\n<p class=\"kt-adv-heading1628_c4118d-40 wp-block-kadence-advancedheading\" data-kb-block=\"kb-adv-heading1628_c4118d-40\">Vous trouverez <a href=\"https:\/\/jugendfilmtage.ch\/fr\/medias\/communiques-de-presse\/#mediespiegel-2025\">ici une s\u00e9lection<\/a> d&rsquo;articles r\u00e9dactionnels .<\/p>\n\n\n\n<h3 class=\"wp-block-heading\" id=\"block-1dee1932-6ab1-45a2-a391-63c3e7a4a74c\">Communiqu\u00e9 de presse, 16 mars 2025: 49e \u00e9dition Festival Cin\u00e9 Jeunesse Suisse: Les Gangnat\u00b7e\u00b7s<\/h3>\n\n\n\n<p>Vous pouvez <a href=\"https:\/\/jugendfilmtage.ch\/wp-content\/uploads\/2025\/06\/Communique-de-presse-Festival-Cine-Jeunesse-Suisse-16.03.2025-Zurich.pdf\">lire&nbsp;ici&nbsp;<\/a>le communiqu\u00e9 de presse en format PDF.<\/p>\n\n\n\n<h3 class=\"wp-block-heading\">Communiqu\u00e9 de presse, 12 mars 2025: La 49e \u00e9dition du Festival Cin\u00e9 Jeunesse Suisse est ouverte<\/h3>\n\n\n\n<p id=\"block-9d8f46b7-e4bb-40d2-8b8e-3570cb738c49\">Vous pouvez <a href=\"https:\/\/jugendfilmtage.ch\/wp-content\/uploads\/2025\/03\/Communique-de-presse-SJFT-12.03.2025-Zurich-.pdf\">lire&nbsp;ici&nbsp;<\/a>le communiqu\u00e9 de presse en format PDF.<\/p>\n\n\n\n<h3 class=\"wp-block-heading\" id=\"block-1dee1932-6ab1-45a2-a391-63c3e7a4a74c\">Communiqu\u00e9 de presse, 21 f\u00e9vrier 2025: 49e Festival Cin\u00e9 Jeunesse Suisse: <strong>le cin\u00e9ma appartient aux jeunes !<\/strong><\/h3>\n\n\n\n<p id=\"block-9d8f46b7-e4bb-40d2-8b8e-3570cb738c49\">Vous pouvez <a href=\"https:\/\/jugendfilmtage.ch\/wp-content\/uploads\/2025\/02\/Communique-de-presse_Festival-Cine-Jeunesse-Suisse_2020205.pdf\">lire&nbsp;ici<\/a>&nbsp;le communiqu\u00e9 de presse en format PDF.<\/p>\n\n\n\n<h3 class=\"wp-block-heading\" id=\"communique-de-presse-17-mars-2024-48e-festival-cine-jeunesse-suisse-les-gangnates\">Communiqu\u00e9 de presse, novembre 2024: 49e Festival Cin\u00e9 Jeunesse Suisse: de la cr\u00e9ativit\u00e9, de la t\u00e9nacit\u00e9 et une bonne dose de courage<\/h3>\n\n\n\n<p>Vous pouvez <a href=\"https:\/\/jugendfilmtage.ch\/wp-content\/uploads\/2025\/02\/Communique-de-presse_novembre-2024_Festival-Cine-Jeunesse-Suisse.pdf\">lire&nbsp;ici<\/a>&nbsp;le communiqu\u00e9 de presse en format PDF.<\/p>\n\n\n\n<h3 class=\"wp-block-heading\">Communiqu\u00e9 de presse, 17 mars 2024: 48e Festival Cin\u00e9 Jeunesse Suisse: Les Gangnat\u00b7e\u00b7s<\/h3>\n\n\n\n<p>Vous pouvez lire <a href=\"https:\/\/jugendfilmtage.ch\/wp-content\/uploads\/2024\/03\/Communique-de-presse_Festival-Cine-Jeuenesse-Suisse_Les-gagnant.es_.pdf\">ici<\/a> le communiqu\u00e9 de presse en format PDF.<\/p>\n\n\n\n<h3 class=\"wp-block-heading\">Communiqu\u00e9 de presse, 13 mars 2024:&nbsp;48e Festival Cin\u00e9 Jeunesse Suisse:&nbsp;Lift-off!&nbsp;<\/h3>\n\n\n\n<p>Vous pouvez lire <a href=\"https:\/\/jugendfilmtage.ch\/wp-content\/uploads\/2024\/03\/13.03.2024_Communique-de-presse_Festival-Cine-Jeunesse-Suisse_Ouverture.pdf\">ici<\/a> le communiqu\u00e9 de presse en format PDF.<\/p>\n\n\n\n<h3 class=\"wp-block-heading\">Communiqu\u00e9 de presse, f\u00e9vrier 2024:&nbsp;48e Festival Cin\u00e9 Jeunesse Suisse:&nbsp;voyage intergalactique<\/h3>\n\n\n\n<p>Vous pouvez lire <a href=\"https:\/\/jugendfilmtage.ch\/wp-content\/uploads\/2024\/02\/Festival-Cine-Jeunesse-Suisse_Communique-de-presse_-Fevrier-2024.pdf\">ici<\/a> le communiqu\u00e9 de presse en format PDF.<\/p>\n\n\n\n<h3 class=\"wp-block-heading\">Communiqu\u00e9 de presse, novembre 2023:&nbsp;48e Festival Cin\u00e9 Jeunesse Suisse: la Panth\u00e8re rencontre un&nbsp;public&nbsp;international.&nbsp;<\/h3>\n\n\n\n<p>Vous pouvez lire <a href=\"https:\/\/jugendfilmtage.ch\/wp-content\/uploads\/2023\/11\/Festival-Cine-Jeunesse-Suisse-_Communique-de-presse_-Novembre-2023_FR.pdf\">ici<\/a> le communiqu\u00e9 de presse en format PDF.<\/p>\n\n\n\n<h3 class=\"wp-block-heading\">Communiqu\u00e9 de presse, ao\u00fbt 2023:&nbsp;48e Festival Cin\u00e9 Jeunesse Suisse : le voyage vers la prochaine \u00e9dition a commenc\u00e9.<\/h3>\n\n\n\n<p>Vous pouvez lire <a href=\"https:\/\/jugendfilmtage.ch\/wp-content\/uploads\/2023\/08\/Communique-de-presse-1_aout_2023.pdf\">ici<\/a> le communiqu\u00e9 de presse en format PDF.<\/p>\n\n\n\n<p>&nbsp;<\/p>\n","protected":false},"excerpt":{"rendered":"<p>Communiqu\u00e9s de presse Ici, vous trouverez des textes \u00e0 des fins r\u00e9dactionnelles. Si vous avez besoin de mat\u00e9riel suppl\u00e9mentaire, veuillez vous adresser \u00e0 medien@jugendfilmtage.ch ou au +41 77 520 30 39. Communiqu\u00e9 de presse, 11 mars 2026: Le 50e Festival Cin\u00e9 Jeunesse Suisse et ouvert ! Vous pouvez lire\u00a0ici\u00a0le communiqu\u00e9 de presse en format PDF. [&hellip;]<\/p>\n","protected":false},"author":14,"featured_media":0,"parent":1623,"menu_order":0,"comment_status":"open","ping_status":"open","template":"","meta":{"_acf_changed":false,"footnotes":""},"class_list":["post-1628","page","type-page","status-publish","hentry"],"acf":[],"yoast_head":"<!-- This site is optimized with the Yoast SEO plugin v27.4 - https:\/\/yoast.com\/product\/yoast-seo-wordpress\/ -->\n<title>Communiqu\u00e9s de presse - FR Schweizer Jugendfilmtage<\/title>\n<meta name=\"description\" content=\"Communiqu\u00e9s de presse Ici, vous trouverez des textes \u00e0 des fins r\u00e9dactionnelles. Si vous avez besoin de mat\u00e9riel suppl\u00e9mentaire, veuillez vous adresser \u00e0\" \/>\n<meta name=\"robots\" content=\"index, follow, max-snippet:-1, max-image-preview:large, max-video-preview:-1\" \/>\n<link rel=\"canonical\" href=\"https:\/\/jugendfilmtage.ch\/fr\/medias\/communiques-de-presse\/\" \/>\n<meta property=\"og:locale\" content=\"fr_FR\" \/>\n<meta property=\"og:type\" content=\"article\" \/>\n<meta property=\"og:title\" content=\"Communiqu\u00e9s de presse - FR Schweizer Jugendfilmtage\" \/>\n<meta property=\"og:description\" content=\"Communiqu\u00e9s de presse Ici, vous trouverez des textes \u00e0 des fins r\u00e9dactionnelles. Si vous avez besoin de mat\u00e9riel suppl\u00e9mentaire, veuillez vous adresser \u00e0\" \/>\n<meta property=\"og:url\" content=\"https:\/\/jugendfilmtage.ch\/fr\/medias\/communiques-de-presse\/\" \/>\n<meta property=\"og:site_name\" content=\"FR Schweizer Jugendfilmtage\" \/>\n<meta property=\"article:publisher\" content=\"https:\/\/www.facebook.com\/Jugendfilmtage\" \/>\n<meta property=\"article:modified_time\" content=\"2026-03-12T13:48:45+00:00\" \/>\n<meta name=\"twitter:card\" content=\"summary_large_image\" \/>\n<meta name=\"twitter:site\" content=\"@jugendfilmtage\" \/>\n<meta name=\"twitter:label1\" content=\"Dur\u00e9e de lecture estim\u00e9e\" \/>\n\t<meta name=\"twitter:data1\" content=\"3 minutes\" \/>\n<script type=\"application\/ld+json\" class=\"yoast-schema-graph\">{\"@context\":\"https:\\\/\\\/schema.org\",\"@graph\":[{\"@type\":\"WebPage\",\"@id\":\"https:\\\/\\\/jugendfilmtage.ch\\\/fr\\\/medias\\\/communiques-de-presse\\\/\",\"url\":\"https:\\\/\\\/jugendfilmtage.ch\\\/fr\\\/medias\\\/communiques-de-presse\\\/\",\"name\":\"Communiqu\u00e9s de presse - FR Schweizer Jugendfilmtage\",\"isPartOf\":{\"@id\":\"https:\\\/\\\/jugendfilmtage.ch\\\/fr\\\/#website\"},\"datePublished\":\"2024-11-20T17:28:00+00:00\",\"dateModified\":\"2026-03-12T13:48:45+00:00\",\"description\":\"Communiqu\u00e9s de presse Ici, vous trouverez des textes \u00e0 des fins r\u00e9dactionnelles. Si vous avez besoin de mat\u00e9riel suppl\u00e9mentaire, veuillez vous adresser \u00e0\",\"breadcrumb\":{\"@id\":\"https:\\\/\\\/jugendfilmtage.ch\\\/fr\\\/medias\\\/communiques-de-presse\\\/#breadcrumb\"},\"inLanguage\":\"fr-FR\",\"potentialAction\":[{\"@type\":\"ReadAction\",\"target\":[\"https:\\\/\\\/jugendfilmtage.ch\\\/fr\\\/medias\\\/communiques-de-presse\\\/\"]}]},{\"@type\":\"BreadcrumbList\",\"@id\":\"https:\\\/\\\/jugendfilmtage.ch\\\/fr\\\/medias\\\/communiques-de-presse\\\/#breadcrumb\",\"itemListElement\":[{\"@type\":\"ListItem\",\"position\":1,\"name\":\"M\u00e9dias\",\"item\":\"https:\\\/\\\/jugendfilmtage.ch\\\/fr\\\/medias\\\/\"},{\"@type\":\"ListItem\",\"position\":2,\"name\":\"Communiqu\u00e9s de presse\"}]},{\"@type\":\"WebSite\",\"@id\":\"https:\\\/\\\/jugendfilmtage.ch\\\/fr\\\/#website\",\"url\":\"https:\\\/\\\/jugendfilmtage.ch\\\/fr\\\/\",\"name\":\"FR Schweizer Jugendfilmtage\",\"description\":\"FR Festival Cin\u00e9 Jeunesse Suisse\",\"potentialAction\":[{\"@type\":\"SearchAction\",\"target\":{\"@type\":\"EntryPoint\",\"urlTemplate\":\"https:\\\/\\\/jugendfilmtage.ch\\\/fr\\\/?s={search_term_string}\"},\"query-input\":{\"@type\":\"PropertyValueSpecification\",\"valueRequired\":true,\"valueName\":\"search_term_string\"}}],\"inLanguage\":\"fr-FR\"}]}<\/script>\n<!-- \/ Yoast SEO plugin. -->","yoast_head_json":{"title":"Communiqu\u00e9s de presse - FR Schweizer Jugendfilmtage","description":"Communiqu\u00e9s de presse Ici, vous trouverez des textes \u00e0 des fins r\u00e9dactionnelles. Si vous avez besoin de mat\u00e9riel suppl\u00e9mentaire, veuillez vous adresser \u00e0","robots":{"index":"index","follow":"follow","max-snippet":"max-snippet:-1","max-image-preview":"max-image-preview:large","max-video-preview":"max-video-preview:-1"},"canonical":"https:\/\/jugendfilmtage.ch\/fr\/medias\/communiques-de-presse\/","og_locale":"fr_FR","og_type":"article","og_title":"Communiqu\u00e9s de presse - FR Schweizer Jugendfilmtage","og_description":"Communiqu\u00e9s de presse Ici, vous trouverez des textes \u00e0 des fins r\u00e9dactionnelles. Si vous avez besoin de mat\u00e9riel suppl\u00e9mentaire, veuillez vous adresser \u00e0","og_url":"https:\/\/jugendfilmtage.ch\/fr\/medias\/communiques-de-presse\/","og_site_name":"FR Schweizer Jugendfilmtage","article_publisher":"https:\/\/www.facebook.com\/Jugendfilmtage","article_modified_time":"2026-03-12T13:48:45+00:00","twitter_card":"summary_large_image","twitter_site":"@jugendfilmtage","twitter_misc":{"Dur\u00e9e de lecture estim\u00e9e":"3 minutes"},"schema":{"@context":"https:\/\/schema.org","@graph":[{"@type":"WebPage","@id":"https:\/\/jugendfilmtage.ch\/fr\/medias\/communiques-de-presse\/","url":"https:\/\/jugendfilmtage.ch\/fr\/medias\/communiques-de-presse\/","name":"Communiqu\u00e9s de presse - FR Schweizer Jugendfilmtage","isPartOf":{"@id":"https:\/\/jugendfilmtage.ch\/fr\/#website"},"datePublished":"2024-11-20T17:28:00+00:00","dateModified":"2026-03-12T13:48:45+00:00","description":"Communiqu\u00e9s de presse Ici, vous trouverez des textes \u00e0 des fins r\u00e9dactionnelles. Si vous avez besoin de mat\u00e9riel suppl\u00e9mentaire, veuillez vous adresser \u00e0","breadcrumb":{"@id":"https:\/\/jugendfilmtage.ch\/fr\/medias\/communiques-de-presse\/#breadcrumb"},"inLanguage":"fr-FR","potentialAction":[{"@type":"ReadAction","target":["https:\/\/jugendfilmtage.ch\/fr\/medias\/communiques-de-presse\/"]}]},{"@type":"BreadcrumbList","@id":"https:\/\/jugendfilmtage.ch\/fr\/medias\/communiques-de-presse\/#breadcrumb","itemListElement":[{"@type":"ListItem","position":1,"name":"M\u00e9dias","item":"https:\/\/jugendfilmtage.ch\/fr\/medias\/"},{"@type":"ListItem","position":2,"name":"Communiqu\u00e9s de presse"}]},{"@type":"WebSite","@id":"https:\/\/jugendfilmtage.ch\/fr\/#website","url":"https:\/\/jugendfilmtage.ch\/fr\/","name":"FR Schweizer Jugendfilmtage","description":"FR Festival Cin\u00e9 Jeunesse Suisse","potentialAction":[{"@type":"SearchAction","target":{"@type":"EntryPoint","urlTemplate":"https:\/\/jugendfilmtage.ch\/fr\/?s={search_term_string}"},"query-input":{"@type":"PropertyValueSpecification","valueRequired":true,"valueName":"search_term_string"}}],"inLanguage":"fr-FR"}]}},"_links":{"self":[{"href":"https:\/\/jugendfilmtage.ch\/fr\/wp-json\/wp\/v2\/pages\/1628","targetHints":{"allow":["GET"]}}],"collection":[{"href":"https:\/\/jugendfilmtage.ch\/fr\/wp-json\/wp\/v2\/pages"}],"about":[{"href":"https:\/\/jugendfilmtage.ch\/fr\/wp-json\/wp\/v2\/types\/page"}],"author":[{"embeddable":true,"href":"https:\/\/jugendfilmtage.ch\/fr\/wp-json\/wp\/v2\/users\/14"}],"replies":[{"embeddable":true,"href":"https:\/\/jugendfilmtage.ch\/fr\/wp-json\/wp\/v2\/comments?post=1628"}],"version-history":[{"count":72,"href":"https:\/\/jugendfilmtage.ch\/fr\/wp-json\/wp\/v2\/pages\/1628\/revisions"}],"predecessor-version":[{"id":74829,"href":"https:\/\/jugendfilmtage.ch\/fr\/wp-json\/wp\/v2\/pages\/1628\/revisions\/74829"}],"up":[{"embeddable":true,"href":"https:\/\/jugendfilmtage.ch\/fr\/wp-json\/wp\/v2\/pages\/1623"}],"wp:attachment":[{"href":"https:\/\/jugendfilmtage.ch\/fr\/wp-json\/wp\/v2\/media?parent=1628"}],"curies":[{"name":"wp","href":"https:\/\/api.w.org\/{rel}","templated":true}]}}