{"id":1623,"date":"2014-03-06T18:30:21","date_gmt":"2014-03-06T18:30:21","guid":{"rendered":"https:\/\/2024.jugendfilmtage.ch\/?page_id=1623"},"modified":"2025-12-03T11:10:12","modified_gmt":"2025-12-03T10:10:12","slug":"medias","status":"publish","type":"page","link":"https:\/\/jugendfilmtage.ch\/fr\/medias\/","title":{"rendered":"M\u00e9dias"},"content":{"rendered":"\n<figure class=\"wp-block-image size-full\"><img decoding=\"async\" src=\"https:\/\/jugendfilmtage.ch\/wp-content\/uploads\/2024\/11\/N56A1096_Eroeffnung_JK-scaled.jpg\" alt=\"RAdio TNG Festival Cin\u00e9 Jeunesse.\" class=\"wp-image-27959\"\/><\/figure>\n\n\n\n<h1 class=\"wp-block-heading\">M\u00e9dias<\/h1>\n\n\n\n<p>Merci de votre int\u00e9r\u00eat pour le Festival Cin\u00e9 Jeunesse.<br>Si vous souhaitez faire un reportage sur le Festival Cin\u00e9 Jeunesse, contactez-nous par e-mail. Nous nous r\u00e9jouissons de recevoir votre message !<\/p>\n\n\n\n<h3 class=\"wp-block-heading\">Contact m\u00e9dias<\/h3>\n\n\n\n<p>Jo Bahdo &amp; Melinda M\u00fcller<\/p>\n\n\n\n<p>+41 (0)77 520 30 39<\/p>\n\n\n\n<p><a href=\"mailto:medien@jugendfilmtage.ch\">medien@jugendfilmtage.ch<\/a><\/p>\n\n\n\n<h3 class=\"wp-block-heading\">Mat\u00e9riel<\/h3>\n\n\n\n<p><a href=\"https:\/\/jugendfilmtage.ch\/wp-content\/uploads\/2025\/10\/Schweizer-Jugendfilmtage-visual.png\">Visual 50e SJFT<\/a><\/p>\n\n\n\n<p><a href=\"https:\/\/jugendfilmtage.ch\/fr\/medias\/medienmitteilungen\/\">Textes pour les m\u00e9dias<\/a><\/p>\n\n\n\n<p>Plus d&rsquo;<a href=\"https:\/\/jugendfilmtage.ch\/fr\/medias\/bilder\/\">Images<\/a><\/p>\n\n\n\n<p><\/p>\n","protected":false},"excerpt":{"rendered":"<p>M\u00e9dias Merci de votre int\u00e9r\u00eat pour le Festival Cin\u00e9 Jeunesse.Si vous souhaitez faire un reportage sur le Festival Cin\u00e9 Jeunesse, contactez-nous par e-mail. Nous nous r\u00e9jouissons de recevoir votre message ! Contact m\u00e9dias Jo Bahdo &amp; Melinda M\u00fcller +41 (0)77 520 30 39 medien@jugendfilmtage.ch Mat\u00e9riel Visual 50e SJFT Textes pour les m\u00e9dias Plus d&rsquo;Images<\/p>\n","protected":false},"author":2,"featured_media":0,"parent":0,"menu_order":14,"comment_status":"open","ping_status":"open","template":"","meta":{"_acf_changed":false,"footnotes":""},"class_list":["post-1623","page","type-page","status-publish","hentry"],"acf":[],"yoast_head":"<!-- This site is optimized with the Yoast SEO plugin v27.4 - https:\/\/yoast.com\/product\/yoast-seo-wordpress\/ -->\n<title>M\u00e9dias - FR Schweizer Jugendfilmtage<\/title>\n<meta name=\"description\" content=\"Merci de votre int\u00e9r\u00eat pour le Festival Cin\u00e9 Jeunesse.Si vous souhaitez faire un reportage sur le Festival Cin\u00e9 Jeunesse, contactez-nous par e-mail. Nous nous r\u00e9jouissons de recevoir votre message !\" \/>\n<meta name=\"robots\" content=\"index, follow, max-snippet:-1, max-image-preview:large, max-video-preview:-1\" \/>\n<link rel=\"canonical\" href=\"https:\/\/jugendfilmtage.ch\/fr\/medias\/\" \/>\n<meta property=\"og:locale\" content=\"fr_FR\" \/>\n<meta property=\"og:type\" content=\"article\" \/>\n<meta property=\"og:title\" content=\"M\u00e9dias - FR Schweizer Jugendfilmtage\" \/>\n<meta property=\"og:description\" content=\"Merci de votre int\u00e9r\u00eat pour le Festival Cin\u00e9 Jeunesse.Si vous souhaitez faire un reportage sur le Festival Cin\u00e9 Jeunesse, contactez-nous par e-mail. Nous nous r\u00e9jouissons de recevoir votre message !\" \/>\n<meta property=\"og:url\" content=\"https:\/\/jugendfilmtage.ch\/fr\/medias\/\" \/>\n<meta property=\"og:site_name\" content=\"FR Schweizer Jugendfilmtage\" \/>\n<meta property=\"article:publisher\" content=\"https:\/\/www.facebook.com\/Jugendfilmtage\" \/>\n<meta property=\"article:modified_time\" content=\"2025-12-03T10:10:12+00:00\" \/>\n<meta name=\"twitter:card\" content=\"summary_large_image\" \/>\n<meta name=\"twitter:site\" content=\"@jugendfilmtage\" \/>\n<meta name=\"twitter:label1\" content=\"Dur\u00e9e de lecture estim\u00e9e\" \/>\n\t<meta name=\"twitter:data1\" content=\"1 minute\" \/>\n<script type=\"application\/ld+json\" class=\"yoast-schema-graph\">{\"@context\":\"https:\\\/\\\/schema.org\",\"@graph\":[{\"@type\":\"WebPage\",\"@id\":\"https:\\\/\\\/jugendfilmtage.ch\\\/fr\\\/medias\\\/\",\"url\":\"https:\\\/\\\/jugendfilmtage.ch\\\/fr\\\/medias\\\/\",\"name\":\"M\u00e9dias - FR Schweizer Jugendfilmtage\",\"isPartOf\":{\"@id\":\"https:\\\/\\\/jugendfilmtage.ch\\\/fr\\\/#website\"},\"primaryImageOfPage\":{\"@id\":\"https:\\\/\\\/jugendfilmtage.ch\\\/fr\\\/medias\\\/#primaryimage\"},\"image\":{\"@id\":\"https:\\\/\\\/jugendfilmtage.ch\\\/fr\\\/medias\\\/#primaryimage\"},\"thumbnailUrl\":\"https:\\\/\\\/jugendfilmtage.ch\\\/wp-content\\\/uploads\\\/2024\\\/11\\\/N56A1096_Eroeffnung_JK-scaled.jpg\",\"datePublished\":\"2014-03-06T18:30:21+00:00\",\"dateModified\":\"2025-12-03T10:10:12+00:00\",\"description\":\"Merci de votre int\u00e9r\u00eat pour le Festival Cin\u00e9 Jeunesse.Si vous souhaitez faire un reportage sur le Festival Cin\u00e9 Jeunesse, contactez-nous par e-mail. Nous nous r\u00e9jouissons de recevoir votre message !\",\"inLanguage\":\"fr-FR\",\"potentialAction\":[{\"@type\":\"ReadAction\",\"target\":[\"https:\\\/\\\/jugendfilmtage.ch\\\/fr\\\/medias\\\/\"]}]},{\"@type\":\"ImageObject\",\"inLanguage\":\"fr-FR\",\"@id\":\"https:\\\/\\\/jugendfilmtage.ch\\\/fr\\\/medias\\\/#primaryimage\",\"url\":\"https:\\\/\\\/jugendfilmtage.ch\\\/wp-content\\\/uploads\\\/2024\\\/11\\\/N56A1096_Eroeffnung_JK-scaled.jpg\",\"contentUrl\":\"https:\\\/\\\/jugendfilmtage.ch\\\/wp-content\\\/uploads\\\/2024\\\/11\\\/N56A1096_Eroeffnung_JK-scaled.jpg\"},{\"@type\":\"WebSite\",\"@id\":\"https:\\\/\\\/jugendfilmtage.ch\\\/fr\\\/#website\",\"url\":\"https:\\\/\\\/jugendfilmtage.ch\\\/fr\\\/\",\"name\":\"FR Schweizer Jugendfilmtage\",\"description\":\"FR Festival Cin\u00e9 Jeunesse Suisse\",\"potentialAction\":[{\"@type\":\"SearchAction\",\"target\":{\"@type\":\"EntryPoint\",\"urlTemplate\":\"https:\\\/\\\/jugendfilmtage.ch\\\/fr\\\/?s={search_term_string}\"},\"query-input\":{\"@type\":\"PropertyValueSpecification\",\"valueRequired\":true,\"valueName\":\"search_term_string\"}}],\"inLanguage\":\"fr-FR\"}]}<\/script>\n<!-- \/ Yoast SEO plugin. -->","yoast_head_json":{"title":"M\u00e9dias - FR Schweizer Jugendfilmtage","description":"Merci de votre int\u00e9r\u00eat pour le Festival Cin\u00e9 Jeunesse.Si vous souhaitez faire un reportage sur le Festival Cin\u00e9 Jeunesse, contactez-nous par e-mail. Nous nous r\u00e9jouissons de recevoir votre message !","robots":{"index":"index","follow":"follow","max-snippet":"max-snippet:-1","max-image-preview":"max-image-preview:large","max-video-preview":"max-video-preview:-1"},"canonical":"https:\/\/jugendfilmtage.ch\/fr\/medias\/","og_locale":"fr_FR","og_type":"article","og_title":"M\u00e9dias - FR Schweizer Jugendfilmtage","og_description":"Merci de votre int\u00e9r\u00eat pour le Festival Cin\u00e9 Jeunesse.Si vous souhaitez faire un reportage sur le Festival Cin\u00e9 Jeunesse, contactez-nous par e-mail. Nous nous r\u00e9jouissons de recevoir votre message !","og_url":"https:\/\/jugendfilmtage.ch\/fr\/medias\/","og_site_name":"FR Schweizer Jugendfilmtage","article_publisher":"https:\/\/www.facebook.com\/Jugendfilmtage","article_modified_time":"2025-12-03T10:10:12+00:00","twitter_card":"summary_large_image","twitter_site":"@jugendfilmtage","twitter_misc":{"Dur\u00e9e de lecture estim\u00e9e":"1 minute"},"schema":{"@context":"https:\/\/schema.org","@graph":[{"@type":"WebPage","@id":"https:\/\/jugendfilmtage.ch\/fr\/medias\/","url":"https:\/\/jugendfilmtage.ch\/fr\/medias\/","name":"M\u00e9dias - FR Schweizer Jugendfilmtage","isPartOf":{"@id":"https:\/\/jugendfilmtage.ch\/fr\/#website"},"primaryImageOfPage":{"@id":"https:\/\/jugendfilmtage.ch\/fr\/medias\/#primaryimage"},"image":{"@id":"https:\/\/jugendfilmtage.ch\/fr\/medias\/#primaryimage"},"thumbnailUrl":"https:\/\/jugendfilmtage.ch\/wp-content\/uploads\/2024\/11\/N56A1096_Eroeffnung_JK-scaled.jpg","datePublished":"2014-03-06T18:30:21+00:00","dateModified":"2025-12-03T10:10:12+00:00","description":"Merci de votre int\u00e9r\u00eat pour le Festival Cin\u00e9 Jeunesse.Si vous souhaitez faire un reportage sur le Festival Cin\u00e9 Jeunesse, contactez-nous par e-mail. Nous nous r\u00e9jouissons de recevoir votre message !","inLanguage":"fr-FR","potentialAction":[{"@type":"ReadAction","target":["https:\/\/jugendfilmtage.ch\/fr\/medias\/"]}]},{"@type":"ImageObject","inLanguage":"fr-FR","@id":"https:\/\/jugendfilmtage.ch\/fr\/medias\/#primaryimage","url":"https:\/\/jugendfilmtage.ch\/wp-content\/uploads\/2024\/11\/N56A1096_Eroeffnung_JK-scaled.jpg","contentUrl":"https:\/\/jugendfilmtage.ch\/wp-content\/uploads\/2024\/11\/N56A1096_Eroeffnung_JK-scaled.jpg"},{"@type":"WebSite","@id":"https:\/\/jugendfilmtage.ch\/fr\/#website","url":"https:\/\/jugendfilmtage.ch\/fr\/","name":"FR Schweizer Jugendfilmtage","description":"FR Festival Cin\u00e9 Jeunesse Suisse","potentialAction":[{"@type":"SearchAction","target":{"@type":"EntryPoint","urlTemplate":"https:\/\/jugendfilmtage.ch\/fr\/?s={search_term_string}"},"query-input":{"@type":"PropertyValueSpecification","valueRequired":true,"valueName":"search_term_string"}}],"inLanguage":"fr-FR"}]}},"_links":{"self":[{"href":"https:\/\/jugendfilmtage.ch\/fr\/wp-json\/wp\/v2\/pages\/1623","targetHints":{"allow":["GET"]}}],"collection":[{"href":"https:\/\/jugendfilmtage.ch\/fr\/wp-json\/wp\/v2\/pages"}],"about":[{"href":"https:\/\/jugendfilmtage.ch\/fr\/wp-json\/wp\/v2\/types\/page"}],"author":[{"embeddable":true,"href":"https:\/\/jugendfilmtage.ch\/fr\/wp-json\/wp\/v2\/users\/2"}],"replies":[{"embeddable":true,"href":"https:\/\/jugendfilmtage.ch\/fr\/wp-json\/wp\/v2\/comments?post=1623"}],"version-history":[{"count":19,"href":"https:\/\/jugendfilmtage.ch\/fr\/wp-json\/wp\/v2\/pages\/1623\/revisions"}],"predecessor-version":[{"id":53337,"href":"https:\/\/jugendfilmtage.ch\/fr\/wp-json\/wp\/v2\/pages\/1623\/revisions\/53337"}],"wp:attachment":[{"href":"https:\/\/jugendfilmtage.ch\/fr\/wp-json\/wp\/v2\/media?parent=1623"}],"curies":[{"name":"wp","href":"https:\/\/api.w.org\/{rel}","templated":true}]}}