{"id":1589,"date":"2014-02-06T19:30:06","date_gmt":"2014-02-06T19:30:02","guid":{"rendered":"https:\/\/2024.jugendfilmtage.ch\/?page_id=1589"},"modified":"2024-11-15T15:55:14","modified_gmt":"2024-11-15T14:55:14","slug":"jury-moderation","status":"publish","type":"page","link":"https:\/\/jugendfilmtage.ch\/fr\/archives\/festival-2014\/jury-moderation\/","title":{"rendered":"Jury &amp; Moderation 2014"},"content":{"rendered":"\n<h1 class=\"wp-block-heading\">Jury &amp; Moderation 2014<\/h1>\n\n\n<div class=\"row-fluid\">\n<div class=\"rhcol span4\"><img loading=\"lazy\" decoding=\"async\" class=\"alignnone  wp-image-1874\" src=\"https:\/\/jugendfilmtage.ch\/wp-content\/uploads\/2014\/02\/Carlos-by-Tobias-Stahel-2-880x495.jpg\" alt=\"CARLOS-LEAL_BY_TOBIAS-STAHEL_CONTCEPT\" width=\"880\" height=\"495\" srcset=\"https:\/\/jugendfilmtage.ch\/wp-content\/uploads\/2014\/02\/Carlos-by-Tobias-Stahel-2-880x495.jpg 880w, https:\/\/jugendfilmtage.ch\/wp-content\/uploads\/2014\/02\/Carlos-by-Tobias-Stahel-2-300x169.jpg 300w\" sizes=\"auto, (max-width: 880px) 100vw, 880px\" \/><\/div>\n<div class=\"rhcol span8\"><strong>Carlos Leal<br \/>\n<\/strong>Schauspieler (Der Bestatter, Casino Royale, Sennentuntschi)<\/div>\n<\/div>\n<div class=\"row-fluid\">\n<div class=\"rhcol span4\"><img loading=\"lazy\" decoding=\"async\" class=\"alignnone  wp-image-1871\" src=\"https:\/\/jugendfilmtage.ch\/wp-content\/uploads\/2014\/02\/c89c3f2c1beb99a48d5eb4658b8f2eb04af1ae2c2.jpg2.jpg\" alt=\"Frank Braun\" width=\"880\" height=\"496\" srcset=\"https:\/\/jugendfilmtage.ch\/wp-content\/uploads\/2014\/02\/c89c3f2c1beb99a48d5eb4658b8f2eb04af1ae2c2.jpg2.jpg 880w, https:\/\/jugendfilmtage.ch\/wp-content\/uploads\/2014\/02\/c89c3f2c1beb99a48d5eb4658b8f2eb04af1ae2c2.jpg2-300x169.jpg 300w\" sizes=\"auto, (max-width: 880px) 100vw, 880px\" \/><\/div>\n<div class=\"rhcol span8\"><strong>Frank Braun<\/strong><br \/>\nGesch\u00e4ftsf\u00fchrung und Programmation Kino RiffRaff (ZH) und Kino Bourbaki (LU), Mitinitiant von Fantoche<\/div>\n<\/div>\n<div class=\"row-fluid\">\n<div class=\"rhcol span4\"><img loading=\"lazy\" decoding=\"async\" class=\"alignnone  wp-image-1866\" src=\"https:\/\/jugendfilmtage.ch\/wp-content\/uploads\/2014\/02\/Bildschirmfoto-2014-02-13-um-11.01.10.png\" alt=\"Patrick Meury\" width=\"880\" height=\"494\" srcset=\"https:\/\/jugendfilmtage.ch\/wp-content\/uploads\/2014\/02\/Bildschirmfoto-2014-02-13-um-11.01.10.png 880w, https:\/\/jugendfilmtage.ch\/wp-content\/uploads\/2014\/02\/Bildschirmfoto-2014-02-13-um-11.01.10-300x168.png 300w\" sizes=\"auto, (max-width: 880px) 100vw, 880px\" \/><\/div>\n<div class=\"rhcol span8\"><strong>Patrick Meury<\/strong><br \/>\nRegisseur und Gewinner 2. Platz der letztj\u00e4hrigen Kategorie E mit Krieger<\/div>\n<\/div>\n<div class=\"row-fluid\">\n<div class=\"rhcol span4\"><img loading=\"lazy\" decoding=\"async\" class=\"alignnone  wp-image-1861\" src=\"https:\/\/jugendfilmtage.ch\/wp-content\/uploads\/2014\/02\/simon_web-1-21.jpg\" alt=\"Simon Baumann\" width=\"880\" height=\"494\" srcset=\"https:\/\/jugendfilmtage.ch\/wp-content\/uploads\/2014\/02\/simon_web-1-21.jpg 880w, https:\/\/jugendfilmtage.ch\/wp-content\/uploads\/2014\/02\/simon_web-1-21-300x168.jpg 300w\" sizes=\"auto, (max-width: 880px) 100vw, 880px\" \/><\/div>\n<div class=\"rhcol span8\"><strong>Simon Baumann<\/strong><br \/>\nFreischaffender Filmemacher (Zum Beispiel Suberg, Imageproblem)<\/div>\n<\/div>\n<div class=\"row-fluid\">\n<div class=\"rhcol span4\"><img loading=\"lazy\" decoding=\"async\" class=\"alignnone  wp-image-1867\" src=\"https:\/\/jugendfilmtage.ch\/wp-content\/uploads\/2014\/02\/susann_ruedlinger.jpg\" alt=\"Susann R\u00fcdlinger\" width=\"880\" height=\"493\" srcset=\"https:\/\/jugendfilmtage.ch\/wp-content\/uploads\/2014\/02\/susann_ruedlinger.jpg 880w, https:\/\/jugendfilmtage.ch\/wp-content\/uploads\/2014\/02\/susann_ruedlinger-300x168.jpg 300w\" sizes=\"auto, (max-width: 880px) 100vw, 880px\" \/><\/div>\n<div class=\"rhcol span8\"><strong>Susann R\u00fcdlinger<\/strong><br \/>\nProduzentin cobrafilm (Rosie, Das Fr\u00e4ulein, Snow White)<\/div>\n<\/div>\n<h2>Moderation<\/h2>\n<div class=\"row-fluid\">\n<div class=\"rhcol span4\"><img loading=\"lazy\" decoding=\"async\" class=\"alignnone  wp-image-1868\" src=\"https:\/\/jugendfilmtage.ch\/wp-content\/uploads\/2014\/02\/Florence_Ausschnitt1-880x495.jpg\" alt=\"Florence_Ausschnitt\" width=\"880\" height=\"495\" srcset=\"https:\/\/jugendfilmtage.ch\/wp-content\/uploads\/2014\/02\/Florence_Ausschnitt1-880x495.jpg 880w, https:\/\/jugendfilmtage.ch\/wp-content\/uploads\/2014\/02\/Florence_Ausschnitt1-300x169.jpg 300w\" sizes=\"auto, (max-width: 880px) 100vw, 880px\" \/><\/div>\n<div class=\"rhcol span8\"><strong>Florence Fischer<\/strong><br \/>\nJournalistin und Moderatorin, Radio SRF Virus<\/div>\n<\/div>\n<p>&nbsp;<\/p>","protected":false},"excerpt":{"rendered":"<p>Jury &amp; Moderation 2014 Carlos Leal Schauspieler (Der Bestatter, Casino Royale, Sennentuntschi) Frank Braun Gesch\u00e4ftsf\u00fchrung und Programmation Kino RiffRaff (ZH) und Kino Bourbaki (LU), Mitinitiant von Fantoche Patrick Meury Regisseur und Gewinner 2. Platz der letztj\u00e4hrigen Kategorie E mit Krieger Simon Baumann Freischaffender Filmemacher (Zum Beispiel Suberg, Imageproblem) Susann R\u00fcdlinger Produzentin cobrafilm (Rosie, Das Fr\u00e4ulein, [&hellip;]<\/p>\n","protected":false},"author":14,"featured_media":0,"parent":1634,"menu_order":0,"comment_status":"closed","ping_status":"closed","template":"","meta":{"_acf_changed":false,"footnotes":""},"class_list":["post-1589","page","type-page","status-publish","hentry"],"acf":[],"yoast_head":"<!-- This site is optimized with the Yoast SEO plugin v27.4 - https:\/\/yoast.com\/product\/yoast-seo-wordpress\/ -->\n<title>Jury &amp; Moderation 2014 - FR Schweizer Jugendfilmtage<\/title>\n<meta name=\"description\" content=\"Jury &amp; Moderation 2014 Carlos Leal Schauspieler (Der Bestatter, Casino Royale, Sennentuntschi) Frank Braun Gesch\u00e4ftsf\u00fchrung und Programmation Kino\" \/>\n<meta name=\"robots\" content=\"index, follow, max-snippet:-1, max-image-preview:large, max-video-preview:-1\" \/>\n<link rel=\"canonical\" href=\"https:\/\/jugendfilmtage.ch\/fr\/archives\/festival-2014\/jury-moderation\/\" \/>\n<meta property=\"og:locale\" content=\"fr_FR\" \/>\n<meta property=\"og:type\" content=\"article\" \/>\n<meta property=\"og:title\" content=\"Jury &amp; Moderation 2014 - FR Schweizer Jugendfilmtage\" \/>\n<meta property=\"og:description\" content=\"Jury &amp; Moderation 2014 Carlos Leal Schauspieler (Der Bestatter, Casino Royale, Sennentuntschi) Frank Braun Gesch\u00e4ftsf\u00fchrung und Programmation Kino\" \/>\n<meta property=\"og:url\" content=\"https:\/\/jugendfilmtage.ch\/fr\/archives\/festival-2014\/jury-moderation\/\" \/>\n<meta property=\"og:site_name\" content=\"FR Schweizer Jugendfilmtage\" \/>\n<meta property=\"article:publisher\" content=\"https:\/\/www.facebook.com\/Jugendfilmtage\" \/>\n<meta property=\"article:modified_time\" content=\"2024-11-15T14:55:14+00:00\" \/>\n<meta property=\"og:image\" content=\"https:\/\/jugendfilmtage.ch\/wp-content\/uploads\/2014\/02\/Carlos-by-Tobias-Stahel-2.jpg\" \/>\n\t<meta property=\"og:image:width\" content=\"4256\" \/>\n\t<meta property=\"og:image:height\" content=\"2394\" \/>\n\t<meta property=\"og:image:type\" content=\"image\/jpeg\" \/>\n<meta name=\"twitter:card\" content=\"summary_large_image\" \/>\n<meta name=\"twitter:site\" content=\"@jugendfilmtage\" \/>\n<meta name=\"twitter:label1\" content=\"Dur\u00e9e de lecture estim\u00e9e\" \/>\n\t<meta name=\"twitter:data1\" content=\"2 minutes\" \/>\n<script type=\"application\/ld+json\" class=\"yoast-schema-graph\">{\"@context\":\"https:\\\/\\\/schema.org\",\"@graph\":[{\"@type\":\"WebPage\",\"@id\":\"https:\\\/\\\/jugendfilmtage.ch\\\/fr\\\/archives\\\/festival-2014\\\/jury-moderation\\\/\",\"url\":\"https:\\\/\\\/jugendfilmtage.ch\\\/fr\\\/archives\\\/festival-2014\\\/jury-moderation\\\/\",\"name\":\"Jury &amp; Moderation 2014 - FR Schweizer Jugendfilmtage\",\"isPartOf\":{\"@id\":\"https:\\\/\\\/jugendfilmtage.ch\\\/fr\\\/#website\"},\"primaryImageOfPage\":{\"@id\":\"https:\\\/\\\/jugendfilmtage.ch\\\/fr\\\/archives\\\/festival-2014\\\/jury-moderation\\\/#primaryimage\"},\"image\":{\"@id\":\"https:\\\/\\\/jugendfilmtage.ch\\\/fr\\\/archives\\\/festival-2014\\\/jury-moderation\\\/#primaryimage\"},\"thumbnailUrl\":\"https:\\\/\\\/jugendfilmtage.ch\\\/wp-content\\\/uploads\\\/2014\\\/02\\\/Carlos-by-Tobias-Stahel-2-880x495.jpg\",\"datePublished\":\"2014-02-06T19:30:02+00:00\",\"dateModified\":\"2024-11-15T14:55:14+00:00\",\"description\":\"Jury &amp; Moderation 2014 Carlos Leal Schauspieler (Der Bestatter, Casino Royale, Sennentuntschi) Frank Braun Gesch\u00e4ftsf\u00fchrung und Programmation Kino\",\"breadcrumb\":{\"@id\":\"https:\\\/\\\/jugendfilmtage.ch\\\/fr\\\/archives\\\/festival-2014\\\/jury-moderation\\\/#breadcrumb\"},\"inLanguage\":\"fr-FR\",\"potentialAction\":[{\"@type\":\"ReadAction\",\"target\":[\"https:\\\/\\\/jugendfilmtage.ch\\\/fr\\\/archives\\\/festival-2014\\\/jury-moderation\\\/\"]}]},{\"@type\":\"ImageObject\",\"inLanguage\":\"fr-FR\",\"@id\":\"https:\\\/\\\/jugendfilmtage.ch\\\/fr\\\/archives\\\/festival-2014\\\/jury-moderation\\\/#primaryimage\",\"url\":\"https:\\\/\\\/jugendfilmtage.ch\\\/wp-content\\\/uploads\\\/2014\\\/02\\\/Carlos-by-Tobias-Stahel-2-880x495.jpg\",\"contentUrl\":\"https:\\\/\\\/jugendfilmtage.ch\\\/wp-content\\\/uploads\\\/2014\\\/02\\\/Carlos-by-Tobias-Stahel-2-880x495.jpg\"},{\"@type\":\"BreadcrumbList\",\"@id\":\"https:\\\/\\\/jugendfilmtage.ch\\\/fr\\\/archives\\\/festival-2014\\\/jury-moderation\\\/#breadcrumb\",\"itemListElement\":[{\"@type\":\"ListItem\",\"position\":1,\"name\":\"Archive\",\"item\":\"https:\\\/\\\/jugendfilmtage.ch\\\/fr\\\/archives\\\/\"},{\"@type\":\"ListItem\",\"position\":2,\"name\":\"Festival 2014\",\"item\":\"https:\\\/\\\/jugendfilmtage.ch\\\/fr\\\/archives\\\/festival-2014\\\/\"},{\"@type\":\"ListItem\",\"position\":3,\"name\":\"Jury &amp; Moderation 2014\"}]},{\"@type\":\"WebSite\",\"@id\":\"https:\\\/\\\/jugendfilmtage.ch\\\/fr\\\/#website\",\"url\":\"https:\\\/\\\/jugendfilmtage.ch\\\/fr\\\/\",\"name\":\"FR Schweizer Jugendfilmtage\",\"description\":\"FR Festival Cin\u00e9 Jeunesse Suisse\",\"potentialAction\":[{\"@type\":\"SearchAction\",\"target\":{\"@type\":\"EntryPoint\",\"urlTemplate\":\"https:\\\/\\\/jugendfilmtage.ch\\\/fr\\\/?s={search_term_string}\"},\"query-input\":{\"@type\":\"PropertyValueSpecification\",\"valueRequired\":true,\"valueName\":\"search_term_string\"}}],\"inLanguage\":\"fr-FR\"}]}<\/script>\n<!-- \/ Yoast SEO plugin. -->","yoast_head_json":{"title":"Jury &amp; Moderation 2014 - FR Schweizer Jugendfilmtage","description":"Jury &amp; Moderation 2014 Carlos Leal Schauspieler (Der Bestatter, Casino Royale, Sennentuntschi) Frank Braun Gesch\u00e4ftsf\u00fchrung und Programmation Kino","robots":{"index":"index","follow":"follow","max-snippet":"max-snippet:-1","max-image-preview":"max-image-preview:large","max-video-preview":"max-video-preview:-1"},"canonical":"https:\/\/jugendfilmtage.ch\/fr\/archives\/festival-2014\/jury-moderation\/","og_locale":"fr_FR","og_type":"article","og_title":"Jury &amp; Moderation 2014 - FR Schweizer Jugendfilmtage","og_description":"Jury &amp; Moderation 2014 Carlos Leal Schauspieler (Der Bestatter, Casino Royale, Sennentuntschi) Frank Braun Gesch\u00e4ftsf\u00fchrung und Programmation Kino","og_url":"https:\/\/jugendfilmtage.ch\/fr\/archives\/festival-2014\/jury-moderation\/","og_site_name":"FR Schweizer Jugendfilmtage","article_publisher":"https:\/\/www.facebook.com\/Jugendfilmtage","article_modified_time":"2024-11-15T14:55:14+00:00","og_image":[{"width":4256,"height":2394,"url":"https:\/\/jugendfilmtage.ch\/wp-content\/uploads\/2014\/02\/Carlos-by-Tobias-Stahel-2.jpg","type":"image\/jpeg"}],"twitter_card":"summary_large_image","twitter_site":"@jugendfilmtage","twitter_misc":{"Dur\u00e9e de lecture estim\u00e9e":"2 minutes"},"schema":{"@context":"https:\/\/schema.org","@graph":[{"@type":"WebPage","@id":"https:\/\/jugendfilmtage.ch\/fr\/archives\/festival-2014\/jury-moderation\/","url":"https:\/\/jugendfilmtage.ch\/fr\/archives\/festival-2014\/jury-moderation\/","name":"Jury &amp; Moderation 2014 - FR Schweizer Jugendfilmtage","isPartOf":{"@id":"https:\/\/jugendfilmtage.ch\/fr\/#website"},"primaryImageOfPage":{"@id":"https:\/\/jugendfilmtage.ch\/fr\/archives\/festival-2014\/jury-moderation\/#primaryimage"},"image":{"@id":"https:\/\/jugendfilmtage.ch\/fr\/archives\/festival-2014\/jury-moderation\/#primaryimage"},"thumbnailUrl":"https:\/\/jugendfilmtage.ch\/wp-content\/uploads\/2014\/02\/Carlos-by-Tobias-Stahel-2-880x495.jpg","datePublished":"2014-02-06T19:30:02+00:00","dateModified":"2024-11-15T14:55:14+00:00","description":"Jury &amp; Moderation 2014 Carlos Leal Schauspieler (Der Bestatter, Casino Royale, Sennentuntschi) Frank Braun Gesch\u00e4ftsf\u00fchrung und Programmation Kino","breadcrumb":{"@id":"https:\/\/jugendfilmtage.ch\/fr\/archives\/festival-2014\/jury-moderation\/#breadcrumb"},"inLanguage":"fr-FR","potentialAction":[{"@type":"ReadAction","target":["https:\/\/jugendfilmtage.ch\/fr\/archives\/festival-2014\/jury-moderation\/"]}]},{"@type":"ImageObject","inLanguage":"fr-FR","@id":"https:\/\/jugendfilmtage.ch\/fr\/archives\/festival-2014\/jury-moderation\/#primaryimage","url":"https:\/\/jugendfilmtage.ch\/wp-content\/uploads\/2014\/02\/Carlos-by-Tobias-Stahel-2-880x495.jpg","contentUrl":"https:\/\/jugendfilmtage.ch\/wp-content\/uploads\/2014\/02\/Carlos-by-Tobias-Stahel-2-880x495.jpg"},{"@type":"BreadcrumbList","@id":"https:\/\/jugendfilmtage.ch\/fr\/archives\/festival-2014\/jury-moderation\/#breadcrumb","itemListElement":[{"@type":"ListItem","position":1,"name":"Archive","item":"https:\/\/jugendfilmtage.ch\/fr\/archives\/"},{"@type":"ListItem","position":2,"name":"Festival 2014","item":"https:\/\/jugendfilmtage.ch\/fr\/archives\/festival-2014\/"},{"@type":"ListItem","position":3,"name":"Jury &amp; Moderation 2014"}]},{"@type":"WebSite","@id":"https:\/\/jugendfilmtage.ch\/fr\/#website","url":"https:\/\/jugendfilmtage.ch\/fr\/","name":"FR Schweizer Jugendfilmtage","description":"FR Festival Cin\u00e9 Jeunesse Suisse","potentialAction":[{"@type":"SearchAction","target":{"@type":"EntryPoint","urlTemplate":"https:\/\/jugendfilmtage.ch\/fr\/?s={search_term_string}"},"query-input":{"@type":"PropertyValueSpecification","valueRequired":true,"valueName":"search_term_string"}}],"inLanguage":"fr-FR"}]}},"_links":{"self":[{"href":"https:\/\/jugendfilmtage.ch\/fr\/wp-json\/wp\/v2\/pages\/1589","targetHints":{"allow":["GET"]}}],"collection":[{"href":"https:\/\/jugendfilmtage.ch\/fr\/wp-json\/wp\/v2\/pages"}],"about":[{"href":"https:\/\/jugendfilmtage.ch\/fr\/wp-json\/wp\/v2\/types\/page"}],"author":[{"embeddable":true,"href":"https:\/\/jugendfilmtage.ch\/fr\/wp-json\/wp\/v2\/users\/14"}],"replies":[{"embeddable":true,"href":"https:\/\/jugendfilmtage.ch\/fr\/wp-json\/wp\/v2\/comments?post=1589"}],"version-history":[{"count":19,"href":"https:\/\/jugendfilmtage.ch\/fr\/wp-json\/wp\/v2\/pages\/1589\/revisions"}],"predecessor-version":[{"id":27880,"href":"https:\/\/jugendfilmtage.ch\/fr\/wp-json\/wp\/v2\/pages\/1589\/revisions\/27880"}],"up":[{"embeddable":true,"href":"https:\/\/jugendfilmtage.ch\/fr\/wp-json\/wp\/v2\/pages\/1634"}],"wp:attachment":[{"href":"https:\/\/jugendfilmtage.ch\/fr\/wp-json\/wp\/v2\/media?parent=1589"}],"curies":[{"name":"wp","href":"https:\/\/api.w.org\/{rel}","templated":true}]}}