{"id":15748,"date":"2024-10-15T15:20:52","date_gmt":"2024-10-15T13:20:52","guid":{"rendered":"https:\/\/2024.jugendfilmtage.ch\/?page_id=15748"},"modified":"2026-03-02T12:15:42","modified_gmt":"2026-03-02T11:15:42","slug":"clap-clap","status":"publish","type":"page","link":"https:\/\/jugendfilmtage.ch\/fr\/clap-clap\/","title":{"rendered":"\u00abClap! Clap!\u00bb"},"content":{"rendered":"\n<figure data-wp-context=\"{&quot;imageId&quot;:&quot;69e2657d3bb7b&quot;}\" data-wp-interactive=\"core\/image\" data-wp-key=\"69e2657d3bb7b\" class=\"wp-block-image size-full wp-lightbox-container\"><img decoding=\"async\" data-wp-class--hide=\"state.isContentHidden\" data-wp-class--show=\"state.isContentVisible\" data-wp-init=\"callbacks.setButtonStyles\" data-wp-on--click=\"actions.showLightbox\" data-wp-on--load=\"callbacks.setButtonStyles\" data-wp-on-window--resize=\"callbacks.setButtonStyles\" src=\"https:\/\/jugendfilmtage.ch\/wp-content\/uploads\/2024\/06\/Screenshot-2024-06-03-at-17.29.08.png\" alt=\"Festival Cin\u00e9 Jeunesse Suisse Clap Clap\" class=\"wp-image-25687\"\/><button\n\t\t\tclass=\"lightbox-trigger\"\n\t\t\ttype=\"button\"\n\t\t\taria-haspopup=\"dialog\"\n\t\t\taria-label=\"Agrandir\"\n\t\t\tdata-wp-init=\"callbacks.initTriggerButton\"\n\t\t\tdata-wp-on--click=\"actions.showLightbox\"\n\t\t\tdata-wp-style--right=\"state.imageButtonRight\"\n\t\t\tdata-wp-style--top=\"state.imageButtonTop\"\n\t\t>\n\t\t\t<svg xmlns=\"http:\/\/www.w3.org\/2000\/svg\" width=\"12\" height=\"12\" fill=\"none\" viewBox=\"0 0 12 12\">\n\t\t\t\t<path fill=\"#fff\" d=\"M2 0a2 2 0 0 0-2 2v2h1.5V2a.5.5 0 0 1 .5-.5h2V0H2Zm2 10.5H2a.5.5 0 0 1-.5-.5V8H0v2a2 2 0 0 0 2 2h2v-1.5ZM8 12v-1.5h2a.5.5 0 0 0 .5-.5V8H12v2a2 2 0 0 1-2 2H8Zm2-12a2 2 0 0 1 2 2v2h-1.5V2a.5.5 0 0 0-.5-.5H8V0h2Z\" \/>\n\t\t\t<\/svg>\n\t\t<\/button><\/figure>\n\n\n\n<h1 class=\"wp-block-heading\">\u00ab Clap ! Clap ! \u00bb Day<\/h1>\n\n\n\n<p>Le samedi 14 mars 2026, le Festival Cin\u00e9 Jeunesse Suisse accueillera la dixi\u00e8me \u00e9dition de la journ\u00e9e du r\u00e9seautage et de la rel\u00e8ve \u00ab&nbsp;Clap&nbsp;! Clap!&nbsp;\u00bb. Nous t\u2019invitons \u00e0 participer et \u00e0 mettre en route ton projet de film&nbsp;!<\/p>\n\n\n\n<p>Nous t\u2019offrons la possibilit\u00e9 de d\u00e9velopper ton id\u00e9e de film, de la pr\u00e9senter au public et d\u2019entrer en contact avec des pros de la branche du cin\u00e9ma. La journ\u00e9e enti\u00e8re est gratuite pour tous\u00b7tes les jeunes participant\u00b7e\u00b7s. Que tu sois d\u00e9butant\u00b7e ou professionnel\u00b7le, tu y trouveras ton compte&nbsp;!<\/p>\n\n\n\n<p><strong>Quand : Samedi 14 mars 2026, 10h00-17h00. <br>O\u00f9 : Planet5 (Sihlquai 240, 8005 Zurich).<\/strong><\/p>\n\n\n<style>.kb-table-of-content-nav.kb-table-of-content-id15748_9976c8-46 .kb-table-of-content-wrap{padding-top:var(--global-kb-spacing-sm, 1.5rem);padding-right:var(--global-kb-spacing-sm, 1.5rem);padding-bottom:var(--global-kb-spacing-sm, 1.5rem);padding-left:var(--global-kb-spacing-sm, 1.5rem);}.kb-table-of-content-nav.kb-table-of-content-id15748_9976c8-46 .kb-table-of-contents-title-wrap{padding-top:0px;padding-right:0px;padding-bottom:0px;padding-left:0px;}.kb-table-of-content-nav.kb-table-of-content-id15748_9976c8-46 .kb-table-of-contents-title{font-weight:regular;font-style:normal;}.kb-table-of-content-nav.kb-table-of-content-id15748_9976c8-46 .kb-table-of-content-wrap .kb-table-of-content-list{font-weight:regular;font-style:normal;margin-top:var(--global-kb-spacing-sm, 1.5rem);margin-right:0px;margin-bottom:0px;margin-left:0px;}<\/style>\n\n\n<h2 class=\"wp-block-heading\">\u00ab Clap ! Clap! \u00bb Workshops (sur inscription \/ complet)<\/h2>\n\n\n\n<h3 class=\"wp-block-heading\">Starterkit Workshop<\/h3>\n\n\n\n<p>Heure: 10h00 \u2013 13h00 (d\u00e9jeuner inclus)<\/p>\n\n\n\n<p>Tu as une id\u00e9e de film, mais tu ne sais pas encore comment la concr\u00e9tiser ? L\u2019atelier \u00ab&nbsp;Starterkit&nbsp;\u00bb fournit des conseils pratiques pour le d\u00e9veloppement de ton histoire ainsi que la narration cin\u00e9matographique.<\/p>\n\n\n\n<p>L&rsquo;atelier est propos\u00e9 en allemand, fran\u00e7ais et anglais.<\/p>\n\n\n\n<p>Le workshop s&rsquo;adresse aux personnes \u00e2g\u00e9es de 16 \u00e0 27 ans.<\/p>\n\n\n\n<p>Le workshop est dirig\u00e9 par filmkids.ch.<\/p>\n\n\n\n<p><\/p>\n\n\n\n<p><\/p>\n\n\n\n<figure class=\"wp-block-image size-large\"><img decoding=\"async\" src=\"https:\/\/jugendfilmtage.ch\/wp-content\/uploads\/2024\/06\/240316_KlappeAuf_WalterGilgen-0459-Kopie-880x660.jpg\" alt=\"Festival Cin\u00e9 Jeunesse Suisse \u00abClap! Clap!\u00bb \" class=\"wp-image-25612\"\/><\/figure>\n\n\n\n<h3 class=\"wp-block-heading\">Pitching Workshop<\/h3>\n\n\n\n<p>Heure: 10h00 \u2013 13h00 (d\u00e9jeuner inclus)<\/p>\n\n\n\n<p>Tu as d\u00e9j\u00e0 une id\u00e9e pour un court-m\u00e9trage (dur\u00e9e maximale : 15 minutes), mais tu as besoin d&rsquo;aide pour le r\u00e9aliser ? L\u2019atelier de pitching t\u2019entra\u00eene \u00e0 pr\u00e9senter ton projet de film de mani\u00e8re efficace \u00e0 un public: comment r\u00e9sumer ton id\u00e9e en trois minutes ? Comment enthousiasmer les autres pour ton projet ? Comment te pr\u00e9senter avec assurance ?<\/p>\n\n\n\n<p>Lors de la Pitching Competition de l&rsquo;apr\u00e8s-midi, tu pourras imm\u00e9diatement mettre en pratique ce que tu as appris en pr\u00e9sentant ton id\u00e9e devant un jury de professionnel\u00b7le\u00b7s.<\/p>\n\n\n\n<p>L&rsquo;atelier est propos\u00e9 en allemand, fran\u00e7ais et anglais.<\/p>\n\n\n\n<p>Les personnes \u00e2g\u00e9es de 18 \u00e0 27 ans peuvent s&rsquo;inscrire. Le nombre de participants est limit\u00e9 \u00e0 12.<\/p>\n\n\n\n<p>Le workshop est dirig\u00e9 par Adrian Kelterborn.<\/p>\n\n\n\n<p><\/p>\n\n\n\n<p><\/p>\n\n\n\n<h2 class=\"wp-block-heading\">\u00ab Clap ! Clap ! \u00bb Pitching&nbsp;Competition (publique)<\/h2>\n\n\n\n<p>Heure: 13h30 \u2013 15h00 <\/p>\n\n\n\n<p>Les participant\u00b7e\u00b7s de l\u2019atelier de pitching \u00ab&nbsp;Clap&nbsp;! Clap!&nbsp;\u00bb ont trois minutes chacun\u00b7e pour pr\u00e9senter leur projet au jury et au public. Le jury leur livre ensuite un feedback direct et leur offre la possibilit\u00e9 de poser d\u2019autres questions relatives \u00e0 leur projet.<\/p>\n\n\n\n<p>Vous pouvez pr\u00e9senter votre id\u00e9e en allemand, en fran\u00e7ais et en anglais.<\/p>\n\n\n\n<figure class=\"wp-block-image size-large\"><img decoding=\"async\" src=\"https:\/\/jugendfilmtage.ch\/wp-content\/uploads\/2024\/06\/240316_PitchingCompetition_WalterGilgen-0737-880x660.jpg\" alt=\"Festival Cin\u00e9 Jeunesse Suisse \u00abClap! Clap!\u00bb \" class=\"wp-image-25618\"\/><\/figure>\n\n\n\n<h3 class=\"wp-block-heading\">Les prix <\/h3>\n\n\n\n<p>Les gagnant\u00b7e\u00b7s de la Pitching Competition re\u00e7oivent :<\/p>\n\n\n\n<ul class=\"wp-block-list\">\n<li>1&rsquo;000 CHF<\/li>\n\n\n\n<li>Trois coachings d&rsquo;expert\u00b7e\u00b7s pour leur propre projet de film ! &#8211; par exemple dans les domaines du sc\u00e9nario, de la cam\u00e9ra, de la direction d&rsquo;acteurs, de l&rsquo;animation, de l&rsquo;\u00e9clairage, du montage et de l&rsquo;\u00e9valuation.<\/li>\n<\/ul>\n\n\n\n<p>De plus,<\/p>\n\n\n\n<ul class=\"wp-block-list\">\n<li>Le film termin\u00e9 sera pr\u00e9sent\u00e9 en tant que film d&rsquo;ouverture du Festival Cin\u00e9 Jeunesse Suisse un an plus tard.<\/li>\n\n\n\n<li>Le film pourra \u00eatre propos\u00e9 en streaming sur Play Suisse et Filmkids+<\/li>\n\n\n\n<li>Le Festival Cin\u00e9 Jeunesse soutient \u00e9galement la promotion et la diffusion ult\u00e9rieure du film.<\/li>\n<\/ul>\n\n\n\n<div class=\"wp-block-buttons is-layout-flex wp-block-buttons-is-layout-flex\">\n<div class=\"wp-block-button is-style-outline is-style-outline--2\"><a class=\"wp-block-button__link wp-element-button\" href=\"https:\/\/jugendfilmtage.ch\/fr\/clap-clap-films\/\">Vous trouvez ici tous les films qui ont \u00e9t\u00e9 r\u00e9alis\u00e9s jusqu&rsquo;\u00e0 pr\u00e9sent.<\/a><\/div>\n<\/div>\n\n\n\n<h2 class=\"wp-block-heading\">\u00ab Clap ! Clap ! \u00bb Networking&nbsp;(publique)<\/h2>\n\n\n\n<p>Heure : 15h00 &#8211; 17h15 (boissons comprises)<\/p>\n\n\n\n<p>Le concours de pitching est suivi d\u2019un apr\u00e8s-midi consacr\u00e9 aux possibilit\u00e9s de r\u00e9seautage. Tu auras l&rsquo;occasion d&rsquo;\u00e9changer avec nos partenaires autour d&rsquo;une boisson et de poser tes questions sur les \u00e9tudes de cin\u00e9ma aux \u00e9tudiant\u00b7e\u00b7s.<\/p>\n\n\n\n<h3 class=\"wp-block-heading\">Meet the Partners: <\/h3>\n\n\n\n<p>\u00ab&nbsp;Clap! Clap&nbsp;!&nbsp;\u00bb est une coop\u00e9ration entre le Festival Cin\u00e9 Jeunesse Suisse, G\u00e4ssli Film Festival, Zuger Filmtage, Upcoming Filmmakers, Castellinaria, filmkids.ch ainsi que #cine. Nos partenaires se pr\u00e9sentent.<\/p>\n\n\n\n<h3 class=\"wp-block-heading\">Meet the Filmstaff:<\/h3>\n\n\n\n<p>\u00ab&nbsp;Filmstaff&nbsp;\u00bb est une initiative des associations professionnelles et de production de la branche du cin\u00e9ma suisse. Son objectif est de faciliter l\u2019acc\u00e8s aux professions du cin\u00e9ma.<\/p>\n\n\n\n<h3 class=\"wp-block-heading\">Meet the Film Schools:<\/h3>\n\n\n\n<p>Les \u00e9tudiant\u00b7e\u00b7s des \u00e9coles de cin\u00e9ma suisses (ZHdK, HSLU Animation, HSLU Video, HEAD, \u00e9cal) pr\u00e9sentent leurs fili\u00e8res d\u2019\u00e9tudes respectives.<\/p>\n\n\n\n<p><\/p>\n\n\n<style>.wp-block-kadence-spacer.kt-block-spacer-15748_786ffe-bc .kt-block-spacer{height:30px;}.wp-block-kadence-spacer.kt-block-spacer-15748_786ffe-bc .kt-divider{border-top-width:1px;height:1px;border-top-color:#eee;width:80%;border-top-style:solid;}<\/style>\n<div class=\"wp-block-kadence-spacer aligncenter kt-block-spacer-15748_786ffe-bc\"><div class=\"kt-block-spacer kt-block-spacer-halign-center\"><hr class=\"kt-divider\"\/><\/div><\/div>\n\n\n\n<p>\u00abClap! Clap\u00bb est une coop\u00e9ration du Festival Cin\u00e9 Jeunesse Suisse avec <a href=\"http:\/\/www.castellinaria.ch\/\" target=\"_blank\" rel=\"noopener noreferrer\">Castellinaria<\/a>, <a href=\"https:\/\/www.baselfilmfestival.ch\" target=\"_blank\" rel=\"noopener noreferrer\">G\u00e4ssli Film Festival<\/a>, <a href=\"https:\/\/www.zugerfilmtage.ch\/\" target=\"_blank\" rel=\"noopener noreferrer\">Zuger Filmtage<\/a>, <a href=\"https:\/\/www.upcoming-filmmakers.ch\/fr\/festival\" target=\"_blank\" rel=\"noopener noreferrer\">Upcoming Film Makers<\/a>, <a href=\"https:\/\/filmkids.ch\">Filmkids.ch<\/a>, <a href=\"https:\/\/filmstaff.ch\/de\">Filmstaff.ch<\/a> et <a href=\"https:\/\/www.htagcine.ch\/de\/home\">#cine<\/a><\/p>\n\n\n\n<p>Soutenu par la <a href=\"https:\/\/www.srgssr.ch\/fr\/accueil\/\" target=\"_blank\" rel=\"noopener noreferrer\">SRG SSR<\/a>.<\/p>\n\n\n\n<p><\/p>\n","protected":false},"excerpt":{"rendered":"<p>\u00ab Clap ! Clap ! \u00bb Day Le samedi 14 mars 2026, le Festival Cin\u00e9 Jeunesse Suisse accueillera la dixi\u00e8me \u00e9dition de la journ\u00e9e du r\u00e9seautage et de la rel\u00e8ve \u00ab&nbsp;Clap&nbsp;! Clap!&nbsp;\u00bb. Nous t\u2019invitons \u00e0 participer et \u00e0 mettre en route ton projet de film&nbsp;! Nous t\u2019offrons la possibilit\u00e9 de d\u00e9velopper ton id\u00e9e de film, [&hellip;]<\/p>\n","protected":false},"author":14,"featured_media":0,"parent":0,"menu_order":5,"comment_status":"closed","ping_status":"closed","template":"","meta":{"_acf_changed":false,"footnotes":""},"class_list":["post-15748","page","type-page","status-publish","hentry"],"acf":[],"yoast_head":"<!-- This site is optimized with the Yoast SEO plugin v27.4 - https:\/\/yoast.com\/product\/yoast-seo-wordpress\/ -->\n<title>\u00abClap! Clap!\u00bb - FR Schweizer Jugendfilmtage<\/title>\n<meta name=\"description\" content=\"\u00abClap! Clap!\u00bb est une &quot;community&quot; et surtout une opportunit\u00e9 pour tous les jeunes qui s&#039;int\u00e9ressent au cin\u00e9ma.\" \/>\n<meta name=\"robots\" content=\"index, follow, max-snippet:-1, max-image-preview:large, max-video-preview:-1\" \/>\n<link rel=\"canonical\" href=\"https:\/\/jugendfilmtage.ch\/fr\/clap-clap\/\" \/>\n<meta property=\"og:locale\" content=\"fr_FR\" \/>\n<meta property=\"og:type\" content=\"article\" \/>\n<meta property=\"og:title\" content=\"\u00abClap! Clap!\u00bb - FR Schweizer Jugendfilmtage\" \/>\n<meta property=\"og:description\" content=\"\u00abClap! Clap!\u00bb est une &quot;community&quot; et surtout une opportunit\u00e9 pour tous les jeunes qui s&#039;int\u00e9ressent au cin\u00e9ma.\" \/>\n<meta property=\"og:url\" content=\"https:\/\/jugendfilmtage.ch\/fr\/clap-clap\/\" \/>\n<meta property=\"og:site_name\" content=\"FR Schweizer Jugendfilmtage\" \/>\n<meta property=\"article:publisher\" content=\"https:\/\/www.facebook.com\/Jugendfilmtage\" \/>\n<meta property=\"article:modified_time\" content=\"2026-03-02T11:15:42+00:00\" \/>\n<meta name=\"twitter:card\" content=\"summary_large_image\" \/>\n<meta name=\"twitter:site\" content=\"@jugendfilmtage\" \/>\n<meta name=\"twitter:label1\" content=\"Dur\u00e9e de lecture estim\u00e9e\" \/>\n\t<meta name=\"twitter:data1\" content=\"5 minutes\" \/>\n<script type=\"application\/ld+json\" class=\"yoast-schema-graph\">{\"@context\":\"https:\\\/\\\/schema.org\",\"@graph\":[{\"@type\":\"WebPage\",\"@id\":\"https:\\\/\\\/jugendfilmtage.ch\\\/fr\\\/clap-clap\\\/\",\"url\":\"https:\\\/\\\/jugendfilmtage.ch\\\/fr\\\/clap-clap\\\/\",\"name\":\"\u00abClap! Clap!\u00bb - FR Schweizer Jugendfilmtage\",\"isPartOf\":{\"@id\":\"https:\\\/\\\/jugendfilmtage.ch\\\/fr\\\/#website\"},\"primaryImageOfPage\":{\"@id\":\"https:\\\/\\\/jugendfilmtage.ch\\\/fr\\\/clap-clap\\\/#primaryimage\"},\"image\":{\"@id\":\"https:\\\/\\\/jugendfilmtage.ch\\\/fr\\\/clap-clap\\\/#primaryimage\"},\"thumbnailUrl\":\"https:\\\/\\\/jugendfilmtage.ch\\\/wp-content\\\/uploads\\\/2024\\\/06\\\/Screenshot-2024-06-03-at-17.29.08.png\",\"datePublished\":\"2024-10-15T13:20:52+00:00\",\"dateModified\":\"2026-03-02T11:15:42+00:00\",\"description\":\"\u00abClap! Clap!\u00bb est une \\\"community\\\" et surtout une opportunit\u00e9 pour tous les jeunes qui s'int\u00e9ressent au cin\u00e9ma.\",\"inLanguage\":\"fr-FR\",\"potentialAction\":[{\"@type\":\"ReadAction\",\"target\":[\"https:\\\/\\\/jugendfilmtage.ch\\\/fr\\\/clap-clap\\\/\"]}]},{\"@type\":\"ImageObject\",\"inLanguage\":\"fr-FR\",\"@id\":\"https:\\\/\\\/jugendfilmtage.ch\\\/fr\\\/clap-clap\\\/#primaryimage\",\"url\":\"https:\\\/\\\/jugendfilmtage.ch\\\/wp-content\\\/uploads\\\/2024\\\/06\\\/Screenshot-2024-06-03-at-17.29.08.png\",\"contentUrl\":\"https:\\\/\\\/jugendfilmtage.ch\\\/wp-content\\\/uploads\\\/2024\\\/06\\\/Screenshot-2024-06-03-at-17.29.08.png\"},{\"@type\":\"WebSite\",\"@id\":\"https:\\\/\\\/jugendfilmtage.ch\\\/fr\\\/#website\",\"url\":\"https:\\\/\\\/jugendfilmtage.ch\\\/fr\\\/\",\"name\":\"FR Schweizer Jugendfilmtage\",\"description\":\"FR Festival Cin\u00e9 Jeunesse Suisse\",\"potentialAction\":[{\"@type\":\"SearchAction\",\"target\":{\"@type\":\"EntryPoint\",\"urlTemplate\":\"https:\\\/\\\/jugendfilmtage.ch\\\/fr\\\/?s={search_term_string}\"},\"query-input\":{\"@type\":\"PropertyValueSpecification\",\"valueRequired\":true,\"valueName\":\"search_term_string\"}}],\"inLanguage\":\"fr-FR\"}]}<\/script>\n<!-- \/ Yoast SEO plugin. -->","yoast_head_json":{"title":"\u00abClap! Clap!\u00bb - FR Schweizer Jugendfilmtage","description":"\u00abClap! Clap!\u00bb est une \"community\" et surtout une opportunit\u00e9 pour tous les jeunes qui s'int\u00e9ressent au cin\u00e9ma.","robots":{"index":"index","follow":"follow","max-snippet":"max-snippet:-1","max-image-preview":"max-image-preview:large","max-video-preview":"max-video-preview:-1"},"canonical":"https:\/\/jugendfilmtage.ch\/fr\/clap-clap\/","og_locale":"fr_FR","og_type":"article","og_title":"\u00abClap! Clap!\u00bb - FR Schweizer Jugendfilmtage","og_description":"\u00abClap! Clap!\u00bb est une \"community\" et surtout une opportunit\u00e9 pour tous les jeunes qui s'int\u00e9ressent au cin\u00e9ma.","og_url":"https:\/\/jugendfilmtage.ch\/fr\/clap-clap\/","og_site_name":"FR Schweizer Jugendfilmtage","article_publisher":"https:\/\/www.facebook.com\/Jugendfilmtage","article_modified_time":"2026-03-02T11:15:42+00:00","twitter_card":"summary_large_image","twitter_site":"@jugendfilmtage","twitter_misc":{"Dur\u00e9e de lecture estim\u00e9e":"5 minutes"},"schema":{"@context":"https:\/\/schema.org","@graph":[{"@type":"WebPage","@id":"https:\/\/jugendfilmtage.ch\/fr\/clap-clap\/","url":"https:\/\/jugendfilmtage.ch\/fr\/clap-clap\/","name":"\u00abClap! Clap!\u00bb - FR Schweizer Jugendfilmtage","isPartOf":{"@id":"https:\/\/jugendfilmtage.ch\/fr\/#website"},"primaryImageOfPage":{"@id":"https:\/\/jugendfilmtage.ch\/fr\/clap-clap\/#primaryimage"},"image":{"@id":"https:\/\/jugendfilmtage.ch\/fr\/clap-clap\/#primaryimage"},"thumbnailUrl":"https:\/\/jugendfilmtage.ch\/wp-content\/uploads\/2024\/06\/Screenshot-2024-06-03-at-17.29.08.png","datePublished":"2024-10-15T13:20:52+00:00","dateModified":"2026-03-02T11:15:42+00:00","description":"\u00abClap! Clap!\u00bb est une \"community\" et surtout une opportunit\u00e9 pour tous les jeunes qui s'int\u00e9ressent au cin\u00e9ma.","inLanguage":"fr-FR","potentialAction":[{"@type":"ReadAction","target":["https:\/\/jugendfilmtage.ch\/fr\/clap-clap\/"]}]},{"@type":"ImageObject","inLanguage":"fr-FR","@id":"https:\/\/jugendfilmtage.ch\/fr\/clap-clap\/#primaryimage","url":"https:\/\/jugendfilmtage.ch\/wp-content\/uploads\/2024\/06\/Screenshot-2024-06-03-at-17.29.08.png","contentUrl":"https:\/\/jugendfilmtage.ch\/wp-content\/uploads\/2024\/06\/Screenshot-2024-06-03-at-17.29.08.png"},{"@type":"WebSite","@id":"https:\/\/jugendfilmtage.ch\/fr\/#website","url":"https:\/\/jugendfilmtage.ch\/fr\/","name":"FR Schweizer Jugendfilmtage","description":"FR Festival Cin\u00e9 Jeunesse Suisse","potentialAction":[{"@type":"SearchAction","target":{"@type":"EntryPoint","urlTemplate":"https:\/\/jugendfilmtage.ch\/fr\/?s={search_term_string}"},"query-input":{"@type":"PropertyValueSpecification","valueRequired":true,"valueName":"search_term_string"}}],"inLanguage":"fr-FR"}]}},"_links":{"self":[{"href":"https:\/\/jugendfilmtage.ch\/fr\/wp-json\/wp\/v2\/pages\/15748","targetHints":{"allow":["GET"]}}],"collection":[{"href":"https:\/\/jugendfilmtage.ch\/fr\/wp-json\/wp\/v2\/pages"}],"about":[{"href":"https:\/\/jugendfilmtage.ch\/fr\/wp-json\/wp\/v2\/types\/page"}],"author":[{"embeddable":true,"href":"https:\/\/jugendfilmtage.ch\/fr\/wp-json\/wp\/v2\/users\/14"}],"replies":[{"embeddable":true,"href":"https:\/\/jugendfilmtage.ch\/fr\/wp-json\/wp\/v2\/comments?post=15748"}],"version-history":[{"count":59,"href":"https:\/\/jugendfilmtage.ch\/fr\/wp-json\/wp\/v2\/pages\/15748\/revisions"}],"predecessor-version":[{"id":74643,"href":"https:\/\/jugendfilmtage.ch\/fr\/wp-json\/wp\/v2\/pages\/15748\/revisions\/74643"}],"wp:attachment":[{"href":"https:\/\/jugendfilmtage.ch\/fr\/wp-json\/wp\/v2\/media?parent=15748"}],"curies":[{"name":"wp","href":"https:\/\/api.w.org\/{rel}","templated":true}]}}