{"id":15492,"date":"2022-03-27T16:58:28","date_gmt":"2022-03-27T16:58:28","guid":{"rendered":"https:\/\/2024.jugendfilmtage.ch\/programme-2022\/das-sind-die-gewinnerinnen-der-46-schweizer-jugendfilmtage\/"},"modified":"2024-11-20T11:20:04","modified_gmt":"2024-11-20T10:20:04","slug":"gewinnerinnen-46-schweizer-jugendfilmtage","status":"publish","type":"page","link":"https:\/\/jugendfilmtage.ch\/fr\/archives\/festival-2022\/gewinnerinnen-46-schweizer-jugendfilmtage\/","title":{"rendered":"Gewinner*innen 46. Schweizer Jugendfilmtage"},"content":{"rendered":"\n<figure class=\"wp-block-image size-full\"><img loading=\"lazy\" decoding=\"async\" width=\"2560\" height=\"1707\" src=\"https:\/\/jugendfilmtage.ch\/wp-content\/uploads\/2024\/11\/N56A2136_Preisverleihung_JK-scaled.jpg\" alt=\"Gewinner*innen 46. Schweizer Jugendfilmtage\" class=\"wp-image-27852\" srcset=\"https:\/\/jugendfilmtage.ch\/wp-content\/uploads\/2024\/11\/N56A2136_Preisverleihung_JK-scaled.jpg 2560w, https:\/\/jugendfilmtage.ch\/wp-content\/uploads\/2024\/11\/N56A2136_Preisverleihung_JK-300x200.jpg 300w, https:\/\/jugendfilmtage.ch\/wp-content\/uploads\/2024\/11\/N56A2136_Preisverleihung_JK-880x587.jpg 880w, https:\/\/jugendfilmtage.ch\/wp-content\/uploads\/2024\/11\/N56A2136_Preisverleihung_JK-280x186.jpg 280w, https:\/\/jugendfilmtage.ch\/wp-content\/uploads\/2024\/11\/N56A2136_Preisverleihung_JK-768x512.jpg 768w, https:\/\/jugendfilmtage.ch\/wp-content\/uploads\/2024\/11\/N56A2136_Preisverleihung_JK-1536x1024.jpg 1536w, https:\/\/jugendfilmtage.ch\/wp-content\/uploads\/2024\/11\/N56A2136_Preisverleihung_JK-2048x1365.jpg 2048w\" sizes=\"auto, (max-width: 2560px) 100vw, 2560px\" \/><\/figure>\n\n\n\n<h1 class=\"wp-block-heading\">Gewinner*innen 46. Schweizer Jugendfilmtage<\/h1>\n\n\n\n<figure class=\"wp-block-image size-full\"><a href=\"https:\/\/jugendfilmtage.ch\/wp-content\/uploads\/2024\/03\/icon-der-springende-panther.svg\"><img decoding=\"async\" src=\"https:\/\/jugendfilmtage.ch\/wp-content\/uploads\/2024\/03\/icon-der-springende-panther.svg\" alt=\"Icon: Der springende Panther\" class=\"wp-image-25288\"\/><\/a><\/figure>\n\n\n\n<details class=\"wp-block-details is-layout-flow wp-block-details-is-layout-flow\"><summary>Kategorie A, bis 12 Jahre<\/summary>\n<p><strong>1. School Love and Blackmail<\/strong><\/p>\n\n\n\n<p>Regie:  Melina Scheidegger &amp; Federico Gamper. Gruppe: 6. Primarschule Weiden, Jona (St. Gallen)<\/p>\n\n\n\n<p><em>Der Film, welcher den ersten Platz erh\u00e4lt, hat uns insbesondere \u00fcberzeugt, weil er ein sehr intimes Thema anspricht. Zudem gef\u00e4llt uns der diverse Cast und wir m\u00f6chten die Akteure und Akteurinnen zu ihrer schauspielerischen Leistung gratulieren. Gewinner in der Kategorie ist SCHOOL, LOVE and BLACKMAIL.<\/em><\/p>\n\n\n\n<p><br><strong>2. Katzendisco<\/strong><\/p>\n\n\n\n<p>Regie: Laurin, Stephan, Golo, Yaniv, Romie, Tim, Mia, Ona, Johann, Leon, Aditya, Hannah, Maiva (Basel Stadt) <\/p>\n\n\n\n<p><em>Mit dem zweiten Preis wollen wir einen technischen sehr guten Film auszeichnen, in dem jedes Kind seinen eigenen Stil einbringen konnte, und es trotzdem ein tolles Ganzes gab: KATZENDISO<\/em><\/p>\n\n\n\n<p><br><strong>3. Zombies im Gl\u00f6gglihof<\/strong><\/p>\n\n\n\n<p>Regie: Milosch Mathys, Jon Zimmermann, Malik Schwarz, Gruppe: Gl\u00f6gglihof-Gang (Basel)<\/p>\n\n\n\n<p><em>Der dritte Preis in der Kategorie A geht an einen Film, der uns mit seiner Leichtigkeit und einer sehr kreativen und lustigen Geschichte \u00fcberzeugt hat: ZOMBIES IM GL\u00d6GGLIHOF.<\/em><\/p>\n<\/details>\n\n\n\n<details class=\"wp-block-details is-layout-flow wp-block-details-is-layout-flow\"><summary>Kategorie B, bis 16 Jahre<\/summary>\n<p><strong>1. The Lost Astronaut<\/strong><\/p>\n\n\n\n<p>Regie: Leo Martin (Z\u00fcrich)<\/p>\n\n\n\n<p><em>Den ersten Platz hat sich dieser Filmemacher f\u00fcr sein bemerkenswertes technisches Talent verdient. Er kreierte einen Film voller poetischer Bilder mit einer bemerkenswerter \u00c4sthetik, der die Jury restlos \u00fcberzeugt hat. Wir gratulieren ganz herzlich: THE LOST ASTRONAUT.<\/em><\/p>\n\n\n\n<p><br><strong>2. Les Contes de Karim la Victime<\/strong><\/p>\n\n\n\n<p>Regie: Pablo Barbu-Sesma &amp; Z\u00e9phir Maddalena (Neuch\u00e2tel)<\/p>\n\n\n\n<p><em>Der n\u00e4chste Preis geht an einen Film, der es in sehr kurzes Zeit geschafft hat, einen ganzen Saal zum Lachen zu bringen. Mit dem zweiten Platz ehren wir LES CONTES DE KARIM LA VICTIME.<\/em><\/p>\n\n\n\n<p><br><strong>3. The Shower<\/strong><\/p>\n\n\n\n<p>Regie: Mila Barthlen, Salome Bertschinger, Marie Weise (Z\u00fcrich)<\/p>\n\n\n\n<p><em>Mit dem dritten Preis zeichnen wir einen Film aus, deren Macherinnen noch viel Potential haben. Mit einer sehr pr\u00e4zisen und kreativen Kameraarbeit entf\u00fchrt l\u00e4sst uns der Film in eine ganz besondere Atmosph\u00e4re eintauchen. Applaus f\u00fcr: THE SHOWER.<\/em><\/p>\n<\/details>\n\n\n\n<details class=\"wp-block-details is-layout-flow wp-block-details-is-layout-flow\"><summary>Kategorie C, bis 19 Jahre<\/summary>\n<p><strong>1. H\u00dcLLE<\/strong><\/p>\n\n\n\n<p>Regie: Andrea Crisci (Z\u00fcrich)<\/p>\n\n\n\n<p><em>Hinter dem Film, der es auf den ersten Platz geschafft hat, steckt extrem viel Arbeit, insbesondere in der Postproduktion. Mit Hilfe von Musik, Bild und Ton entf\u00fchrt uns das Werk auf eine introspektive Reise. Applaus f\u00fcr: H\u00dcLLE.<\/em><\/p>\n\n\n\n<p><br><strong>2. Take a Look at You<\/strong><\/p>\n\n\n\n<p>Regie:  Sofiya Schweizer (Aargau)<\/p>\n\n\n\n<p><em>Mit dem zweiten Platz ehren wir einen Film, der mit einem intelligenten Blick sozio-politische Themen und die Rolle der Medien in unserer Zeit hinterfragt: TAKE A LOOK AT YOU<\/em><\/p>\n\n\n\n<p><br><strong>3. Concrete Flower<\/strong><\/p>\n\n\n\n<p>Regie: Elvis Germano (Bern)<\/p>\n\n\n\n<p><em>Der dritte Preis in der Kategorie C geht an einen Film, der es mit viel technischem Aufwand schafft, eine dystopische Welt zu kreieren und ein zeitgen\u00f6ssiches mal-\u00eatre erz\u00e4hlt: CONCRETE FLOWER.<\/em><\/p>\n<\/details>\n\n\n\n<details class=\"wp-block-details is-layout-flow wp-block-details-is-layout-flow\"><summary>Kategorie D, zwischen 20 und 25 Jahre<\/summary>\n<p><strong>1. Lettres en ton nom<\/strong><\/p>\n\n\n\n<p>Regie: Alexandre Schild (Gen\u00e8ve) <\/p>\n\n\n\n<p><em>Der erste Platz geht an einen Film, der mit viel Feingef\u00fchl und bemerkenswerter Arbeit in den Bereichen Bild, Dekor und Drehbuch eine Freundschaft zwischen drei M\u00e4nnern zeigt. Applaus f\u00fcr: LETTRES EN TON NOM.<\/em><\/p>\n\n\n\n<p><br><strong>2. Wild West Berlin<\/strong><\/p>\n\n\n\n<p>Regie: Nikolaj Jaberg (Basel Landschaft) <\/p>\n\n\n\n<p><em>Dieser Film hat die Jury mit seiner Dynamik \u00fcberzeugt, Text und Bild rekreieren die Stimmung der 80er in Berlin auf glaubhafte Weise. Gratulation an WILD WEST BERLIN.<\/em><\/p>\n\n\n\n<p><br><strong>3. Trou Noir<\/strong><\/p>\n\n\n\n<p>Regie: Emral Kadriov &amp; Birdjan Kadriov, Gruppe: Exit Void (Gen\u00e8ve) <\/p>\n\n\n\n<p><em>Mit dem dritten Platz ehren wir einen Film hinter dem viel Teamwork steckt. Der Ton und die aussagekr\u00e4ftigen Bilder lassen das Publikum in den Kopf des Protagonisten sehen und mit ihm f\u00fchlen: TROU NOIR.<\/em><\/p>\n<\/details>\n\n\n\n<details class=\"wp-block-details is-layout-flow wp-block-details-is-layout-flow\"><summary>Kategorie E, Filmstudierende bis 30 Jahre <\/summary>\n<p><strong>1. Menace Miamine<\/strong><\/p>\n\n\n\n<p>Regie: Alexandre Brul\u00e9 (ECAL, Vaud)<\/p>\n\n\n\n<p><br><strong>2. \u00e0 la recherche d&rsquo;aline<\/strong><\/p>\n\n\n\n<p>Regie: Rokhaya Balde (HEAD, Gen\u00e8ve) <\/p>\n\n\n\n<p><br><strong>3. Sweet Nothing<\/strong><\/p>\n\n\n\n<p>Regie: Joana Fischer &amp; Marie Kenov (HSLU, Luzern) <\/p>\n<\/details>\n\n\n\n<details class=\"wp-block-details is-layout-flow wp-block-details-is-layout-flow\"><summary>Special Mentions<\/summary>\n<p><strong>Die Schule geh\u00f6rt uns<\/strong><\/p>\n\n\n\n<p>Regie: Silas Bossi, Mireille Pu\u0308rro, Olivia De Vreede, Nevio Foroni, Anish Uhayakumar, Olivia Hauri (Z\u00fcrich)<\/p>\n\n\n\n<p><em>Leider keinen Preis aber eine lobende Erw\u00e4hnung erh\u00e4lt DIE SCHULE GEH\u00d6RT UNS, weil die Kinder sich entschieden haben, trotz vorgegebenem Thema eine eigene Geschichte zu erz\u00e4hlen und dabei sehr viele spannende Ideen hatten.<\/em><\/p>\n\n\n\n<p><br><strong>Purpose <\/strong><\/p>\n\n\n\n<p>Regie: Nils Barthlen (Z\u00fcrich)<\/p>\n\n\n\n<p><em>Und auch hier m\u00f6chten wir noch einen weiteren Film besonders erw\u00e4hnen, der es ganz knapp nicht aufs Podest geschafft hat: PURPOSE erz\u00e4hlt eine sehr originelle Geschichte und es steckt viel Teamarbeit in diesem Film!<\/em><\/p>\n<\/details>\n\n\n\n<figure class=\"wp-block-image size-full\"><img decoding=\"async\" src=\"https:\/\/jugendfilmtage.ch\/wp-content\/uploads\/2024\/03\/icon-zkb-publikumspreis.svg\" alt=\"Icon: Pokal\" class=\"wp-image-25294\"\/><\/figure>\n\n\n\n<details class=\"wp-block-details is-layout-flow wp-block-details-is-layout-flow\"><summary>ZKB Publikumspreise<\/summary>\n<p><strong>Kategorie A:<\/strong> School Love and Blackmail von Melina Scheidegger &amp; Federico Gamper, Gruppe: 6. Primarschule Weiden, Jona (St. Gallen)<br><strong>Kategorie B: <\/strong>Purpose von Nils Barthlen (Z\u00fcrich)<br><strong>Kategorie C:<\/strong> H\u00dcLLE von Andrea Crisci (Z\u00fcrich)<br><strong>Kategorie D:<\/strong> Trou Noir von Emral Kadriov &amp; Birdjan Kadriov, Gruppe: Exit Void (G\u00e8neva) <br><strong>Kategorie E:<\/strong> Satellites von Elias B\u00f6tticher &amp;  Simona Volpe (ZHdK, Z\u00fcrich)<\/p>\n<\/details>\n\n\n\n<figure class=\"wp-block-image size-full\"><a href=\"https:\/\/jugendfilmtage.ch\/wp-content\/uploads\/2024\/03\/icons-klappe-auf.svg\"><img decoding=\"async\" src=\"https:\/\/jugendfilmtage.ch\/wp-content\/uploads\/2024\/03\/icons-klappe-auf.svg\" alt=\"Icon: Filmklappe\" class=\"wp-image-25292\"\/><\/a><\/figure>\n\n\n\n<details class=\"wp-block-details is-layout-flow wp-block-details-is-layout-flow\"><summary>\u00abKlappe Auf!\u00bb Pitching Competition<\/summary>\n<p>Melanie B\u00fcrgi &amp; Ladina Staehelin (Basel)<\/p>\n\n\n\n<p><em>\u00abBen\u00bb ist ein Dokumentarfilmprojekt, das sich in Form eines pers\u00f6nlichen Portraits auf die Suche nach eigener Identit\u00e4t an unterschiedlichen Orten macht, und diese Schaupl\u00e4tze stellvertretend f\u00fcr die unz\u00e4hligen Optionen heranzieht, die junge Menschen in westlichen Gesellschaften heute oft haben \u2013&nbsp;und die nicht selten eine Orientierungslosigkeit ausl\u00f6sen k\u00f6nnen.<br>Die Jury sieht ein grosses Potential darin, dass die zwei jungen Regisseurinnen durch die Vertrautheit mit ihrem Protagonisten etwas sehr Spezifisches \u00fcber das grosse, allgemeine Thema des \u00abComing of Age\u00bb erz\u00e4hlen; dass sie dabei selbst sehr nahe an den verhandelten Fragen sind, verspricht eine Ann\u00e4herung auf Augenh\u00f6he und grosse Authentizit\u00e4t.<br>Wir freuen uns auf den Film!<\/em><\/p>\n<\/details>\n\n\n\n<figure class=\"wp-block-image size-full\"><img decoding=\"async\" src=\"https:\/\/jugendfilmtage.ch\/wp-content\/uploads\/2024\/03\/icon-das-goldene-bergli.svg\" alt=\"Icon: Berg\" class=\"wp-image-25286\"\/><\/figure>\n\n\n\n<details class=\"wp-block-details is-layout-flow wp-block-details-is-layout-flow\"><summary>Goldenes Bergli<\/summary>\n<p>Goldenes Bergli f\u00fcr&nbsp;den&nbsp;Besten Animationsfilm:<\/p>\n\n\n\n<p><strong>The Lost Astronaut <\/strong><\/p>\n\n\n\n<p>Regie: Leo Martin (Z\u00fcrich)<\/p>\n\n\n\n<p><em>Dieser Film beeindruckt nicht nur durch seine atmosph\u00e4rische Gestaltung sondern auch durch seine technische Umsetzung.&nbsp;Solche Projekte nehmen viel Zeit in Anspruch und es wird deutlich, dass die zu Verf\u00fcgung stehenden Ressourcen zu ihrem vollen Potential genutzt wurden.&nbsp;Heutzutage stehen alle M\u00f6glichkeiten offen. Zwischen einer Idee und einem fertigen Film steht nur noch die Entscheidung Zeit und Liebe aufzuwenden.&nbsp;Solche Projekte wollen wir f\u00f6rdern.<\/em><\/p>\n<\/details>\n\n\n\n<figure class=\"wp-block-image size-full\"><img decoding=\"async\" src=\"https:\/\/jugendfilmtage.ch\/wp-content\/uploads\/2024\/03\/icon-prix-roestigraben.svg\" alt=\"Icon: Schweiz mit R\u00f6stigraben\" class=\"wp-image-25290\"\/><\/figure>\n\n\n\n<details class=\"wp-block-details is-layout-flow wp-block-details-is-layout-flow\"><summary>Prix R\u00f6stigraben<\/summary>\n<p>\u00e0 la recherche d&rsquo;Aline<\/p>\n\n\n\n<p>Regie: Rokhaya Balde<\/p>\n\n\n\n<p><em>First of all we want so say that it\u2019s always really easy to choose \ud83d\ude09 The category E with 7 films who were all very different in type of genre and storytelling, it was really difficult to choose one, however one particular film stood clearly out. Here is our Explanation:<br>The Story of resistance against the colonial oppressor of a black women legend in a small village in Senegal. The Filmmaker, whose ancestors from that village, try to resurrect the Legend and shows us her first steps to a feature film. Flowing between different formats, the film succeeds to show the complexity of the process and allows the viewer to do their own research while watching the film. The prix R\u00f6stigraben in the category E goes to \u201c\u00e0 la recherche d&rsquo;aline\u201d by Rokhaya Marieme Balde. Thank you for sharing this experience with us.<\/em><\/p>\n<\/details>\n","protected":false},"excerpt":{"rendered":"<p>Gewinner*innen 46. Schweizer Jugendfilmtage<\/p>\n","protected":false},"author":14,"featured_media":0,"parent":15620,"menu_order":0,"comment_status":"closed","ping_status":"closed","template":"","meta":{"_acf_changed":false,"footnotes":""},"class_list":["post-15492","page","type-page","status-publish","hentry"],"acf":[],"yoast_head":"<!-- This site is optimized with the Yoast SEO plugin v27.4 - https:\/\/yoast.com\/product\/yoast-seo-wordpress\/ -->\n<title>Gewinner*innen 46. Schweizer Jugendfilmtage - FR Schweizer Jugendfilmtage<\/title>\n<meta name=\"description\" content=\"Gewinner*innen 46. Schweizer Jugendfilmtage Kategorie A, bis 12 Jahre 1. School Love and Blackmail Regie: Melina Scheidegger &amp; Federico Gamper.\" \/>\n<meta name=\"robots\" content=\"index, follow, max-snippet:-1, max-image-preview:large, max-video-preview:-1\" \/>\n<link rel=\"canonical\" href=\"https:\/\/jugendfilmtage.ch\/fr\/archives\/festival-2022\/gewinnerinnen-46-schweizer-jugendfilmtage\/\" \/>\n<meta property=\"og:locale\" content=\"fr_FR\" \/>\n<meta property=\"og:type\" content=\"article\" \/>\n<meta property=\"og:title\" content=\"Gewinner*innen 46. Schweizer Jugendfilmtage - FR Schweizer Jugendfilmtage\" \/>\n<meta property=\"og:description\" content=\"Gewinner*innen 46. Schweizer Jugendfilmtage Kategorie A, bis 12 Jahre 1. School Love and Blackmail Regie: Melina Scheidegger &amp; Federico Gamper.\" \/>\n<meta property=\"og:url\" content=\"https:\/\/jugendfilmtage.ch\/fr\/archives\/festival-2022\/gewinnerinnen-46-schweizer-jugendfilmtage\/\" \/>\n<meta property=\"og:site_name\" content=\"FR Schweizer Jugendfilmtage\" \/>\n<meta property=\"article:publisher\" content=\"https:\/\/www.facebook.com\/Jugendfilmtage\" \/>\n<meta property=\"article:modified_time\" content=\"2024-11-20T10:20:04+00:00\" \/>\n<meta property=\"og:image\" content=\"https:\/\/jugendfilmtage.ch\/wp-content\/uploads\/2024\/11\/N56A2136_Preisverleihung_JK-scaled.jpg\" \/>\n\t<meta property=\"og:image:width\" content=\"2560\" \/>\n\t<meta property=\"og:image:height\" content=\"1707\" \/>\n\t<meta property=\"og:image:type\" content=\"image\/jpeg\" \/>\n<meta name=\"twitter:card\" content=\"summary_large_image\" \/>\n<meta name=\"twitter:site\" content=\"@jugendfilmtage\" \/>\n<meta name=\"twitter:label1\" content=\"Dur\u00e9e de lecture estim\u00e9e\" \/>\n\t<meta name=\"twitter:data1\" content=\"8 minutes\" \/>\n<script type=\"application\/ld+json\" class=\"yoast-schema-graph\">{\"@context\":\"https:\\\/\\\/schema.org\",\"@graph\":[{\"@type\":\"WebPage\",\"@id\":\"https:\\\/\\\/jugendfilmtage.ch\\\/fr\\\/archives\\\/festival-2022\\\/gewinnerinnen-46-schweizer-jugendfilmtage\\\/\",\"url\":\"https:\\\/\\\/jugendfilmtage.ch\\\/fr\\\/archives\\\/festival-2022\\\/gewinnerinnen-46-schweizer-jugendfilmtage\\\/\",\"name\":\"Gewinner*innen 46. Schweizer Jugendfilmtage - FR Schweizer Jugendfilmtage\",\"isPartOf\":{\"@id\":\"https:\\\/\\\/jugendfilmtage.ch\\\/fr\\\/#website\"},\"primaryImageOfPage\":{\"@id\":\"https:\\\/\\\/jugendfilmtage.ch\\\/fr\\\/archives\\\/festival-2022\\\/gewinnerinnen-46-schweizer-jugendfilmtage\\\/#primaryimage\"},\"image\":{\"@id\":\"https:\\\/\\\/jugendfilmtage.ch\\\/fr\\\/archives\\\/festival-2022\\\/gewinnerinnen-46-schweizer-jugendfilmtage\\\/#primaryimage\"},\"thumbnailUrl\":\"https:\\\/\\\/jugendfilmtage.ch\\\/wp-content\\\/uploads\\\/2024\\\/11\\\/N56A2136_Preisverleihung_JK-scaled.jpg\",\"datePublished\":\"2022-03-27T16:58:28+00:00\",\"dateModified\":\"2024-11-20T10:20:04+00:00\",\"description\":\"Gewinner*innen 46. Schweizer Jugendfilmtage Kategorie A, bis 12 Jahre 1. School Love and Blackmail Regie: Melina Scheidegger &amp; Federico Gamper.\",\"breadcrumb\":{\"@id\":\"https:\\\/\\\/jugendfilmtage.ch\\\/fr\\\/archives\\\/festival-2022\\\/gewinnerinnen-46-schweizer-jugendfilmtage\\\/#breadcrumb\"},\"inLanguage\":\"fr-FR\",\"potentialAction\":[{\"@type\":\"ReadAction\",\"target\":[\"https:\\\/\\\/jugendfilmtage.ch\\\/fr\\\/archives\\\/festival-2022\\\/gewinnerinnen-46-schweizer-jugendfilmtage\\\/\"]}]},{\"@type\":\"ImageObject\",\"inLanguage\":\"fr-FR\",\"@id\":\"https:\\\/\\\/jugendfilmtage.ch\\\/fr\\\/archives\\\/festival-2022\\\/gewinnerinnen-46-schweizer-jugendfilmtage\\\/#primaryimage\",\"url\":\"https:\\\/\\\/jugendfilmtage.ch\\\/wp-content\\\/uploads\\\/2024\\\/11\\\/N56A2136_Preisverleihung_JK-scaled.jpg\",\"contentUrl\":\"https:\\\/\\\/jugendfilmtage.ch\\\/wp-content\\\/uploads\\\/2024\\\/11\\\/N56A2136_Preisverleihung_JK-scaled.jpg\"},{\"@type\":\"BreadcrumbList\",\"@id\":\"https:\\\/\\\/jugendfilmtage.ch\\\/fr\\\/archives\\\/festival-2022\\\/gewinnerinnen-46-schweizer-jugendfilmtage\\\/#breadcrumb\",\"itemListElement\":[{\"@type\":\"ListItem\",\"position\":1,\"name\":\"Archive\",\"item\":\"https:\\\/\\\/jugendfilmtage.ch\\\/fr\\\/archives\\\/\"},{\"@type\":\"ListItem\",\"position\":2,\"name\":\"Festival 2022\",\"item\":\"https:\\\/\\\/jugendfilmtage.ch\\\/fr\\\/archives\\\/festival-2022\\\/\"},{\"@type\":\"ListItem\",\"position\":3,\"name\":\"Gewinner*innen 46. Schweizer Jugendfilmtage\"}]},{\"@type\":\"WebSite\",\"@id\":\"https:\\\/\\\/jugendfilmtage.ch\\\/fr\\\/#website\",\"url\":\"https:\\\/\\\/jugendfilmtage.ch\\\/fr\\\/\",\"name\":\"FR Schweizer Jugendfilmtage\",\"description\":\"FR Festival Cin\u00e9 Jeunesse Suisse\",\"potentialAction\":[{\"@type\":\"SearchAction\",\"target\":{\"@type\":\"EntryPoint\",\"urlTemplate\":\"https:\\\/\\\/jugendfilmtage.ch\\\/fr\\\/?s={search_term_string}\"},\"query-input\":{\"@type\":\"PropertyValueSpecification\",\"valueRequired\":true,\"valueName\":\"search_term_string\"}}],\"inLanguage\":\"fr-FR\"}]}<\/script>\n<!-- \/ Yoast SEO plugin. -->","yoast_head_json":{"title":"Gewinner*innen 46. Schweizer Jugendfilmtage - FR Schweizer Jugendfilmtage","description":"Gewinner*innen 46. Schweizer Jugendfilmtage Kategorie A, bis 12 Jahre 1. School Love and Blackmail Regie: Melina Scheidegger &amp; Federico Gamper.","robots":{"index":"index","follow":"follow","max-snippet":"max-snippet:-1","max-image-preview":"max-image-preview:large","max-video-preview":"max-video-preview:-1"},"canonical":"https:\/\/jugendfilmtage.ch\/fr\/archives\/festival-2022\/gewinnerinnen-46-schweizer-jugendfilmtage\/","og_locale":"fr_FR","og_type":"article","og_title":"Gewinner*innen 46. Schweizer Jugendfilmtage - FR Schweizer Jugendfilmtage","og_description":"Gewinner*innen 46. Schweizer Jugendfilmtage Kategorie A, bis 12 Jahre 1. School Love and Blackmail Regie: Melina Scheidegger &amp; Federico Gamper.","og_url":"https:\/\/jugendfilmtage.ch\/fr\/archives\/festival-2022\/gewinnerinnen-46-schweizer-jugendfilmtage\/","og_site_name":"FR Schweizer Jugendfilmtage","article_publisher":"https:\/\/www.facebook.com\/Jugendfilmtage","article_modified_time":"2024-11-20T10:20:04+00:00","og_image":[{"width":2560,"height":1707,"url":"https:\/\/jugendfilmtage.ch\/wp-content\/uploads\/2024\/11\/N56A2136_Preisverleihung_JK-scaled.jpg","type":"image\/jpeg"}],"twitter_card":"summary_large_image","twitter_site":"@jugendfilmtage","twitter_misc":{"Dur\u00e9e de lecture estim\u00e9e":"8 minutes"},"schema":{"@context":"https:\/\/schema.org","@graph":[{"@type":"WebPage","@id":"https:\/\/jugendfilmtage.ch\/fr\/archives\/festival-2022\/gewinnerinnen-46-schweizer-jugendfilmtage\/","url":"https:\/\/jugendfilmtage.ch\/fr\/archives\/festival-2022\/gewinnerinnen-46-schweizer-jugendfilmtage\/","name":"Gewinner*innen 46. Schweizer Jugendfilmtage - FR Schweizer Jugendfilmtage","isPartOf":{"@id":"https:\/\/jugendfilmtage.ch\/fr\/#website"},"primaryImageOfPage":{"@id":"https:\/\/jugendfilmtage.ch\/fr\/archives\/festival-2022\/gewinnerinnen-46-schweizer-jugendfilmtage\/#primaryimage"},"image":{"@id":"https:\/\/jugendfilmtage.ch\/fr\/archives\/festival-2022\/gewinnerinnen-46-schweizer-jugendfilmtage\/#primaryimage"},"thumbnailUrl":"https:\/\/jugendfilmtage.ch\/wp-content\/uploads\/2024\/11\/N56A2136_Preisverleihung_JK-scaled.jpg","datePublished":"2022-03-27T16:58:28+00:00","dateModified":"2024-11-20T10:20:04+00:00","description":"Gewinner*innen 46. Schweizer Jugendfilmtage Kategorie A, bis 12 Jahre 1. School Love and Blackmail Regie: Melina Scheidegger &amp; Federico Gamper.","breadcrumb":{"@id":"https:\/\/jugendfilmtage.ch\/fr\/archives\/festival-2022\/gewinnerinnen-46-schweizer-jugendfilmtage\/#breadcrumb"},"inLanguage":"fr-FR","potentialAction":[{"@type":"ReadAction","target":["https:\/\/jugendfilmtage.ch\/fr\/archives\/festival-2022\/gewinnerinnen-46-schweizer-jugendfilmtage\/"]}]},{"@type":"ImageObject","inLanguage":"fr-FR","@id":"https:\/\/jugendfilmtage.ch\/fr\/archives\/festival-2022\/gewinnerinnen-46-schweizer-jugendfilmtage\/#primaryimage","url":"https:\/\/jugendfilmtage.ch\/wp-content\/uploads\/2024\/11\/N56A2136_Preisverleihung_JK-scaled.jpg","contentUrl":"https:\/\/jugendfilmtage.ch\/wp-content\/uploads\/2024\/11\/N56A2136_Preisverleihung_JK-scaled.jpg"},{"@type":"BreadcrumbList","@id":"https:\/\/jugendfilmtage.ch\/fr\/archives\/festival-2022\/gewinnerinnen-46-schweizer-jugendfilmtage\/#breadcrumb","itemListElement":[{"@type":"ListItem","position":1,"name":"Archive","item":"https:\/\/jugendfilmtage.ch\/fr\/archives\/"},{"@type":"ListItem","position":2,"name":"Festival 2022","item":"https:\/\/jugendfilmtage.ch\/fr\/archives\/festival-2022\/"},{"@type":"ListItem","position":3,"name":"Gewinner*innen 46. Schweizer Jugendfilmtage"}]},{"@type":"WebSite","@id":"https:\/\/jugendfilmtage.ch\/fr\/#website","url":"https:\/\/jugendfilmtage.ch\/fr\/","name":"FR Schweizer Jugendfilmtage","description":"FR Festival Cin\u00e9 Jeunesse Suisse","potentialAction":[{"@type":"SearchAction","target":{"@type":"EntryPoint","urlTemplate":"https:\/\/jugendfilmtage.ch\/fr\/?s={search_term_string}"},"query-input":{"@type":"PropertyValueSpecification","valueRequired":true,"valueName":"search_term_string"}}],"inLanguage":"fr-FR"}]}},"_links":{"self":[{"href":"https:\/\/jugendfilmtage.ch\/fr\/wp-json\/wp\/v2\/pages\/15492","targetHints":{"allow":["GET"]}}],"collection":[{"href":"https:\/\/jugendfilmtage.ch\/fr\/wp-json\/wp\/v2\/pages"}],"about":[{"href":"https:\/\/jugendfilmtage.ch\/fr\/wp-json\/wp\/v2\/types\/page"}],"author":[{"embeddable":true,"href":"https:\/\/jugendfilmtage.ch\/fr\/wp-json\/wp\/v2\/users\/14"}],"replies":[{"embeddable":true,"href":"https:\/\/jugendfilmtage.ch\/fr\/wp-json\/wp\/v2\/comments?post=15492"}],"version-history":[{"count":9,"href":"https:\/\/jugendfilmtage.ch\/fr\/wp-json\/wp\/v2\/pages\/15492\/revisions"}],"predecessor-version":[{"id":27919,"href":"https:\/\/jugendfilmtage.ch\/fr\/wp-json\/wp\/v2\/pages\/15492\/revisions\/27919"}],"up":[{"embeddable":true,"href":"https:\/\/jugendfilmtage.ch\/fr\/wp-json\/wp\/v2\/pages\/15620"}],"wp:attachment":[{"href":"https:\/\/jugendfilmtage.ch\/fr\/wp-json\/wp\/v2\/media?parent=15492"}],"curies":[{"name":"wp","href":"https:\/\/api.w.org\/{rel}","templated":true}]}}