{"id":14514,"date":"2022-01-28T16:35:05","date_gmt":"2022-01-28T16:35:05","guid":{"rendered":"https:\/\/2024.jugendfilmtage.ch\/?page_id=14514"},"modified":"2024-01-31T11:53:49","modified_gmt":"2024-01-31T10:53:49","slug":"plan-de-protection-covid","status":"publish","type":"page","link":"https:\/\/jugendfilmtage.ch\/fr\/le-festival\/informations\/plan-de-protection-covid\/","title":{"rendered":"Concept \u00abAwareness\u00bb"},"content":{"rendered":"\n<h1 class=\"wp-block-heading\"><strong>Concept \u00abAwareness\u00bb<\/strong><\/h1>\n\n\n\n<p>Racisme, sexisme, homophobie, transphobie ainsi que tout autre type de comportement discriminateur et violent ne sont pas tol\u00e9r\u00e9s au Festival Cin\u00e9 Jeunesse Suisse. Si vous n\u00e9cessitez du soutien, ou si vous avez v\u00e9cu ou observ\u00e9 une situation d\u00e9sagr\u00e9able, vous avez la possibilit\u00e9 de rapporter l\u2019incident au stand d\u2019information ou aupr\u00e8s du personnel Festival Cin\u00e9 Jeunesse Suisse. Nos collaborateurs\u00b7trices sont inform\u00e9s et vous viendront en aide.<\/p>\n\n\n\n<figure class=\"wp-block-image\"><img loading=\"lazy\" decoding=\"async\" width=\"707\" height=\"1000\" src=\"https:\/\/jugendfilmtage.ch\/wp-content\/uploads\/2022\/03\/Awareness2_FR-707x1000.jpg\" alt=\"\" class=\"wp-image-15478\" srcset=\"https:\/\/jugendfilmtage.ch\/wp-content\/uploads\/2022\/03\/Awareness2_FR-707x1000.jpg 707w, https:\/\/jugendfilmtage.ch\/wp-content\/uploads\/2022\/03\/Awareness2_FR-212x300.jpg 212w, https:\/\/jugendfilmtage.ch\/wp-content\/uploads\/2022\/03\/Awareness2_FR-768x1086.jpg 768w, https:\/\/jugendfilmtage.ch\/wp-content\/uploads\/2022\/03\/Awareness2_FR-1086x1536.jpg 1086w, https:\/\/jugendfilmtage.ch\/wp-content\/uploads\/2022\/03\/Awareness2_FR-1448x2048.jpg 1448w, https:\/\/jugendfilmtage.ch\/wp-content\/uploads\/2022\/03\/Awareness2_FR-scaled.jpg 1810w\" sizes=\"auto, (max-width: 707px) 100vw, 707px\" \/><\/figure>\n","protected":false},"excerpt":{"rendered":"<p>Concept \u00abAwareness\u00bb Racisme, sexisme, homophobie, transphobie ainsi que tout autre type de comportement discriminateur et violent ne sont pas tol\u00e9r\u00e9s au Festival Cin\u00e9 Jeunesse Suisse. Si vous n\u00e9cessitez du soutien, ou si vous avez v\u00e9cu ou observ\u00e9 une situation d\u00e9sagr\u00e9able, vous avez la possibilit\u00e9 de rapporter l\u2019incident au stand d\u2019information ou aupr\u00e8s du personnel Festival [&hellip;]<\/p>\n","protected":false},"author":11,"featured_media":0,"parent":5809,"menu_order":0,"comment_status":"closed","ping_status":"closed","template":"","meta":{"_acf_changed":false,"footnotes":""},"class_list":["post-14514","page","type-page","status-publish","hentry"],"acf":[],"yoast_head":"<!-- This site is optimized with the Yoast SEO plugin v27.4 - https:\/\/yoast.com\/product\/yoast-seo-wordpress\/ -->\n<title>Concept \u00abAwareness\u00bb - FR Schweizer Jugendfilmtage<\/title>\n<meta name=\"description\" content=\"Concept \u00abAwareness\u00bb Racisme, sexisme, homophobie, transphobie ainsi que tout autre type de comportement discriminateur et violent ne sont pas tol\u00e9r\u00e9s au\" \/>\n<meta name=\"robots\" content=\"index, follow, max-snippet:-1, max-image-preview:large, max-video-preview:-1\" \/>\n<link rel=\"canonical\" href=\"https:\/\/jugendfilmtage.ch\/fr\/le-festival\/informations\/plan-de-protection-covid\/\" \/>\n<meta property=\"og:locale\" content=\"fr_FR\" \/>\n<meta property=\"og:type\" content=\"article\" \/>\n<meta property=\"og:title\" content=\"Concept \u00abAwareness\u00bb - FR Schweizer Jugendfilmtage\" \/>\n<meta property=\"og:description\" content=\"Concept \u00abAwareness\u00bb Racisme, sexisme, homophobie, transphobie ainsi que tout autre type de comportement discriminateur et violent ne sont pas tol\u00e9r\u00e9s au\" \/>\n<meta property=\"og:url\" content=\"https:\/\/jugendfilmtage.ch\/fr\/le-festival\/informations\/plan-de-protection-covid\/\" \/>\n<meta property=\"og:site_name\" content=\"FR Schweizer Jugendfilmtage\" \/>\n<meta property=\"article:publisher\" content=\"https:\/\/www.facebook.com\/Jugendfilmtage\" \/>\n<meta property=\"article:modified_time\" content=\"2024-01-31T10:53:49+00:00\" \/>\n<meta property=\"og:image\" content=\"https:\/\/jugendfilmtage.ch\/wp-content\/uploads\/2022\/03\/Awareness2_FR-707x1000.jpg\" \/>\n<meta name=\"twitter:card\" content=\"summary_large_image\" \/>\n<meta name=\"twitter:site\" content=\"@jugendfilmtage\" \/>\n<meta name=\"twitter:label1\" content=\"Dur\u00e9e de lecture estim\u00e9e\" \/>\n\t<meta name=\"twitter:data1\" content=\"1 minute\" \/>\n<script type=\"application\/ld+json\" class=\"yoast-schema-graph\">{\"@context\":\"https:\\\/\\\/schema.org\",\"@graph\":[{\"@type\":\"WebPage\",\"@id\":\"https:\\\/\\\/jugendfilmtage.ch\\\/fr\\\/le-festival\\\/informations\\\/plan-de-protection-covid\\\/\",\"url\":\"https:\\\/\\\/jugendfilmtage.ch\\\/fr\\\/le-festival\\\/informations\\\/plan-de-protection-covid\\\/\",\"name\":\"Concept \u00abAwareness\u00bb - FR Schweizer Jugendfilmtage\",\"isPartOf\":{\"@id\":\"https:\\\/\\\/jugendfilmtage.ch\\\/fr\\\/#website\"},\"primaryImageOfPage\":{\"@id\":\"https:\\\/\\\/jugendfilmtage.ch\\\/fr\\\/le-festival\\\/informations\\\/plan-de-protection-covid\\\/#primaryimage\"},\"image\":{\"@id\":\"https:\\\/\\\/jugendfilmtage.ch\\\/fr\\\/le-festival\\\/informations\\\/plan-de-protection-covid\\\/#primaryimage\"},\"thumbnailUrl\":\"https:\\\/\\\/jugendfilmtage.ch\\\/wp-content\\\/uploads\\\/2022\\\/03\\\/Awareness2_FR-707x1000.jpg\",\"datePublished\":\"2022-01-28T16:35:05+00:00\",\"dateModified\":\"2024-01-31T10:53:49+00:00\",\"description\":\"Concept \u00abAwareness\u00bb Racisme, sexisme, homophobie, transphobie ainsi que tout autre type de comportement discriminateur et violent ne sont pas tol\u00e9r\u00e9s au\",\"breadcrumb\":{\"@id\":\"https:\\\/\\\/jugendfilmtage.ch\\\/fr\\\/le-festival\\\/informations\\\/plan-de-protection-covid\\\/#breadcrumb\"},\"inLanguage\":\"fr-FR\",\"potentialAction\":[{\"@type\":\"ReadAction\",\"target\":[\"https:\\\/\\\/jugendfilmtage.ch\\\/fr\\\/le-festival\\\/informations\\\/plan-de-protection-covid\\\/\"]}]},{\"@type\":\"ImageObject\",\"inLanguage\":\"fr-FR\",\"@id\":\"https:\\\/\\\/jugendfilmtage.ch\\\/fr\\\/le-festival\\\/informations\\\/plan-de-protection-covid\\\/#primaryimage\",\"url\":\"https:\\\/\\\/jugendfilmtage.ch\\\/wp-content\\\/uploads\\\/2022\\\/03\\\/Awareness2_FR-707x1000.jpg\",\"contentUrl\":\"https:\\\/\\\/jugendfilmtage.ch\\\/wp-content\\\/uploads\\\/2022\\\/03\\\/Awareness2_FR-707x1000.jpg\"},{\"@type\":\"BreadcrumbList\",\"@id\":\"https:\\\/\\\/jugendfilmtage.ch\\\/fr\\\/le-festival\\\/informations\\\/plan-de-protection-covid\\\/#breadcrumb\",\"itemListElement\":[{\"@type\":\"ListItem\",\"position\":1,\"name\":\"Le Festival\",\"item\":\"https:\\\/\\\/jugendfilmtage.ch\\\/fr\\\/le-festival\\\/\"},{\"@type\":\"ListItem\",\"position\":2,\"name\":\"Informations\",\"item\":\"https:\\\/\\\/jugendfilmtage.ch\\\/fr\\\/le-festival\\\/informations\\\/\"},{\"@type\":\"ListItem\",\"position\":3,\"name\":\"Concept \u00abAwareness\u00bb\"}]},{\"@type\":\"WebSite\",\"@id\":\"https:\\\/\\\/jugendfilmtage.ch\\\/fr\\\/#website\",\"url\":\"https:\\\/\\\/jugendfilmtage.ch\\\/fr\\\/\",\"name\":\"FR Schweizer Jugendfilmtage\",\"description\":\"FR Festival Cin\u00e9 Jeunesse Suisse\",\"potentialAction\":[{\"@type\":\"SearchAction\",\"target\":{\"@type\":\"EntryPoint\",\"urlTemplate\":\"https:\\\/\\\/jugendfilmtage.ch\\\/fr\\\/?s={search_term_string}\"},\"query-input\":{\"@type\":\"PropertyValueSpecification\",\"valueRequired\":true,\"valueName\":\"search_term_string\"}}],\"inLanguage\":\"fr-FR\"}]}<\/script>\n<!-- \/ Yoast SEO plugin. -->","yoast_head_json":{"title":"Concept \u00abAwareness\u00bb - FR Schweizer Jugendfilmtage","description":"Concept \u00abAwareness\u00bb Racisme, sexisme, homophobie, transphobie ainsi que tout autre type de comportement discriminateur et violent ne sont pas tol\u00e9r\u00e9s au","robots":{"index":"index","follow":"follow","max-snippet":"max-snippet:-1","max-image-preview":"max-image-preview:large","max-video-preview":"max-video-preview:-1"},"canonical":"https:\/\/jugendfilmtage.ch\/fr\/le-festival\/informations\/plan-de-protection-covid\/","og_locale":"fr_FR","og_type":"article","og_title":"Concept \u00abAwareness\u00bb - FR Schweizer Jugendfilmtage","og_description":"Concept \u00abAwareness\u00bb Racisme, sexisme, homophobie, transphobie ainsi que tout autre type de comportement discriminateur et violent ne sont pas tol\u00e9r\u00e9s au","og_url":"https:\/\/jugendfilmtage.ch\/fr\/le-festival\/informations\/plan-de-protection-covid\/","og_site_name":"FR Schweizer Jugendfilmtage","article_publisher":"https:\/\/www.facebook.com\/Jugendfilmtage","article_modified_time":"2024-01-31T10:53:49+00:00","og_image":[{"url":"https:\/\/jugendfilmtage.ch\/wp-content\/uploads\/2022\/03\/Awareness2_FR-707x1000.jpg","type":"","width":"","height":""}],"twitter_card":"summary_large_image","twitter_site":"@jugendfilmtage","twitter_misc":{"Dur\u00e9e de lecture estim\u00e9e":"1 minute"},"schema":{"@context":"https:\/\/schema.org","@graph":[{"@type":"WebPage","@id":"https:\/\/jugendfilmtage.ch\/fr\/le-festival\/informations\/plan-de-protection-covid\/","url":"https:\/\/jugendfilmtage.ch\/fr\/le-festival\/informations\/plan-de-protection-covid\/","name":"Concept \u00abAwareness\u00bb - FR Schweizer Jugendfilmtage","isPartOf":{"@id":"https:\/\/jugendfilmtage.ch\/fr\/#website"},"primaryImageOfPage":{"@id":"https:\/\/jugendfilmtage.ch\/fr\/le-festival\/informations\/plan-de-protection-covid\/#primaryimage"},"image":{"@id":"https:\/\/jugendfilmtage.ch\/fr\/le-festival\/informations\/plan-de-protection-covid\/#primaryimage"},"thumbnailUrl":"https:\/\/jugendfilmtage.ch\/wp-content\/uploads\/2022\/03\/Awareness2_FR-707x1000.jpg","datePublished":"2022-01-28T16:35:05+00:00","dateModified":"2024-01-31T10:53:49+00:00","description":"Concept \u00abAwareness\u00bb Racisme, sexisme, homophobie, transphobie ainsi que tout autre type de comportement discriminateur et violent ne sont pas tol\u00e9r\u00e9s au","breadcrumb":{"@id":"https:\/\/jugendfilmtage.ch\/fr\/le-festival\/informations\/plan-de-protection-covid\/#breadcrumb"},"inLanguage":"fr-FR","potentialAction":[{"@type":"ReadAction","target":["https:\/\/jugendfilmtage.ch\/fr\/le-festival\/informations\/plan-de-protection-covid\/"]}]},{"@type":"ImageObject","inLanguage":"fr-FR","@id":"https:\/\/jugendfilmtage.ch\/fr\/le-festival\/informations\/plan-de-protection-covid\/#primaryimage","url":"https:\/\/jugendfilmtage.ch\/wp-content\/uploads\/2022\/03\/Awareness2_FR-707x1000.jpg","contentUrl":"https:\/\/jugendfilmtage.ch\/wp-content\/uploads\/2022\/03\/Awareness2_FR-707x1000.jpg"},{"@type":"BreadcrumbList","@id":"https:\/\/jugendfilmtage.ch\/fr\/le-festival\/informations\/plan-de-protection-covid\/#breadcrumb","itemListElement":[{"@type":"ListItem","position":1,"name":"Le Festival","item":"https:\/\/jugendfilmtage.ch\/fr\/le-festival\/"},{"@type":"ListItem","position":2,"name":"Informations","item":"https:\/\/jugendfilmtage.ch\/fr\/le-festival\/informations\/"},{"@type":"ListItem","position":3,"name":"Concept \u00abAwareness\u00bb"}]},{"@type":"WebSite","@id":"https:\/\/jugendfilmtage.ch\/fr\/#website","url":"https:\/\/jugendfilmtage.ch\/fr\/","name":"FR Schweizer Jugendfilmtage","description":"FR Festival Cin\u00e9 Jeunesse Suisse","potentialAction":[{"@type":"SearchAction","target":{"@type":"EntryPoint","urlTemplate":"https:\/\/jugendfilmtage.ch\/fr\/?s={search_term_string}"},"query-input":{"@type":"PropertyValueSpecification","valueRequired":true,"valueName":"search_term_string"}}],"inLanguage":"fr-FR"}]}},"_links":{"self":[{"href":"https:\/\/jugendfilmtage.ch\/fr\/wp-json\/wp\/v2\/pages\/14514","targetHints":{"allow":["GET"]}}],"collection":[{"href":"https:\/\/jugendfilmtage.ch\/fr\/wp-json\/wp\/v2\/pages"}],"about":[{"href":"https:\/\/jugendfilmtage.ch\/fr\/wp-json\/wp\/v2\/types\/page"}],"author":[{"embeddable":true,"href":"https:\/\/jugendfilmtage.ch\/fr\/wp-json\/wp\/v2\/users\/11"}],"replies":[{"embeddable":true,"href":"https:\/\/jugendfilmtage.ch\/fr\/wp-json\/wp\/v2\/comments?post=14514"}],"version-history":[{"count":6,"href":"https:\/\/jugendfilmtage.ch\/fr\/wp-json\/wp\/v2\/pages\/14514\/revisions"}],"predecessor-version":[{"id":23273,"href":"https:\/\/jugendfilmtage.ch\/fr\/wp-json\/wp\/v2\/pages\/14514\/revisions\/23273"}],"up":[{"embeddable":true,"href":"https:\/\/jugendfilmtage.ch\/fr\/wp-json\/wp\/v2\/pages\/5809"}],"wp:attachment":[{"href":"https:\/\/jugendfilmtage.ch\/fr\/wp-json\/wp\/v2\/media?parent=14514"}],"curies":[{"name":"wp","href":"https:\/\/api.w.org\/{rel}","templated":true}]}}