{"id":13994,"date":"2021-04-21T12:09:24","date_gmt":"2021-04-21T12:09:24","guid":{"rendered":"https:\/\/2024.jugendfilmtage.ch\/?page_id=13994"},"modified":"2024-02-06T10:27:31","modified_gmt":"2024-02-06T09:27:31","slug":"films-documentaire-borderpass-2020","status":"publish","type":"page","link":"https:\/\/jugendfilmtage.ch\/fr\/archives\/festival-2020\/films-documentaire-borderpass-2020\/","title":{"rendered":"Films documentaire BorderPass 2020"},"content":{"rendered":"<h1>Films documentaire BorderPass 2020<\/h1>\n<p>De 2018 \u00e0 2020, le Festival Cin\u00e9 Jeunesse Suisse a chapeaut\u00e9 plusieurs ateliers de cin\u00e9ma documentaire en collaboration avec les festivals Dokufest \u00e0 Prizren (Kosovo), KREF \u00e0 Leskovac (Serbie) et Pravo Ljudski \u00e0 Sarajevo (Bosnie-Herz\u00e9govine) (www.borderpass.ch).<\/p>\n<p>L\u2019\u00e9dition d\u2019automne 2020, qui s\u2019est tenue en ligne, a r\u00e9uni dix jeunes originaires de Suisse, de Bosnie-Herz\u00e9govine, de Serbie et du Mont\u00e9n\u00e9gro. Dix jours de collaboration intense ont donn\u00e9 naissance \u00e0 trois courts m\u00e9trages inspir\u00e9s par le th\u00e8me \u00ab Hold me tight \u00bb. Le savoir-faire cin\u00e9matographique et l\u2019\u00e9change culturel \u00e9taient des aspects essentiels de l\u2019atelier.<\/p>\n<p><strong>Neighborhood<\/strong><\/p>\n<div class=\"movie__description__body js--expander\">\n<div class=\"js--expander__intro\">\n<p>R\u00e9alisation\u00a0: Abdulah Hod\u017ei\u0107, Carla Scholl, Candice Eberli, Miona \u0110enisijevi\u0107<br \/>\nFilm documentaire, 2020, VO, e, 5&rsquo;24\u00a0\u00bb, Bosnie-Herz\u00e9govine \/ Suisse \/ Serbie<\/p>\n<p>Neighborhood se penche sur la signification du voisinage. L\u2019angle du film est tr\u00e8s personnel, alternant entre le regard objectif des r\u00e9alisateurs*trices et le point de vue subjectif d\u2019une voisine.<\/p>\n<\/div>\n<\/div>\n<p><iframe loading=\"lazy\" src=\"https:\/\/player.vimeo.com\/video\/526135524\" width=\"640\" height=\"564\" frameborder=\"0\" allowfullscreen=\"allowfullscreen\"><\/iframe><\/p>\n<p><strong>To myself<\/strong><\/p>\n<div class=\"movie__description__body js--expander\">\n<div class=\"js--expander__intro\">\n<p>R\u00e9alisation\u00a0: Lalo M\u00fchleisen, Mateja Rai\u010dkovi\u0107, Maya de Roche, Na\u0111a Sakovi\u0107<br \/>\nFilm documentaire, 2020, VO, e, 4&rsquo;01\u00a0\u00bb, Mont\u00e9n\u00e9gro \/ Suisse \/ Serbie<\/p>\n<p>Les cin\u00e9astes s\u2019int\u00e9ressent \u00e0 leur environnement et au r\u00f4le qu\u2019ils et elles y jouent. Le montage, soutenu par une voix off po\u00e9tique, entrelace de mani\u00e8re organique les univers des quatre jeunes qui vivent dans trois pays tr\u00e8s diff\u00e9rents.<\/p>\n<\/div>\n<\/div>\n<p><iframe loading=\"lazy\" src=\"https:\/\/player.vimeo.com\/video\/526133706\" width=\"640\" height=\"564\" frameborder=\"0\" allowfullscreen=\"allowfullscreen\"><\/iframe><\/p>\n<p><strong>Community<\/strong><\/p>\n<div class=\"movie__description__body js--expander\">\n<div class=\"js--expander__intro\">\n<p>R\u00e9alisation\u00a0: Federica Alberti, Irena Vu\u010dkovi\u0107<br \/>\nFilm documentaire, 2020, VO, e, 5&rsquo;53\u00a0\u00bb, Suisse \/ Serbie<\/p>\n<p>Community nous donne un aper\u00e7u intime de la notion de communaut\u00e9 et fait d\u00e9couvrir les diff\u00e9rentes dynamiques qui y sont \u00e0 l\u2019\u0153uvre.<\/p>\n<\/div>\n<\/div>\n<p><iframe loading=\"lazy\" src=\"https:\/\/player.vimeo.com\/video\/526136766\" width=\"640\" height=\"564\" frameborder=\"0\" allowfullscreen=\"allowfullscreen\"><\/iframe><\/p>\n<p><strong>Podium vom 20.3.2021<\/strong><\/p>\n<p><iframe loading=\"lazy\" src=\"https:\/\/player.vimeo.com\/video\/523387171\" width=\"640\" height=\"360\" frameborder=\"0\" allowfullscreen=\"allowfullscreen\"><\/iframe><\/p>\n","protected":false},"excerpt":{"rendered":"<p>Films documentaire BorderPass 2020 De 2018 \u00e0 2020, le Festival Cin\u00e9 Jeunesse Suisse a chapeaut\u00e9 plusieurs ateliers de cin\u00e9ma documentaire en collaboration avec les festivals Dokufest \u00e0 Prizren (Kosovo), KREF \u00e0 Leskovac (Serbie) et Pravo Ljudski \u00e0 Sarajevo (Bosnie-Herz\u00e9govine) (www.borderpass.ch). L\u2019\u00e9dition d\u2019automne 2020, qui s\u2019est tenue en ligne, a r\u00e9uni dix jeunes originaires de Suisse, [&hellip;]<\/p>\n","protected":false},"author":10,"featured_media":0,"parent":9463,"menu_order":5,"comment_status":"closed","ping_status":"closed","template":"","meta":{"_acf_changed":false,"footnotes":""},"class_list":["post-13994","page","type-page","status-publish","hentry"],"acf":[],"yoast_head":"<!-- This site is optimized with the Yoast SEO plugin v27.4 - https:\/\/yoast.com\/product\/yoast-seo-wordpress\/ -->\n<title>Films documentaire BorderPass 2020 - FR Schweizer Jugendfilmtage<\/title>\n<meta name=\"description\" content=\"Films documentaire BorderPass 2020 De 2018 \u00e0 2020, le Festival Cin\u00e9 Jeunesse Suisse a chapeaut\u00e9 plusieurs ateliers de cin\u00e9ma documentaire en collaboration\" \/>\n<meta name=\"robots\" content=\"index, follow, max-snippet:-1, max-image-preview:large, max-video-preview:-1\" \/>\n<link rel=\"canonical\" href=\"https:\/\/jugendfilmtage.ch\/fr\/archives\/festival-2020\/films-documentaire-borderpass-2020\/\" \/>\n<meta property=\"og:locale\" content=\"fr_FR\" \/>\n<meta property=\"og:type\" content=\"article\" \/>\n<meta property=\"og:title\" content=\"Films documentaire BorderPass 2020 - FR Schweizer Jugendfilmtage\" \/>\n<meta property=\"og:description\" content=\"Films documentaire BorderPass 2020 De 2018 \u00e0 2020, le Festival Cin\u00e9 Jeunesse Suisse a chapeaut\u00e9 plusieurs ateliers de cin\u00e9ma documentaire en collaboration\" \/>\n<meta property=\"og:url\" content=\"https:\/\/jugendfilmtage.ch\/fr\/archives\/festival-2020\/films-documentaire-borderpass-2020\/\" \/>\n<meta property=\"og:site_name\" content=\"FR Schweizer Jugendfilmtage\" \/>\n<meta property=\"article:publisher\" content=\"https:\/\/www.facebook.com\/Jugendfilmtage\" \/>\n<meta property=\"article:modified_time\" content=\"2024-02-06T09:27:31+00:00\" \/>\n<meta name=\"twitter:card\" content=\"summary_large_image\" \/>\n<meta name=\"twitter:site\" content=\"@jugendfilmtage\" \/>\n<meta name=\"twitter:label1\" content=\"Dur\u00e9e de lecture estim\u00e9e\" \/>\n\t<meta name=\"twitter:data1\" content=\"2 minutes\" \/>\n<script type=\"application\/ld+json\" class=\"yoast-schema-graph\">{\"@context\":\"https:\\\/\\\/schema.org\",\"@graph\":[{\"@type\":\"WebPage\",\"@id\":\"https:\\\/\\\/jugendfilmtage.ch\\\/fr\\\/archives\\\/festival-2020\\\/films-documentaire-borderpass-2020\\\/\",\"url\":\"https:\\\/\\\/jugendfilmtage.ch\\\/fr\\\/archives\\\/festival-2020\\\/films-documentaire-borderpass-2020\\\/\",\"name\":\"Films documentaire BorderPass 2020 - FR Schweizer Jugendfilmtage\",\"isPartOf\":{\"@id\":\"https:\\\/\\\/jugendfilmtage.ch\\\/fr\\\/#website\"},\"datePublished\":\"2021-04-21T12:09:24+00:00\",\"dateModified\":\"2024-02-06T09:27:31+00:00\",\"description\":\"Films documentaire BorderPass 2020 De 2018 \u00e0 2020, le Festival Cin\u00e9 Jeunesse Suisse a chapeaut\u00e9 plusieurs ateliers de cin\u00e9ma documentaire en collaboration\",\"breadcrumb\":{\"@id\":\"https:\\\/\\\/jugendfilmtage.ch\\\/fr\\\/archives\\\/festival-2020\\\/films-documentaire-borderpass-2020\\\/#breadcrumb\"},\"inLanguage\":\"fr-FR\",\"potentialAction\":[{\"@type\":\"ReadAction\",\"target\":[\"https:\\\/\\\/jugendfilmtage.ch\\\/fr\\\/archives\\\/festival-2020\\\/films-documentaire-borderpass-2020\\\/\"]}]},{\"@type\":\"BreadcrumbList\",\"@id\":\"https:\\\/\\\/jugendfilmtage.ch\\\/fr\\\/archives\\\/festival-2020\\\/films-documentaire-borderpass-2020\\\/#breadcrumb\",\"itemListElement\":[{\"@type\":\"ListItem\",\"position\":1,\"name\":\"Archive\",\"item\":\"https:\\\/\\\/jugendfilmtage.ch\\\/fr\\\/archives\\\/\"},{\"@type\":\"ListItem\",\"position\":2,\"name\":\"Festival 2020\",\"item\":\"https:\\\/\\\/jugendfilmtage.ch\\\/fr\\\/archives\\\/festival-2020\\\/\"},{\"@type\":\"ListItem\",\"position\":3,\"name\":\"Films documentaire BorderPass 2020\"}]},{\"@type\":\"WebSite\",\"@id\":\"https:\\\/\\\/jugendfilmtage.ch\\\/fr\\\/#website\",\"url\":\"https:\\\/\\\/jugendfilmtage.ch\\\/fr\\\/\",\"name\":\"FR Schweizer Jugendfilmtage\",\"description\":\"FR Festival Cin\u00e9 Jeunesse Suisse\",\"potentialAction\":[{\"@type\":\"SearchAction\",\"target\":{\"@type\":\"EntryPoint\",\"urlTemplate\":\"https:\\\/\\\/jugendfilmtage.ch\\\/fr\\\/?s={search_term_string}\"},\"query-input\":{\"@type\":\"PropertyValueSpecification\",\"valueRequired\":true,\"valueName\":\"search_term_string\"}}],\"inLanguage\":\"fr-FR\"}]}<\/script>\n<!-- \/ Yoast SEO plugin. -->","yoast_head_json":{"title":"Films documentaire BorderPass 2020 - FR Schweizer Jugendfilmtage","description":"Films documentaire BorderPass 2020 De 2018 \u00e0 2020, le Festival Cin\u00e9 Jeunesse Suisse a chapeaut\u00e9 plusieurs ateliers de cin\u00e9ma documentaire en collaboration","robots":{"index":"index","follow":"follow","max-snippet":"max-snippet:-1","max-image-preview":"max-image-preview:large","max-video-preview":"max-video-preview:-1"},"canonical":"https:\/\/jugendfilmtage.ch\/fr\/archives\/festival-2020\/films-documentaire-borderpass-2020\/","og_locale":"fr_FR","og_type":"article","og_title":"Films documentaire BorderPass 2020 - FR Schweizer Jugendfilmtage","og_description":"Films documentaire BorderPass 2020 De 2018 \u00e0 2020, le Festival Cin\u00e9 Jeunesse Suisse a chapeaut\u00e9 plusieurs ateliers de cin\u00e9ma documentaire en collaboration","og_url":"https:\/\/jugendfilmtage.ch\/fr\/archives\/festival-2020\/films-documentaire-borderpass-2020\/","og_site_name":"FR Schweizer Jugendfilmtage","article_publisher":"https:\/\/www.facebook.com\/Jugendfilmtage","article_modified_time":"2024-02-06T09:27:31+00:00","twitter_card":"summary_large_image","twitter_site":"@jugendfilmtage","twitter_misc":{"Dur\u00e9e de lecture estim\u00e9e":"2 minutes"},"schema":{"@context":"https:\/\/schema.org","@graph":[{"@type":"WebPage","@id":"https:\/\/jugendfilmtage.ch\/fr\/archives\/festival-2020\/films-documentaire-borderpass-2020\/","url":"https:\/\/jugendfilmtage.ch\/fr\/archives\/festival-2020\/films-documentaire-borderpass-2020\/","name":"Films documentaire BorderPass 2020 - FR Schweizer Jugendfilmtage","isPartOf":{"@id":"https:\/\/jugendfilmtage.ch\/fr\/#website"},"datePublished":"2021-04-21T12:09:24+00:00","dateModified":"2024-02-06T09:27:31+00:00","description":"Films documentaire BorderPass 2020 De 2018 \u00e0 2020, le Festival Cin\u00e9 Jeunesse Suisse a chapeaut\u00e9 plusieurs ateliers de cin\u00e9ma documentaire en collaboration","breadcrumb":{"@id":"https:\/\/jugendfilmtage.ch\/fr\/archives\/festival-2020\/films-documentaire-borderpass-2020\/#breadcrumb"},"inLanguage":"fr-FR","potentialAction":[{"@type":"ReadAction","target":["https:\/\/jugendfilmtage.ch\/fr\/archives\/festival-2020\/films-documentaire-borderpass-2020\/"]}]},{"@type":"BreadcrumbList","@id":"https:\/\/jugendfilmtage.ch\/fr\/archives\/festival-2020\/films-documentaire-borderpass-2020\/#breadcrumb","itemListElement":[{"@type":"ListItem","position":1,"name":"Archive","item":"https:\/\/jugendfilmtage.ch\/fr\/archives\/"},{"@type":"ListItem","position":2,"name":"Festival 2020","item":"https:\/\/jugendfilmtage.ch\/fr\/archives\/festival-2020\/"},{"@type":"ListItem","position":3,"name":"Films documentaire BorderPass 2020"}]},{"@type":"WebSite","@id":"https:\/\/jugendfilmtage.ch\/fr\/#website","url":"https:\/\/jugendfilmtage.ch\/fr\/","name":"FR Schweizer Jugendfilmtage","description":"FR Festival Cin\u00e9 Jeunesse Suisse","potentialAction":[{"@type":"SearchAction","target":{"@type":"EntryPoint","urlTemplate":"https:\/\/jugendfilmtage.ch\/fr\/?s={search_term_string}"},"query-input":{"@type":"PropertyValueSpecification","valueRequired":true,"valueName":"search_term_string"}}],"inLanguage":"fr-FR"}]}},"_links":{"self":[{"href":"https:\/\/jugendfilmtage.ch\/fr\/wp-json\/wp\/v2\/pages\/13994","targetHints":{"allow":["GET"]}}],"collection":[{"href":"https:\/\/jugendfilmtage.ch\/fr\/wp-json\/wp\/v2\/pages"}],"about":[{"href":"https:\/\/jugendfilmtage.ch\/fr\/wp-json\/wp\/v2\/types\/page"}],"author":[{"embeddable":true,"href":"https:\/\/jugendfilmtage.ch\/fr\/wp-json\/wp\/v2\/users\/10"}],"replies":[{"embeddable":true,"href":"https:\/\/jugendfilmtage.ch\/fr\/wp-json\/wp\/v2\/comments?post=13994"}],"version-history":[{"count":2,"href":"https:\/\/jugendfilmtage.ch\/fr\/wp-json\/wp\/v2\/pages\/13994\/revisions"}],"predecessor-version":[{"id":23819,"href":"https:\/\/jugendfilmtage.ch\/fr\/wp-json\/wp\/v2\/pages\/13994\/revisions\/23819"}],"up":[{"embeddable":true,"href":"https:\/\/jugendfilmtage.ch\/fr\/wp-json\/wp\/v2\/pages\/9463"}],"wp:attachment":[{"href":"https:\/\/jugendfilmtage.ch\/fr\/wp-json\/wp\/v2\/media?parent=13994"}],"curies":[{"name":"wp","href":"https:\/\/api.w.org\/{rel}","templated":true}]}}