{"id":13903,"date":"2021-03-21T10:59:39","date_gmt":"2021-03-21T10:59:39","guid":{"rendered":"https:\/\/2024.jugendfilmtage.ch\/programme-2021\/winners-45-schweizer-jugendfilmtage\/"},"modified":"2024-11-15T16:31:38","modified_gmt":"2024-11-15T15:31:38","slug":"gewinnerinnen-45-schweizer-jugendfilmtage","status":"publish","type":"page","link":"https:\/\/jugendfilmtage.ch\/fr\/archives\/festival-2021\/gewinnerinnen-45-schweizer-jugendfilmtage\/","title":{"rendered":"Gewinner*innen 45. Schweizer Jugendfilmtage"},"content":{"rendered":"\n<figure class=\"wp-block-image size-large\"><img loading=\"lazy\" decoding=\"async\" width=\"880\" height=\"587\" src=\"https:\/\/jugendfilmtage.ch\/wp-content\/uploads\/2024\/11\/N56A8407-880x587.jpg\" alt=\"45. Schweizer Jugendfilmtage\" class=\"wp-image-27780\" srcset=\"https:\/\/jugendfilmtage.ch\/wp-content\/uploads\/2024\/11\/N56A8407-880x587.jpg 880w, https:\/\/jugendfilmtage.ch\/wp-content\/uploads\/2024\/11\/N56A8407-300x200.jpg 300w, https:\/\/jugendfilmtage.ch\/wp-content\/uploads\/2024\/11\/N56A8407-280x186.jpg 280w, https:\/\/jugendfilmtage.ch\/wp-content\/uploads\/2024\/11\/N56A8407-768x512.jpg 768w, https:\/\/jugendfilmtage.ch\/wp-content\/uploads\/2024\/11\/N56A8407-1536x1024.jpg 1536w, https:\/\/jugendfilmtage.ch\/wp-content\/uploads\/2024\/11\/N56A8407-2048x1365.jpg 2048w\" sizes=\"auto, (max-width: 880px) 100vw, 880px\" \/><\/figure>\n\n\n\n<h1 class=\"wp-block-heading\">Gewinner*innen 45. Schweizer Jugendfilmtage<\/h1>\n\n\n\n<figure class=\"wp-block-image size-full\"><img decoding=\"async\" src=\"https:\/\/jugendfilmtage.ch\/wp-content\/uploads\/2024\/03\/icon-der-springende-panther.svg\" alt=\"Icon: Der springende Panther\" class=\"wp-image-25288\"\/><\/figure>\n\n\n\n<details class=\"wp-block-details is-layout-flow wp-block-details-is-layout-flow\"><summary>Kategorie A, bis 12 Jahre<\/summary>\n<p><strong>1.PEM<\/strong><\/p>\n\n\n\n<p>Regie: Sky Lions, Gruppe: Klappe 5g (Z\u00fcrich)<\/p>\n\n\n\n<p><em>L\u00f6sungen f\u00fcr die Verschmutzung unserer Erde. Engagiert und mit viel Herz umgesetzt, \u00fcberschreitet der Film Grenzen in einer hochaktuellen Thematik. Mutig und Innovativ, das Werk \u00abPEM\u00bb von Sky Lions, Klasse 5g aus Regensdorf wurde einstimmig von der Jury mit dem ersten Preis in der Kategorie A ausgezeichnet !<\/em><\/p>\n\n\n\n<p><br><strong>2. Teufel komm raus<\/strong><\/p>\n\n\n\n<p>Regie: Jay Rufer, crossfade.tv Filmcamp 2020 (Z\u00fcrich)<\/p>\n\n\n\n<p><em>Originell und mit kritischem Blick, spricht der Film vom Guten und B\u00f6sen; der Gier des Geldes, einer Erwachsen Erfindung. Mit Schauspielerischer Leistung, toller Visuellen Umsetzung und gutem Rhythmus, \u00fcberzeugt diese Geschichte. Der Zuschauer sp\u00fcrt die Lust und den Spa\u00df des Filmteams an dem Projekt. Der Film zeichnete das L\u00e4cheln auf unsere Gesichter. Der 2.Preis in der Kategorie A geht an \u00abTeufel komm raus\u00bb von Jay Rufer, Crossfade.tv Filmcamp!<\/em><\/p>\n\n\n\n<p><br>3. HAN ES Z\u00dcNDH\u00d6LZLI AZ\u00dcNDT<\/p>\n\n\n\n<p>Regie: K\u2019Werk Kurs Trickfilm \/ Animation<\/p>\n\n\n\n<p><em>Der Einsatz einer Gruppe und die pr\u00e4zise Zusammenarbeit von vielen H\u00e4nden machen den Film einzigartig. Die wundersch\u00f6ne Bildsprache erz\u00e4hlt den Text eines Schweizer Klassikers und geht \u00fcber ihn hinaus. Das Werk ber\u00fchrt und bringt zum Nachdenken, Qualit\u00e4ten die jeder Film braucht. Deswegen geht der 3. Peris an \u00abI han es Z\u00fcndh\u00f6lzli anz\u00fcndt\u00bb vom K\u2019Werk Kurs Trickfilm und Animation!<\/em><\/p>\n<\/details>\n\n\n\n<details class=\"wp-block-details is-layout-flow wp-block-details-is-layout-flow\"><summary>Kategorie B, bis 16 Jahre<\/summary>\n<p><strong>1. Andr\u00e0 tutto BEN\u00b7issimo<\/strong><\/p>\n\n\n\n<p>Regie: Atelier cinema, REC-Progetto Villa San Quirico (Ticino)<\/p>\n\n\n\n<p><em>Der Film greift das Thema Lockdown und die erschwerte digitale Kommunikation auf erfrischende und sehr authentische Weise auf. Es ist den Filmemachern gelungen einen sehr klaren und nat\u00fcrlichen Einblick in das Leben w\u00e4hrend des Lockdowns von Jugendlichen zu geben. Die daf\u00fcr gew\u00e4hlten Mittel sind einfach und dennoch sehr realistisch und \u00fcberzeugen. Auch die Dialoge haben eine Nat\u00fcrlichkeit an sich und passend perfekt. Zudem nimmt der Film wichtige Themen mit einer Leichtigkeit auf ohne je mit dem Zeigefinger darauf zu zeigen. Eine tolle Gemeinschaftsleistung die von der Jury einstimmig auf den ersten Platz gew\u00e4hlt wurde.<\/em><\/p>\n\n\n\n<p><br><strong>2. The Other Virus<\/strong><\/p>\n\n\n\n<p>Regie: Sekundarschule Thalwil AB2c (Z\u00fcrich)<\/p>\n\n\n\n<p><em>Zwei hochaktuelle und zentrale Themen greift dieser Film in verschiedenen, fantasievoll zusammengef\u00fcgten Szenen auf. Er fokussiert die behandelte Thematik in jeder Szene auf eine ganz eigene Art und wird durch provokativ gestellt Fragen elegant zu einem Ganzen zusammengef\u00fcgt. Der Film zeichnet sich durch ein hohes Mass an Kreativit\u00e4t, Mut und unkonventionellem Denken aus und zeigt gleichzeitig das Film ein tolles Gemeinschaftswerk ist. Es ist wundersch\u00f6n zu sehen, wie differenziert sich eine Schulklasse mit einem f\u00fcr alle wichtigen Thema auseinandergesetzt hat. Ein redlich verdienter 2ter Platz.<\/em><\/p>\n\n\n\n<p><br><strong>3. See the Sea<\/strong><\/p>\n\n\n\n<p>Regie: Konstantin Reber (Aargau)<\/p>\n\n\n\n<p><em>Dieser Film erlaubt es uns unsere Sinne zu sch\u00e4rfen und deren einzelne Bedeutung zu hinterfragen. Braucht es wirklich Augen um zu sehen? Mit poetischen und sehr sorgf\u00e4ltig ausgew\u00e4hlten Bildern nimmt der Filmemacher uns mit auf eine einmalige Reise und erlaubt es uns alt bekanntes mit anderen Augen zu sehen. Der Filmemacher hat die Jury mit seiner k\u00fchnen Herangehensweise und Originalit\u00e4t \u00fcberzeugt, weshalb wir diesen Film auf den dritten Platz gew\u00e4hlt haben.<\/em><\/p>\n<\/details>\n\n\n\n<details class=\"wp-block-details is-layout-flow wp-block-details-is-layout-flow\"><summary>Kategorie C, bis 19 Jahre<\/summary>\n<p><strong>1. Florieren<\/strong><\/p>\n\n\n\n<p>Regie: Florian Garzotto (Z\u00fcrich)<\/p>\n\n\n\n<p><em>Auch bei diesem Film muss das Handwerk betont werden. Es ist ein Film, bei dem viel Recherchearbeit drinsteckt, die sich mit derer von ganz Grossen seines Filmgenres messen kann.&nbsp;Doch nicht nur die Machart dieses Filmes zeugt von viel Reife. Auch die Selbstreflexion, des Filmemachers, der gleichzeitig auch der Protagonist seines Films ist.&nbsp;Der Regisseur taucht darin n\u00e4mlich in seine eigene Vergangenheit ab und hinterfragt gleichzeitig kritisch, wie uns diese Gesellschaft beibringt, eine Frau oder ein Mann zu sein. Der Film ist damit intimes Selbstportrait und zugleich wichtige Geschichte \u00fcber Identit\u00e4tsfindung \u2013&nbsp; die Mut macht.<\/em><\/p>\n\n\n\n<p><br><strong>2. Postapokalyptischer Zyklus<\/strong><\/p>\n\n\n\n<p>Regie: Annika Lutzke &amp; Emily Eberl (Z\u00fcrich)<\/p>\n\n\n\n<p><em>Das k\u00fcnstlerische Setting ist eine Mischung aus Science-Fiction Film, Experimentalfilm und One-Woman Show.&nbsp;Die beiden Filmemacherinnen setzen darin ein leider immer noch tabuisiertes Thema auf eine wahnsinnig humorvolle und kreative Weise um. Es ist eine grosse Freude zu sehen, wie die beiden mit viel Phantasie und mit einer erfrischenden Leichtigkeit mit dem Thema umgehen. Wir hoffen, dass der Film auch andere ermutigen kann, ihre Scham und Stigmas rund um das Thema Menstruation abzulegen. Annina Lutzke und Emily Eberl, ihr habt uns mit Postapokalyptischer Zyklus sehr zum Lachen gebracht und gleichzeitig zum Denken angeregt.<\/em><\/p>\n\n\n\n<p><br><strong>3. Limmatplatz, Objekt 321729<\/strong><\/p>\n\n\n\n<p>Regie: Anna Zeller (Z\u00fcrich)<\/p>\n\n\n\n<p><em>Auf dem dritten Platz ist ein Film, von dessen klugen Idee wir hin und weg waren.&nbsp;Doch nicht nur das. Die Person, die diesen Film gemacht hat, weist schon jetzt eine Eigenschaft auf, die f\u00fcr das Filmemachen unglaublich wertvoll ist: n\u00e4mlich eine starke Beobachtungsgabe.&nbsp;Es zeugt von viel Empathie, wenn man es als Regisseur*in schafft, mit seinem Film, die Welt aus einer ganz anderen Perspektive zu betrachten. Vor allem, wenn der Protagonist gar kein Mensch ist.&nbsp;Denn dieser Film hat einen sehr ungew\u00f6hnlichen Hauptdarsteller.&nbsp;In unserem 3. platzierten Film schauen wir n\u00e4mlich auf Z\u00fcrich, aus der Sicht eines Snackautomaten.<\/em><\/p>\n<\/details>\n\n\n\n<details class=\"wp-block-details is-layout-flow wp-block-details-is-layout-flow\"><summary>Kategorie D, zwischen 20 und 25 Jahre <\/summary>\n<p><strong>Jurypreise Kategorie D<\/strong><br><strong>1. This Is An Invitation<\/strong><\/p>\n\n\n\n<p>Regie: Catherin Sch\u00f6berl (Basel Stadt)<\/p>\n\n\n\n<p><em>Durch eine treffend artikulierte Arbeit, die auf einer Recherche mit Zitaten der Stimmen von M\u00e4nnern und Frauen in den Medien basiert, l\u00e4dt der Film zur Diskussion dar\u00fcber ein, was es bedeutet, eine Frau zu sein, Stereotypen zu erf\u00fcllen oder abzulehnen. Die Arbeit bringt eine Vielzahl von Statements ans Licht, die so oft wiederholt werden, dass sie in der Gesellschaft verwurzelt und eingebrannt sind. Die \u00dcbersetzung in die Bildsprache hat uns sehr \u00fcberzeugt. Sie bedient sich einem Stillmittel, das diese Diskussion verst\u00e4rkt. Den 1. Preis in der Kategorie D verleihen wir den Film \u00abThis in an Invitation\u00bb von Catherin Sch\u00f6berl.<\/em><\/p>\n\n\n\n<p><br><strong>2. Zu dritt<\/strong><\/p>\n\n\n\n<p>Regie:  Agnese L\u00e0posi, Benjamin Bucher (Ile de France)<\/p>\n\n\n\n<p><em>Der Film f\u00e4ngt eine hohe Intimit\u00e4t ein, die nicht so einfach vor die Kamera zu bringen ist. Zuneigung, Ablehnung, Sexualit\u00e4t und Mobbing sind Themen, die wir auf einer Schulreise erfahren k\u00f6nnen. Die gem\u00e4chliche, dokumentarische Kamera \u00fcbernimmt dabei die Rolle eines vierten Freundes von Lea, Jonas und Saxana. F\u00fcr die spannende und sensibel Umsetzung verleihen wir den 2. Preis in der Kategorie D den Film \u00abZu dritt\u00bb von Agnese L\u00e0posi und Benjamin Bucher.<\/em><\/p>\n\n\n\n<p><br><strong>3. Nomads In Remembering<\/strong><\/p>\n\n\n\n<p>Regie: Jennifer Merlyn Scherler (Basel Stadt)<\/p>\n\n\n\n<p><em>Mit sorgf\u00e4ltig ausgew\u00e4hlten poetischen Bildern, voller Ruhe und durch einen tadellos gesprochenen Text, werden wir durch Passagen aus m\u00f6glichen Erinnerungen an die Flucht der Gro\u00dfmutter der Filmemacherin w\u00e4hrend des Zweiten Weltkriegs gef\u00fchrt. F\u00fcr diese Autorenarbeit verleihen wir den 3. Platz in der Kategorie D den Film \u00abNomads in Remembering\u00bb von Jennifer Merlyn Scherler.<\/em><\/p>\n<\/details>\n\n\n\n<details class=\"wp-block-details is-layout-flow wp-block-details-is-layout-flow\"><summary>Kategorie E, Filmstudierende bis 30 Jahre <\/summary>\n<p><strong>1. Les Nouveaux Dieux<\/strong><\/p>\n\n\n\n<p>Regie: Lo\u00efc Hobi (Neuch\u00e2tel)<\/p>\n\n\n\n<p><em>Dieser Film greift eine aktuelle und viel diskutierte Thematik auf und setzt diese inhaltlich und formell konsequent um. \u00dcber den Monolog einer ungew\u00f6hnlichen Protagonistin wird der Zuschauer ins Innere eines jungen und sehr einsamen Mannes gef\u00fchrt, der erst nach seinem Tod und einer schrecklichen Tat die Aufmerksamkeit erh\u00e4lt, die er sich zu Lebzeiten immer gew\u00fcnscht hat.<br>Den 1. Peis in der Kategorie E der Jugendfilmtage 2021 verleihen wir dem Film \u00abLes Nouveaux Dieux\u00bb von&nbsp; Lo\u00efc Hobi.<\/em><\/p>\n\n\n\n<p><br><strong>2. Milch Lait Latte<\/strong><\/p>\n\n\n\n<p>Regie: Sara Furrer (HSLU, Luzern)<\/p>\n\n\n\n<p><em>Das Werk besticht durch seine Klarheit, die sorgf\u00e4ltige dokumentarische Beobachtung&nbsp; und eine gelungene Montage und Tonspur. Die Regisseurin spricht \u00fcber die Diskrepanz von Maschine und Natur und stellt ein Thema ins Zentrum, das massgeblich unsere Schweizer Identit\u00e4t beeinflusst hat.<br>F\u00fcr eine unaufgeregte und sehr konsequente Umsetzung verleihen wir den zweiten Preis der Kategorie E dem Film \u00abMilch Lait Latte\u00bb von Sara Furrer.<\/em><\/p>\n\n\n\n<p><br><strong>3. Bi\u0107emo najbolji<\/strong><\/p>\n\n\n\n<p>Regie: Jelena Vujovi\u0107 (ZHdK, Z\u00fcrich)<\/p>\n\n\n\n<p>Dieses Werk besticht durch eine aussergew\u00f6hnlich gute und authentische schauspielerische Leistung. Auch die professionelle und in sich sehr stimmige Umsetzung hat die Jury \u00fcberzeugt. Hier wird eine wichtige und komplexe Thematik behandelt, die auch Potential h\u00e4tte \u00fcber das Kurzfilmformat hinaus. Der dritte Preis der Kategorie E der Jugendfilmtage 2021 geht an \u00abBic\u00e9mo Naijbolji\u00bb von Jelena Vujovi\u0107.<\/p>\n<\/details>\n\n\n\n<details class=\"wp-block-details is-layout-flow wp-block-details-is-layout-flow\"><summary>Special Mention<\/summary>\n<p><strong>ST\u00c4DER <\/strong><\/p>\n\n\n\n<p>Regie: David Poly (Z\u00fcrich)<\/p>\n\n\n\n<p><em>Ein Film hat es ganz knapp nicht in unsere Top drei geschafft. Wir m\u00f6chten ihn aber trotzdem unbedingt erw\u00e4hnen, da er definitiv heraussticht. Der Film ist inspiriert von einem Text, der \u00fcber 100 Jahre alt ist. Die Themen, die der Text behandelt, sind aber gerade heute aktueller denn je. Denn es geht um N\u00e4he, Distanz und Zwischenmenschlichkeit. In Szene gesetzt wurde das Gedicht von Alfred Wolfenstein von 1914 mittels explosiven Bildern und grossartigen T\u00e4nzer*innen.<\/em><\/p>\n<\/details>\n\n\n\n<figure class=\"wp-block-image size-full\"><img decoding=\"async\" src=\"https:\/\/jugendfilmtage.ch\/wp-content\/uploads\/2024\/03\/icon-zkb-publikumspreis.svg\" alt=\"Icon: Pokal\" class=\"wp-image-25294\"\/><\/figure>\n\n\n\n<details class=\"wp-block-details is-layout-flow wp-block-details-is-layout-flow\"><summary>ZKB Publikumspreis<\/summary>\n<p><strong>Kategorie A<\/strong>: PEM von Sky Lions, Gruppe: Klappe 5g (Z\u00fcrich)<\/p>\n\n\n\n<p><strong>Kategorie B<\/strong>: The Other Virus, Sekundarschule Thalwil AB2c (Z\u00fcrich)<\/p>\n\n\n\n<p><strong>Kategorie C<\/strong>: Past comes after Future von Lisa Schintu (Solothurn)<\/p>\n\n\n\n<p><strong>Kategorie D<\/strong>: 2402 von Tobias Z\u00fcrrer (Glarus) <\/p>\n\n\n\n<p><strong>Kategorie E<\/strong>: Bi\u0107emo najbolji von Jelena Vujovi\u0107 (ZHdK, Z\u00fcrich)<\/p>\n<\/details>\n\n\n\n<figure class=\"wp-block-image size-full\"><a href=\"https:\/\/jugendfilmtage.ch\/wp-content\/uploads\/2024\/03\/icons-klappe-auf.svg\"><img decoding=\"async\" src=\"https:\/\/jugendfilmtage.ch\/wp-content\/uploads\/2024\/03\/icons-klappe-auf.svg\" alt=\"Icon: Filmklappe\" class=\"wp-image-25292\"\/><\/a><\/figure>\n\n\n\n<details class=\"wp-block-details is-layout-flow wp-block-details-is-layout-flow\"><summary>\u00abKlappe Auf!\u00bb&nbsp;Pitching Competition<\/summary>\n<p><strong>Melinda M\u00fcller <\/strong><\/p>\n<\/details>\n\n\n\n<figure class=\"wp-block-image size-full\"><a href=\"https:\/\/jugendfilmtage.ch\/wp-content\/uploads\/2024\/03\/icon-das-goldene-bergli.svg\"><img decoding=\"async\" src=\"https:\/\/jugendfilmtage.ch\/wp-content\/uploads\/2024\/03\/icon-das-goldene-bergli.svg\" alt=\"Icon: Berg\" class=\"wp-image-25286\"\/><\/a><\/figure>\n\n\n\n<details class=\"wp-block-details is-layout-flow wp-block-details-is-layout-flow\"><summary>Goldenes Bergli<\/summary>\n<p>Goldenes Bergli f\u00fcr&nbsp;den&nbsp;Besten Animationsfilm:<\/p>\n\n\n\n<p><strong>PEM<\/strong><\/p>\n\n\n\n<p>Regie: Sky Lions, Gruppe: Klappe 5g<\/p>\n\n\n\n<p><em>Eine fr\u00f6hliche und optimistische Geschichte, die auf konsequente und \u00fcberzeugende Art erz\u00e4hlt wird und das Publikum direkt zur\u00fcck in die eigene Kindheit versetzt. \u201eShort and sweet!\u201c<\/em><\/p>\n<\/details>\n\n\n\n<figure class=\"wp-block-image size-full\"><a href=\"https:\/\/jugendfilmtage.ch\/wp-content\/uploads\/2024\/03\/icon-prix-roestigraben.svg\"><img decoding=\"async\" src=\"https:\/\/jugendfilmtage.ch\/wp-content\/uploads\/2024\/03\/icon-prix-roestigraben.svg\" alt=\"Icon: Schweiz mit R\u00f6stigraben\" class=\"wp-image-25290\"\/><\/a><\/figure>\n\n\n\n<details class=\"wp-block-details is-layout-flow wp-block-details-is-layout-flow\"><summary>Prix R\u00f6stigraben<\/summary>\n<p>LES NOUVEAUX DIEUX<\/p>\n\n\n\n<p>Regie: Lo\u00efc Hobi (Neuchatel)<\/p>\n\n\n\n<p><em>A visually striking and immersing film. It plays and breaks the boundaries of fiction and documentary storytelling. This film succeeds to explore a delicate theme through the eyes of an unforgiving figure and through the voice of an AI. The violence of its statements make the viewer face the unspeakable. Convinced by an unexpected journey trough a yet sparsely explored landscape of distorted images the jury nominates as the winner of the R\u00f6stigraben \u00abLes Nouveaux Dieux\u00bb directed by Lo\u00efc Hobi. Congratulations!<\/em><\/p>\n<\/details>\n","protected":false},"excerpt":{"rendered":"<p>Gewinner*innen 45. Schweizer Jugendfilmtage<\/p>\n","protected":false},"author":14,"featured_media":0,"parent":14075,"menu_order":0,"comment_status":"closed","ping_status":"closed","template":"","meta":{"_acf_changed":false,"footnotes":""},"class_list":["post-13903","page","type-page","status-publish","hentry"],"acf":[],"yoast_head":"<!-- This site is optimized with the Yoast SEO plugin v27.4 - https:\/\/yoast.com\/product\/yoast-seo-wordpress\/ -->\n<title>Gewinner*innen 45. Schweizer Jugendfilmtage - FR Schweizer Jugendfilmtage<\/title>\n<meta name=\"description\" content=\"Gewinner*innen 45. Schweizer Jugendfilmtage Kategorie A, bis 12 Jahre 1.PEM Regie: Sky Lions, Gruppe: Klappe 5g (Z\u00fcrich) L\u00f6sungen f\u00fcr die Verschmutzung\" \/>\n<meta name=\"robots\" content=\"index, follow, max-snippet:-1, max-image-preview:large, max-video-preview:-1\" \/>\n<link rel=\"canonical\" href=\"https:\/\/jugendfilmtage.ch\/fr\/archives\/festival-2021\/gewinnerinnen-45-schweizer-jugendfilmtage\/\" \/>\n<meta property=\"og:locale\" content=\"fr_FR\" \/>\n<meta property=\"og:type\" content=\"article\" \/>\n<meta property=\"og:title\" content=\"Gewinner*innen 45. Schweizer Jugendfilmtage - FR Schweizer Jugendfilmtage\" \/>\n<meta property=\"og:description\" content=\"Gewinner*innen 45. Schweizer Jugendfilmtage Kategorie A, bis 12 Jahre 1.PEM Regie: Sky Lions, Gruppe: Klappe 5g (Z\u00fcrich) L\u00f6sungen f\u00fcr die Verschmutzung\" \/>\n<meta property=\"og:url\" content=\"https:\/\/jugendfilmtage.ch\/fr\/archives\/festival-2021\/gewinnerinnen-45-schweizer-jugendfilmtage\/\" \/>\n<meta property=\"og:site_name\" content=\"FR Schweizer Jugendfilmtage\" \/>\n<meta property=\"article:publisher\" content=\"https:\/\/www.facebook.com\/Jugendfilmtage\" \/>\n<meta property=\"article:modified_time\" content=\"2024-11-15T15:31:38+00:00\" \/>\n<meta property=\"og:image\" content=\"https:\/\/jugendfilmtage.ch\/wp-content\/uploads\/2024\/11\/N56A8407-scaled.jpg\" \/>\n\t<meta property=\"og:image:width\" content=\"2560\" \/>\n\t<meta property=\"og:image:height\" content=\"1707\" \/>\n\t<meta property=\"og:image:type\" content=\"image\/jpeg\" \/>\n<meta name=\"twitter:card\" content=\"summary_large_image\" \/>\n<meta name=\"twitter:site\" content=\"@jugendfilmtage\" \/>\n<meta name=\"twitter:label1\" content=\"Dur\u00e9e de lecture estim\u00e9e\" \/>\n\t<meta name=\"twitter:data1\" content=\"10 minutes\" \/>\n<script type=\"application\/ld+json\" class=\"yoast-schema-graph\">{\"@context\":\"https:\\\/\\\/schema.org\",\"@graph\":[{\"@type\":\"WebPage\",\"@id\":\"https:\\\/\\\/jugendfilmtage.ch\\\/fr\\\/archives\\\/festival-2021\\\/gewinnerinnen-45-schweizer-jugendfilmtage\\\/\",\"url\":\"https:\\\/\\\/jugendfilmtage.ch\\\/fr\\\/archives\\\/festival-2021\\\/gewinnerinnen-45-schweizer-jugendfilmtage\\\/\",\"name\":\"Gewinner*innen 45. Schweizer Jugendfilmtage - FR Schweizer Jugendfilmtage\",\"isPartOf\":{\"@id\":\"https:\\\/\\\/jugendfilmtage.ch\\\/fr\\\/#website\"},\"primaryImageOfPage\":{\"@id\":\"https:\\\/\\\/jugendfilmtage.ch\\\/fr\\\/archives\\\/festival-2021\\\/gewinnerinnen-45-schweizer-jugendfilmtage\\\/#primaryimage\"},\"image\":{\"@id\":\"https:\\\/\\\/jugendfilmtage.ch\\\/fr\\\/archives\\\/festival-2021\\\/gewinnerinnen-45-schweizer-jugendfilmtage\\\/#primaryimage\"},\"thumbnailUrl\":\"https:\\\/\\\/jugendfilmtage.ch\\\/wp-content\\\/uploads\\\/2024\\\/11\\\/N56A8407-880x587.jpg\",\"datePublished\":\"2021-03-21T10:59:39+00:00\",\"dateModified\":\"2024-11-15T15:31:38+00:00\",\"description\":\"Gewinner*innen 45. Schweizer Jugendfilmtage Kategorie A, bis 12 Jahre 1.PEM Regie: Sky Lions, Gruppe: Klappe 5g (Z\u00fcrich) L\u00f6sungen f\u00fcr die Verschmutzung\",\"breadcrumb\":{\"@id\":\"https:\\\/\\\/jugendfilmtage.ch\\\/fr\\\/archives\\\/festival-2021\\\/gewinnerinnen-45-schweizer-jugendfilmtage\\\/#breadcrumb\"},\"inLanguage\":\"fr-FR\",\"potentialAction\":[{\"@type\":\"ReadAction\",\"target\":[\"https:\\\/\\\/jugendfilmtage.ch\\\/fr\\\/archives\\\/festival-2021\\\/gewinnerinnen-45-schweizer-jugendfilmtage\\\/\"]}]},{\"@type\":\"ImageObject\",\"inLanguage\":\"fr-FR\",\"@id\":\"https:\\\/\\\/jugendfilmtage.ch\\\/fr\\\/archives\\\/festival-2021\\\/gewinnerinnen-45-schweizer-jugendfilmtage\\\/#primaryimage\",\"url\":\"https:\\\/\\\/jugendfilmtage.ch\\\/wp-content\\\/uploads\\\/2024\\\/11\\\/N56A8407-880x587.jpg\",\"contentUrl\":\"https:\\\/\\\/jugendfilmtage.ch\\\/wp-content\\\/uploads\\\/2024\\\/11\\\/N56A8407-880x587.jpg\"},{\"@type\":\"BreadcrumbList\",\"@id\":\"https:\\\/\\\/jugendfilmtage.ch\\\/fr\\\/archives\\\/festival-2021\\\/gewinnerinnen-45-schweizer-jugendfilmtage\\\/#breadcrumb\",\"itemListElement\":[{\"@type\":\"ListItem\",\"position\":1,\"name\":\"Archive\",\"item\":\"https:\\\/\\\/jugendfilmtage.ch\\\/fr\\\/archives\\\/\"},{\"@type\":\"ListItem\",\"position\":2,\"name\":\"Festival 2021\",\"item\":\"https:\\\/\\\/jugendfilmtage.ch\\\/fr\\\/archives\\\/festival-2021\\\/\"},{\"@type\":\"ListItem\",\"position\":3,\"name\":\"Gewinner*innen 45. Schweizer Jugendfilmtage\"}]},{\"@type\":\"WebSite\",\"@id\":\"https:\\\/\\\/jugendfilmtage.ch\\\/fr\\\/#website\",\"url\":\"https:\\\/\\\/jugendfilmtage.ch\\\/fr\\\/\",\"name\":\"FR Schweizer Jugendfilmtage\",\"description\":\"FR Festival Cin\u00e9 Jeunesse Suisse\",\"potentialAction\":[{\"@type\":\"SearchAction\",\"target\":{\"@type\":\"EntryPoint\",\"urlTemplate\":\"https:\\\/\\\/jugendfilmtage.ch\\\/fr\\\/?s={search_term_string}\"},\"query-input\":{\"@type\":\"PropertyValueSpecification\",\"valueRequired\":true,\"valueName\":\"search_term_string\"}}],\"inLanguage\":\"fr-FR\"}]}<\/script>\n<!-- \/ Yoast SEO plugin. -->","yoast_head_json":{"title":"Gewinner*innen 45. Schweizer Jugendfilmtage - FR Schweizer Jugendfilmtage","description":"Gewinner*innen 45. Schweizer Jugendfilmtage Kategorie A, bis 12 Jahre 1.PEM Regie: Sky Lions, Gruppe: Klappe 5g (Z\u00fcrich) L\u00f6sungen f\u00fcr die Verschmutzung","robots":{"index":"index","follow":"follow","max-snippet":"max-snippet:-1","max-image-preview":"max-image-preview:large","max-video-preview":"max-video-preview:-1"},"canonical":"https:\/\/jugendfilmtage.ch\/fr\/archives\/festival-2021\/gewinnerinnen-45-schweizer-jugendfilmtage\/","og_locale":"fr_FR","og_type":"article","og_title":"Gewinner*innen 45. Schweizer Jugendfilmtage - FR Schweizer Jugendfilmtage","og_description":"Gewinner*innen 45. Schweizer Jugendfilmtage Kategorie A, bis 12 Jahre 1.PEM Regie: Sky Lions, Gruppe: Klappe 5g (Z\u00fcrich) L\u00f6sungen f\u00fcr die Verschmutzung","og_url":"https:\/\/jugendfilmtage.ch\/fr\/archives\/festival-2021\/gewinnerinnen-45-schweizer-jugendfilmtage\/","og_site_name":"FR Schweizer Jugendfilmtage","article_publisher":"https:\/\/www.facebook.com\/Jugendfilmtage","article_modified_time":"2024-11-15T15:31:38+00:00","og_image":[{"width":2560,"height":1707,"url":"https:\/\/jugendfilmtage.ch\/wp-content\/uploads\/2024\/11\/N56A8407-scaled.jpg","type":"image\/jpeg"}],"twitter_card":"summary_large_image","twitter_site":"@jugendfilmtage","twitter_misc":{"Dur\u00e9e de lecture estim\u00e9e":"10 minutes"},"schema":{"@context":"https:\/\/schema.org","@graph":[{"@type":"WebPage","@id":"https:\/\/jugendfilmtage.ch\/fr\/archives\/festival-2021\/gewinnerinnen-45-schweizer-jugendfilmtage\/","url":"https:\/\/jugendfilmtage.ch\/fr\/archives\/festival-2021\/gewinnerinnen-45-schweizer-jugendfilmtage\/","name":"Gewinner*innen 45. Schweizer Jugendfilmtage - FR Schweizer Jugendfilmtage","isPartOf":{"@id":"https:\/\/jugendfilmtage.ch\/fr\/#website"},"primaryImageOfPage":{"@id":"https:\/\/jugendfilmtage.ch\/fr\/archives\/festival-2021\/gewinnerinnen-45-schweizer-jugendfilmtage\/#primaryimage"},"image":{"@id":"https:\/\/jugendfilmtage.ch\/fr\/archives\/festival-2021\/gewinnerinnen-45-schweizer-jugendfilmtage\/#primaryimage"},"thumbnailUrl":"https:\/\/jugendfilmtage.ch\/wp-content\/uploads\/2024\/11\/N56A8407-880x587.jpg","datePublished":"2021-03-21T10:59:39+00:00","dateModified":"2024-11-15T15:31:38+00:00","description":"Gewinner*innen 45. Schweizer Jugendfilmtage Kategorie A, bis 12 Jahre 1.PEM Regie: Sky Lions, Gruppe: Klappe 5g (Z\u00fcrich) L\u00f6sungen f\u00fcr die Verschmutzung","breadcrumb":{"@id":"https:\/\/jugendfilmtage.ch\/fr\/archives\/festival-2021\/gewinnerinnen-45-schweizer-jugendfilmtage\/#breadcrumb"},"inLanguage":"fr-FR","potentialAction":[{"@type":"ReadAction","target":["https:\/\/jugendfilmtage.ch\/fr\/archives\/festival-2021\/gewinnerinnen-45-schweizer-jugendfilmtage\/"]}]},{"@type":"ImageObject","inLanguage":"fr-FR","@id":"https:\/\/jugendfilmtage.ch\/fr\/archives\/festival-2021\/gewinnerinnen-45-schweizer-jugendfilmtage\/#primaryimage","url":"https:\/\/jugendfilmtage.ch\/wp-content\/uploads\/2024\/11\/N56A8407-880x587.jpg","contentUrl":"https:\/\/jugendfilmtage.ch\/wp-content\/uploads\/2024\/11\/N56A8407-880x587.jpg"},{"@type":"BreadcrumbList","@id":"https:\/\/jugendfilmtage.ch\/fr\/archives\/festival-2021\/gewinnerinnen-45-schweizer-jugendfilmtage\/#breadcrumb","itemListElement":[{"@type":"ListItem","position":1,"name":"Archive","item":"https:\/\/jugendfilmtage.ch\/fr\/archives\/"},{"@type":"ListItem","position":2,"name":"Festival 2021","item":"https:\/\/jugendfilmtage.ch\/fr\/archives\/festival-2021\/"},{"@type":"ListItem","position":3,"name":"Gewinner*innen 45. Schweizer Jugendfilmtage"}]},{"@type":"WebSite","@id":"https:\/\/jugendfilmtage.ch\/fr\/#website","url":"https:\/\/jugendfilmtage.ch\/fr\/","name":"FR Schweizer Jugendfilmtage","description":"FR Festival Cin\u00e9 Jeunesse Suisse","potentialAction":[{"@type":"SearchAction","target":{"@type":"EntryPoint","urlTemplate":"https:\/\/jugendfilmtage.ch\/fr\/?s={search_term_string}"},"query-input":{"@type":"PropertyValueSpecification","valueRequired":true,"valueName":"search_term_string"}}],"inLanguage":"fr-FR"}]}},"_links":{"self":[{"href":"https:\/\/jugendfilmtage.ch\/fr\/wp-json\/wp\/v2\/pages\/13903","targetHints":{"allow":["GET"]}}],"collection":[{"href":"https:\/\/jugendfilmtage.ch\/fr\/wp-json\/wp\/v2\/pages"}],"about":[{"href":"https:\/\/jugendfilmtage.ch\/fr\/wp-json\/wp\/v2\/types\/page"}],"author":[{"embeddable":true,"href":"https:\/\/jugendfilmtage.ch\/fr\/wp-json\/wp\/v2\/users\/14"}],"replies":[{"embeddable":true,"href":"https:\/\/jugendfilmtage.ch\/fr\/wp-json\/wp\/v2\/comments?post=13903"}],"version-history":[{"count":10,"href":"https:\/\/jugendfilmtage.ch\/fr\/wp-json\/wp\/v2\/pages\/13903\/revisions"}],"predecessor-version":[{"id":27907,"href":"https:\/\/jugendfilmtage.ch\/fr\/wp-json\/wp\/v2\/pages\/13903\/revisions\/27907"}],"up":[{"embeddable":true,"href":"https:\/\/jugendfilmtage.ch\/fr\/wp-json\/wp\/v2\/pages\/14075"}],"wp:attachment":[{"href":"https:\/\/jugendfilmtage.ch\/fr\/wp-json\/wp\/v2\/media?parent=13903"}],"curies":[{"name":"wp","href":"https:\/\/api.w.org\/{rel}","templated":true}]}}