{"id":13279,"date":"2021-02-12T15:12:10","date_gmt":"2021-02-12T15:12:10","guid":{"rendered":"https:\/\/2024.jugendfilmtage.ch\/?page_id=13279"},"modified":"2024-01-31T06:54:01","modified_gmt":"2024-01-31T05:54:01","slug":"borderpass-artist-talk","status":"publish","type":"page","link":"https:\/\/jugendfilmtage.ch\/fr\/archives\/borderpass-artist-talk\/","title":{"rendered":"BorderPass Artist Talk: Jelena Maksimovi\u0107"},"content":{"rendered":"<h1>BorderPass Artist Talk: Jelena Maksimovi\u0107<\/h1>\n<p><a href=\"https:\/\/livestream.jugendfilmtage.ch\/artist-talk\/\"><img loading=\"lazy\" decoding=\"async\" class=\"alignnone wp-image-13764\" src=\"https:\/\/jugendfilmtage.ch\/wp-content\/uploads\/2021\/03\/LIVESTREAM_4-1-280x186.jpg\" alt=\"\" width=\"220\" height=\"124\" srcset=\"https:\/\/jugendfilmtage.ch\/wp-content\/uploads\/2021\/03\/LIVESTREAM_4-1-300x169.jpg 300w, https:\/\/jugendfilmtage.ch\/wp-content\/uploads\/2021\/03\/LIVESTREAM_4-1-880x495.jpg 880w, https:\/\/jugendfilmtage.ch\/wp-content\/uploads\/2021\/03\/LIVESTREAM_4-1-768x432.jpg 768w, https:\/\/jugendfilmtage.ch\/wp-content\/uploads\/2021\/03\/LIVESTREAM_4-1.jpg 1275w\" sizes=\"auto, (max-width: 220px) 100vw, 220px\" \/><\/a><\/p>\n<p><a href=\"https:\/\/livestream.jugendfilmtage.ch\">livestream.jugendfilmtage.ch<\/a><\/p>\n<p><strong>Dimanche 21. Mars \u00e0 14h<\/strong><\/p>\n<p>&nbsp;<\/p>\n<p>&gt; <a href=\"https:\/\/jugendfilmtage.ch\/fr\/programme-2021\/programmes-borderpass\/\">Programmes BorderPass<\/a><br \/>\n&gt; <a href=\"https:\/\/jugendfilmtage.ch\/fr\/programme-2021\/programmuebersicht-2021\/\">Programme 2021<\/a><\/p>\n<p>&nbsp;<\/p>\n<p>Chaque ann\u00e9e, nous invitons un*e cin\u00e9aste originaire des Balkans \u00e0 pr\u00e9senter un Artist Talk dans le cadre du projet BorderPass.<\/p>\n<p><strong>Artist Talk avec Jelena Maksimovi\u0107<\/strong><br \/>\nJelena Maksimovi\u0107 est une monteuse et r\u00e9alisatrice de renomm\u00e9e internationale n\u00e9e \u00e0 Belgrade, en ex-Yougoslavie. Elle a suivi une formation de montage \u00e0 la facult\u00e9 d\u2019art dramatique de sa ville natale. Son travail a d\u00e9j\u00e0 \u00e9t\u00e9 prim\u00e9 dans plusieurs festivals internationaux.<br \/>\nEn 2014 elle cor\u00e9alise le court-m\u00e9trage documentaire exp\u00e9rimental \u00abHeavens\u00bb avec Ivan Salati\u0107. En 2018 elle cor\u00e9alise le documentaire \u00abTaurunum Boy\u00bb avec Du\u0161an Grubin. Son dernier film est intitul\u00e9 \u00abHomelands\u00bb (2020).<br \/>\nJelena enseigne actuellement \u00e0 la facult\u00e9 de m\u00e9dias et de communication \u00e0 Belgrade et anime r\u00e9guli\u00e8rement des ateliers. Dans son Artist Talk, elle reviendra sur ses souvenirs de Yougoslavie avant la guerre, qu\u2019elle illustrera avec des images issues de la cr\u00e9ation cin\u00e9matographique post-yougoslave.<\/p>\n<p><img loading=\"lazy\" decoding=\"async\" class=\"alignnone size-large wp-image-13275\" src=\"https:\/\/jugendfilmtage.ch\/wp-content\/uploads\/2021\/02\/Artst-Talk-Jelena-Maksimovic-800x1000.jpg\" alt=\"\" width=\"800\" height=\"1000\" \/><\/p>\n<p>Jelena Maksimovi\u0107<\/p>\n","protected":false},"excerpt":{"rendered":"<p>BorderPass Artist Talk: Jelena Maksimovi\u0107 livestream.jugendfilmtage.ch Dimanche 21. Mars \u00e0 14h &nbsp; &gt; Programmes BorderPass &gt; Programme 2021 &nbsp; Chaque ann\u00e9e, nous invitons un*e cin\u00e9aste originaire des Balkans \u00e0 pr\u00e9senter un Artist Talk dans le cadre du projet BorderPass. Artist Talk avec Jelena Maksimovi\u0107 Jelena Maksimovi\u0107 est une monteuse et r\u00e9alisatrice de renomm\u00e9e internationale n\u00e9e [&hellip;]<\/p>\n","protected":false},"author":11,"featured_media":0,"parent":440,"menu_order":13,"comment_status":"closed","ping_status":"closed","template":"","meta":{"_acf_changed":false,"footnotes":""},"class_list":["post-13279","page","type-page","status-publish","hentry"],"acf":[],"yoast_head":"<!-- This site is optimized with the Yoast SEO plugin v27.4 - https:\/\/yoast.com\/product\/yoast-seo-wordpress\/ -->\n<title>BorderPass Artist Talk: Jelena Maksimovi\u0107 - FR Schweizer Jugendfilmtage<\/title>\n<meta name=\"description\" content=\"BorderPass Artist Talk: Jelena Maksimovi\u0107 livestream.jugendfilmtage.ch Dimanche 21. Mars \u00e0 14h &nbsp; &gt; Programmes BorderPass &gt; Programme 2021\" \/>\n<meta name=\"robots\" content=\"index, follow, max-snippet:-1, max-image-preview:large, max-video-preview:-1\" \/>\n<link rel=\"canonical\" href=\"https:\/\/jugendfilmtage.ch\/fr\/archives\/borderpass-artist-talk\/\" \/>\n<meta property=\"og:locale\" content=\"fr_FR\" \/>\n<meta property=\"og:type\" content=\"article\" \/>\n<meta property=\"og:title\" content=\"BorderPass Artist Talk: Jelena Maksimovi\u0107 - FR Schweizer Jugendfilmtage\" \/>\n<meta property=\"og:description\" content=\"BorderPass Artist Talk: Jelena Maksimovi\u0107 livestream.jugendfilmtage.ch Dimanche 21. Mars \u00e0 14h &nbsp; &gt; Programmes BorderPass &gt; Programme 2021\" \/>\n<meta property=\"og:url\" content=\"https:\/\/jugendfilmtage.ch\/fr\/archives\/borderpass-artist-talk\/\" \/>\n<meta property=\"og:site_name\" content=\"FR Schweizer Jugendfilmtage\" \/>\n<meta property=\"article:publisher\" content=\"https:\/\/www.facebook.com\/Jugendfilmtage\" \/>\n<meta property=\"article:modified_time\" content=\"2024-01-31T05:54:01+00:00\" \/>\n<meta property=\"og:image\" content=\"https:\/\/jugendfilmtage.ch\/wp-content\/uploads\/2021\/03\/LIVESTREAM_4-1-280x186.jpg\" \/>\n<meta name=\"twitter:card\" content=\"summary_large_image\" \/>\n<meta name=\"twitter:site\" content=\"@jugendfilmtage\" \/>\n<meta name=\"twitter:label1\" content=\"Dur\u00e9e de lecture estim\u00e9e\" \/>\n\t<meta name=\"twitter:data1\" content=\"2 minutes\" \/>\n<script type=\"application\/ld+json\" class=\"yoast-schema-graph\">{\"@context\":\"https:\\\/\\\/schema.org\",\"@graph\":[{\"@type\":\"WebPage\",\"@id\":\"https:\\\/\\\/jugendfilmtage.ch\\\/fr\\\/archives\\\/borderpass-artist-talk\\\/\",\"url\":\"https:\\\/\\\/jugendfilmtage.ch\\\/fr\\\/archives\\\/borderpass-artist-talk\\\/\",\"name\":\"BorderPass Artist Talk: Jelena Maksimovi\u0107 - FR Schweizer Jugendfilmtage\",\"isPartOf\":{\"@id\":\"https:\\\/\\\/jugendfilmtage.ch\\\/fr\\\/#website\"},\"primaryImageOfPage\":{\"@id\":\"https:\\\/\\\/jugendfilmtage.ch\\\/fr\\\/archives\\\/borderpass-artist-talk\\\/#primaryimage\"},\"image\":{\"@id\":\"https:\\\/\\\/jugendfilmtage.ch\\\/fr\\\/archives\\\/borderpass-artist-talk\\\/#primaryimage\"},\"thumbnailUrl\":\"https:\\\/\\\/jugendfilmtage.ch\\\/wp-content\\\/uploads\\\/2021\\\/03\\\/LIVESTREAM_4-1-280x186.jpg\",\"datePublished\":\"2021-02-12T15:12:10+00:00\",\"dateModified\":\"2024-01-31T05:54:01+00:00\",\"description\":\"BorderPass Artist Talk: Jelena Maksimovi\u0107 livestream.jugendfilmtage.ch Dimanche 21. Mars \u00e0 14h &nbsp; &gt; Programmes BorderPass &gt; Programme 2021\",\"inLanguage\":\"fr-FR\",\"potentialAction\":[{\"@type\":\"ReadAction\",\"target\":[\"https:\\\/\\\/jugendfilmtage.ch\\\/fr\\\/archives\\\/borderpass-artist-talk\\\/\"]}]},{\"@type\":\"ImageObject\",\"inLanguage\":\"fr-FR\",\"@id\":\"https:\\\/\\\/jugendfilmtage.ch\\\/fr\\\/archives\\\/borderpass-artist-talk\\\/#primaryimage\",\"url\":\"https:\\\/\\\/jugendfilmtage.ch\\\/wp-content\\\/uploads\\\/2021\\\/03\\\/LIVESTREAM_4-1-280x186.jpg\",\"contentUrl\":\"https:\\\/\\\/jugendfilmtage.ch\\\/wp-content\\\/uploads\\\/2021\\\/03\\\/LIVESTREAM_4-1-280x186.jpg\"},{\"@type\":\"WebSite\",\"@id\":\"https:\\\/\\\/jugendfilmtage.ch\\\/fr\\\/#website\",\"url\":\"https:\\\/\\\/jugendfilmtage.ch\\\/fr\\\/\",\"name\":\"FR Schweizer Jugendfilmtage\",\"description\":\"FR Festival Cin\u00e9 Jeunesse Suisse\",\"potentialAction\":[{\"@type\":\"SearchAction\",\"target\":{\"@type\":\"EntryPoint\",\"urlTemplate\":\"https:\\\/\\\/jugendfilmtage.ch\\\/fr\\\/?s={search_term_string}\"},\"query-input\":{\"@type\":\"PropertyValueSpecification\",\"valueRequired\":true,\"valueName\":\"search_term_string\"}}],\"inLanguage\":\"fr-FR\"}]}<\/script>\n<!-- \/ Yoast SEO plugin. -->","yoast_head_json":{"title":"BorderPass Artist Talk: Jelena Maksimovi\u0107 - FR Schweizer Jugendfilmtage","description":"BorderPass Artist Talk: Jelena Maksimovi\u0107 livestream.jugendfilmtage.ch Dimanche 21. Mars \u00e0 14h &nbsp; &gt; Programmes BorderPass &gt; Programme 2021","robots":{"index":"index","follow":"follow","max-snippet":"max-snippet:-1","max-image-preview":"max-image-preview:large","max-video-preview":"max-video-preview:-1"},"canonical":"https:\/\/jugendfilmtage.ch\/fr\/archives\/borderpass-artist-talk\/","og_locale":"fr_FR","og_type":"article","og_title":"BorderPass Artist Talk: Jelena Maksimovi\u0107 - FR Schweizer Jugendfilmtage","og_description":"BorderPass Artist Talk: Jelena Maksimovi\u0107 livestream.jugendfilmtage.ch Dimanche 21. Mars \u00e0 14h &nbsp; &gt; Programmes BorderPass &gt; Programme 2021","og_url":"https:\/\/jugendfilmtage.ch\/fr\/archives\/borderpass-artist-talk\/","og_site_name":"FR Schweizer Jugendfilmtage","article_publisher":"https:\/\/www.facebook.com\/Jugendfilmtage","article_modified_time":"2024-01-31T05:54:01+00:00","og_image":[{"url":"https:\/\/jugendfilmtage.ch\/wp-content\/uploads\/2021\/03\/LIVESTREAM_4-1-280x186.jpg","type":"","width":"","height":""}],"twitter_card":"summary_large_image","twitter_site":"@jugendfilmtage","twitter_misc":{"Dur\u00e9e de lecture estim\u00e9e":"2 minutes"},"schema":{"@context":"https:\/\/schema.org","@graph":[{"@type":"WebPage","@id":"https:\/\/jugendfilmtage.ch\/fr\/archives\/borderpass-artist-talk\/","url":"https:\/\/jugendfilmtage.ch\/fr\/archives\/borderpass-artist-talk\/","name":"BorderPass Artist Talk: Jelena Maksimovi\u0107 - FR Schweizer Jugendfilmtage","isPartOf":{"@id":"https:\/\/jugendfilmtage.ch\/fr\/#website"},"primaryImageOfPage":{"@id":"https:\/\/jugendfilmtage.ch\/fr\/archives\/borderpass-artist-talk\/#primaryimage"},"image":{"@id":"https:\/\/jugendfilmtage.ch\/fr\/archives\/borderpass-artist-talk\/#primaryimage"},"thumbnailUrl":"https:\/\/jugendfilmtage.ch\/wp-content\/uploads\/2021\/03\/LIVESTREAM_4-1-280x186.jpg","datePublished":"2021-02-12T15:12:10+00:00","dateModified":"2024-01-31T05:54:01+00:00","description":"BorderPass Artist Talk: Jelena Maksimovi\u0107 livestream.jugendfilmtage.ch Dimanche 21. Mars \u00e0 14h &nbsp; &gt; Programmes BorderPass &gt; Programme 2021","inLanguage":"fr-FR","potentialAction":[{"@type":"ReadAction","target":["https:\/\/jugendfilmtage.ch\/fr\/archives\/borderpass-artist-talk\/"]}]},{"@type":"ImageObject","inLanguage":"fr-FR","@id":"https:\/\/jugendfilmtage.ch\/fr\/archives\/borderpass-artist-talk\/#primaryimage","url":"https:\/\/jugendfilmtage.ch\/wp-content\/uploads\/2021\/03\/LIVESTREAM_4-1-280x186.jpg","contentUrl":"https:\/\/jugendfilmtage.ch\/wp-content\/uploads\/2021\/03\/LIVESTREAM_4-1-280x186.jpg"},{"@type":"WebSite","@id":"https:\/\/jugendfilmtage.ch\/fr\/#website","url":"https:\/\/jugendfilmtage.ch\/fr\/","name":"FR Schweizer Jugendfilmtage","description":"FR Festival Cin\u00e9 Jeunesse Suisse","potentialAction":[{"@type":"SearchAction","target":{"@type":"EntryPoint","urlTemplate":"https:\/\/jugendfilmtage.ch\/fr\/?s={search_term_string}"},"query-input":{"@type":"PropertyValueSpecification","valueRequired":true,"valueName":"search_term_string"}}],"inLanguage":"fr-FR"}]}},"_links":{"self":[{"href":"https:\/\/jugendfilmtage.ch\/fr\/wp-json\/wp\/v2\/pages\/13279","targetHints":{"allow":["GET"]}}],"collection":[{"href":"https:\/\/jugendfilmtage.ch\/fr\/wp-json\/wp\/v2\/pages"}],"about":[{"href":"https:\/\/jugendfilmtage.ch\/fr\/wp-json\/wp\/v2\/types\/page"}],"author":[{"embeddable":true,"href":"https:\/\/jugendfilmtage.ch\/fr\/wp-json\/wp\/v2\/users\/11"}],"replies":[{"embeddable":true,"href":"https:\/\/jugendfilmtage.ch\/fr\/wp-json\/wp\/v2\/comments?post=13279"}],"version-history":[{"count":9,"href":"https:\/\/jugendfilmtage.ch\/fr\/wp-json\/wp\/v2\/pages\/13279\/revisions"}],"predecessor-version":[{"id":23117,"href":"https:\/\/jugendfilmtage.ch\/fr\/wp-json\/wp\/v2\/pages\/13279\/revisions\/23117"}],"up":[{"embeddable":true,"href":"https:\/\/jugendfilmtage.ch\/fr\/wp-json\/wp\/v2\/pages\/440"}],"wp:attachment":[{"href":"https:\/\/jugendfilmtage.ch\/fr\/wp-json\/wp\/v2\/media?parent=13279"}],"curies":[{"name":"wp","href":"https:\/\/api.w.org\/{rel}","templated":true}]}}