{"id":13235,"date":"2021-02-12T14:01:56","date_gmt":"2021-02-12T14:01:56","guid":{"rendered":"https:\/\/2024.jugendfilmtage.ch\/?page_id=13235"},"modified":"2024-02-04T20:23:58","modified_gmt":"2024-02-04T19:23:58","slug":"programmes-borderpass","status":"publish","type":"page","link":"https:\/\/jugendfilmtage.ch\/fr\/archives\/festival-2021\/programmes-borderpass\/","title":{"rendered":"Programmes BorderPass 2021"},"content":{"rendered":"<h1>Programmes BorderPass 2021<\/h1>\n<p>Samedi, 20. Mars 2021, 15.00h, <span lang=\"FR\">projection suivie d\u2019une table ronde avec les participant*es et les animateurs*trices de l\u2019atelier<br \/>\n<\/span><strong>&gt; <a href=\"https:\/\/jugendfilmtage.ch\/fr\/programme-2021\/programmes-borderpass\/films-documentaire-de-latelier-borderpass\/\">Films documentaires\u00a0de l&rsquo;atelier\u00a0BorderPass<\/a><\/strong><\/p>\n<p>Dimanche, 21. Mars 14.00h<br \/>\n<strong>&gt; <a href=\"https:\/\/jugendfilmtage.ch\/fr\/programme-2021\/programmes-borderpass\/borderpass-artist-talk\/\">BorderPass Artist Talk avec Jelena Maksimovi\u0107<\/a><\/strong><\/p>\n<p>&nbsp;<\/p>\n<p>&gt; <a href=\"https:\/\/jugendfilmtage.ch\/fr\/programme-2021\/programmuebersicht-2021\/\">Programme 2021<\/a><\/p>\n<p>&nbsp;<\/p>\n<p>BorderPass \u2013 Des ateliers de film gratuits. C\u2019est une collaboration du Festival Cin\u00e9 Jeunesse Suisse et des festivals du film documentaire dans les Balkans: <a href=\"http:\/\/dokufest.com\">Dokufest<\/a> \u00e0 Prizren au Kosovo, <a href=\"https:\/\/kreffilmskifestival.weebly.com\/eng-kref.html\">KREF Filmski Festival<\/a> en Serbie, <a href=\"http:\/\/pravoljudski.org\/2017\/\">Pravo Ljudski<\/a> Festival du Film de Sarajevo en Bosnie-Herz\u00e9govine.<\/p>\n<p>Pendant trois ann\u00e9es 2018\/2019, 2019\/2020 et 2020\/2021 une coop\u00e9ration avec les festivals nom\u00e9s est pr\u00e9vu dans les Balkans pour ex\u00e9cuter le projet \u00ab Border Pass \u00bb. 2018: Prizren au Kosovo. 2019 Sarajevo au Bosnie-Herz\u00e9govina et en 2020 en ligne.<\/p>\n<p>Le but de \u00abBorderPass\u00bb est que les jeunes (15-19 ans) des pays respectifs (Suisse, Kosovo, Serbie, Bosnie-Herz\u00e9govine) font des documentaires sur le th\u00e8me annuel du festival h\u00f4tes ensemble. Le point central est mis sur la recherche de l\u2019identit\u00e9 de ces jeunes. Via le film (documentaire), ils devraient avoir une discussion sur leur environnement, sur l\u2019\u00e9tranger et sur les st\u00e9r\u00e9otypes classiques. Ils sont accompagn\u00e9s d\u2019experts (de contenu et techniques) de Suisse et du pays h\u00f4te respectif.<\/p>\n<p><img loading=\"lazy\" decoding=\"async\" class=\"alignnone size-large wp-image-13240\" src=\"https:\/\/jugendfilmtage.ch\/wp-content\/uploads\/2021\/02\/2-To_myself-film-still-880x493.jpg\" alt=\"\" width=\"880\" height=\"493\" srcset=\"https:\/\/jugendfilmtage.ch\/wp-content\/uploads\/2021\/02\/2-To_myself-film-still-880x493.jpg 880w, https:\/\/jugendfilmtage.ch\/wp-content\/uploads\/2021\/02\/2-To_myself-film-still-300x168.jpg 300w, https:\/\/jugendfilmtage.ch\/wp-content\/uploads\/2021\/02\/2-To_myself-film-still-768x430.jpg 768w, https:\/\/jugendfilmtage.ch\/wp-content\/uploads\/2021\/02\/2-To_myself-film-still-1536x861.jpg 1536w, https:\/\/jugendfilmtage.ch\/wp-content\/uploads\/2021\/02\/2-To_myself-film-still.jpg 1918w\" sizes=\"auto, (max-width: 880px) 100vw, 880px\" \/><\/p>\n<p>Films documentaries de l&rsquo;atelier BorderPass \u00abTo myself\u00bb<\/p>\n","protected":false},"excerpt":{"rendered":"<p>Programmes BorderPass 2021 Samedi, 20. Mars 2021, 15.00h, projection suivie d\u2019une table ronde avec les participant*es et les animateurs*trices de l\u2019atelier &gt; Films documentaires\u00a0de l&rsquo;atelier\u00a0BorderPass Dimanche, 21. Mars 14.00h &gt; BorderPass Artist Talk avec Jelena Maksimovi\u0107 &nbsp; &gt; Programme 2021 &nbsp; BorderPass \u2013 Des ateliers de film gratuits. C\u2019est une collaboration du Festival Cin\u00e9 Jeunesse [&hellip;]<\/p>\n","protected":false},"author":11,"featured_media":0,"parent":14075,"menu_order":1,"comment_status":"closed","ping_status":"closed","template":"","meta":{"_acf_changed":false,"footnotes":""},"class_list":["post-13235","page","type-page","status-publish","hentry"],"acf":[],"yoast_head":"<!-- This site is optimized with the Yoast SEO plugin v27.4 - https:\/\/yoast.com\/product\/yoast-seo-wordpress\/ -->\n<title>Programmes BorderPass 2021 - FR Schweizer Jugendfilmtage<\/title>\n<meta name=\"description\" content=\"Programmes BorderPass 2021 Samedi, 20. Mars 2021, 15.00h, projection suivie d\u2019une table ronde avec les participant*es et les animateurs*trices de\" \/>\n<meta name=\"robots\" content=\"index, follow, max-snippet:-1, max-image-preview:large, max-video-preview:-1\" \/>\n<link rel=\"canonical\" href=\"https:\/\/jugendfilmtage.ch\/fr\/archives\/festival-2021\/programmes-borderpass\/\" \/>\n<meta property=\"og:locale\" content=\"fr_FR\" \/>\n<meta property=\"og:type\" content=\"article\" \/>\n<meta property=\"og:title\" content=\"Programmes BorderPass 2021 - FR Schweizer Jugendfilmtage\" \/>\n<meta property=\"og:description\" content=\"Programmes BorderPass 2021 Samedi, 20. Mars 2021, 15.00h, projection suivie d\u2019une table ronde avec les participant*es et les animateurs*trices de\" \/>\n<meta property=\"og:url\" content=\"https:\/\/jugendfilmtage.ch\/fr\/archives\/festival-2021\/programmes-borderpass\/\" \/>\n<meta property=\"og:site_name\" content=\"FR Schweizer Jugendfilmtage\" \/>\n<meta property=\"article:publisher\" content=\"https:\/\/www.facebook.com\/Jugendfilmtage\" \/>\n<meta property=\"article:modified_time\" content=\"2024-02-04T19:23:58+00:00\" \/>\n<meta property=\"og:image\" content=\"https:\/\/jugendfilmtage.ch\/wp-content\/uploads\/2021\/02\/2-To_myself-film-still-880x493.jpg\" \/>\n<meta name=\"twitter:card\" content=\"summary_large_image\" \/>\n<meta name=\"twitter:site\" content=\"@jugendfilmtage\" \/>\n<meta name=\"twitter:label1\" content=\"Dur\u00e9e de lecture estim\u00e9e\" \/>\n\t<meta name=\"twitter:data1\" content=\"2 minutes\" \/>\n<script type=\"application\/ld+json\" class=\"yoast-schema-graph\">{\"@context\":\"https:\\\/\\\/schema.org\",\"@graph\":[{\"@type\":\"WebPage\",\"@id\":\"https:\\\/\\\/jugendfilmtage.ch\\\/fr\\\/archives\\\/festival-2021\\\/programmes-borderpass\\\/\",\"url\":\"https:\\\/\\\/jugendfilmtage.ch\\\/fr\\\/archives\\\/festival-2021\\\/programmes-borderpass\\\/\",\"name\":\"Programmes BorderPass 2021 - FR Schweizer Jugendfilmtage\",\"isPartOf\":{\"@id\":\"https:\\\/\\\/jugendfilmtage.ch\\\/fr\\\/#website\"},\"primaryImageOfPage\":{\"@id\":\"https:\\\/\\\/jugendfilmtage.ch\\\/fr\\\/archives\\\/festival-2021\\\/programmes-borderpass\\\/#primaryimage\"},\"image\":{\"@id\":\"https:\\\/\\\/jugendfilmtage.ch\\\/fr\\\/archives\\\/festival-2021\\\/programmes-borderpass\\\/#primaryimage\"},\"thumbnailUrl\":\"https:\\\/\\\/jugendfilmtage.ch\\\/wp-content\\\/uploads\\\/2021\\\/02\\\/2-To_myself-film-still-880x493.jpg\",\"datePublished\":\"2021-02-12T14:01:56+00:00\",\"dateModified\":\"2024-02-04T19:23:58+00:00\",\"description\":\"Programmes BorderPass 2021 Samedi, 20. Mars 2021, 15.00h, projection suivie d\u2019une table ronde avec les participant*es et les animateurs*trices de\",\"breadcrumb\":{\"@id\":\"https:\\\/\\\/jugendfilmtage.ch\\\/fr\\\/archives\\\/festival-2021\\\/programmes-borderpass\\\/#breadcrumb\"},\"inLanguage\":\"fr-FR\",\"potentialAction\":[{\"@type\":\"ReadAction\",\"target\":[\"https:\\\/\\\/jugendfilmtage.ch\\\/fr\\\/archives\\\/festival-2021\\\/programmes-borderpass\\\/\"]}]},{\"@type\":\"ImageObject\",\"inLanguage\":\"fr-FR\",\"@id\":\"https:\\\/\\\/jugendfilmtage.ch\\\/fr\\\/archives\\\/festival-2021\\\/programmes-borderpass\\\/#primaryimage\",\"url\":\"https:\\\/\\\/jugendfilmtage.ch\\\/wp-content\\\/uploads\\\/2021\\\/02\\\/2-To_myself-film-still-880x493.jpg\",\"contentUrl\":\"https:\\\/\\\/jugendfilmtage.ch\\\/wp-content\\\/uploads\\\/2021\\\/02\\\/2-To_myself-film-still-880x493.jpg\"},{\"@type\":\"BreadcrumbList\",\"@id\":\"https:\\\/\\\/jugendfilmtage.ch\\\/fr\\\/archives\\\/festival-2021\\\/programmes-borderpass\\\/#breadcrumb\",\"itemListElement\":[{\"@type\":\"ListItem\",\"position\":1,\"name\":\"Archive\",\"item\":\"https:\\\/\\\/jugendfilmtage.ch\\\/fr\\\/archives\\\/\"},{\"@type\":\"ListItem\",\"position\":2,\"name\":\"Festival 2021\",\"item\":\"https:\\\/\\\/jugendfilmtage.ch\\\/fr\\\/archives\\\/festival-2021\\\/\"},{\"@type\":\"ListItem\",\"position\":3,\"name\":\"Programmes BorderPass 2021\"}]},{\"@type\":\"WebSite\",\"@id\":\"https:\\\/\\\/jugendfilmtage.ch\\\/fr\\\/#website\",\"url\":\"https:\\\/\\\/jugendfilmtage.ch\\\/fr\\\/\",\"name\":\"FR Schweizer Jugendfilmtage\",\"description\":\"FR Festival Cin\u00e9 Jeunesse Suisse\",\"potentialAction\":[{\"@type\":\"SearchAction\",\"target\":{\"@type\":\"EntryPoint\",\"urlTemplate\":\"https:\\\/\\\/jugendfilmtage.ch\\\/fr\\\/?s={search_term_string}\"},\"query-input\":{\"@type\":\"PropertyValueSpecification\",\"valueRequired\":true,\"valueName\":\"search_term_string\"}}],\"inLanguage\":\"fr-FR\"}]}<\/script>\n<!-- \/ Yoast SEO plugin. -->","yoast_head_json":{"title":"Programmes BorderPass 2021 - FR Schweizer Jugendfilmtage","description":"Programmes BorderPass 2021 Samedi, 20. Mars 2021, 15.00h, projection suivie d\u2019une table ronde avec les participant*es et les animateurs*trices de","robots":{"index":"index","follow":"follow","max-snippet":"max-snippet:-1","max-image-preview":"max-image-preview:large","max-video-preview":"max-video-preview:-1"},"canonical":"https:\/\/jugendfilmtage.ch\/fr\/archives\/festival-2021\/programmes-borderpass\/","og_locale":"fr_FR","og_type":"article","og_title":"Programmes BorderPass 2021 - FR Schweizer Jugendfilmtage","og_description":"Programmes BorderPass 2021 Samedi, 20. Mars 2021, 15.00h, projection suivie d\u2019une table ronde avec les participant*es et les animateurs*trices de","og_url":"https:\/\/jugendfilmtage.ch\/fr\/archives\/festival-2021\/programmes-borderpass\/","og_site_name":"FR Schweizer Jugendfilmtage","article_publisher":"https:\/\/www.facebook.com\/Jugendfilmtage","article_modified_time":"2024-02-04T19:23:58+00:00","og_image":[{"url":"https:\/\/jugendfilmtage.ch\/wp-content\/uploads\/2021\/02\/2-To_myself-film-still-880x493.jpg","type":"","width":"","height":""}],"twitter_card":"summary_large_image","twitter_site":"@jugendfilmtage","twitter_misc":{"Dur\u00e9e de lecture estim\u00e9e":"2 minutes"},"schema":{"@context":"https:\/\/schema.org","@graph":[{"@type":"WebPage","@id":"https:\/\/jugendfilmtage.ch\/fr\/archives\/festival-2021\/programmes-borderpass\/","url":"https:\/\/jugendfilmtage.ch\/fr\/archives\/festival-2021\/programmes-borderpass\/","name":"Programmes BorderPass 2021 - FR Schweizer Jugendfilmtage","isPartOf":{"@id":"https:\/\/jugendfilmtage.ch\/fr\/#website"},"primaryImageOfPage":{"@id":"https:\/\/jugendfilmtage.ch\/fr\/archives\/festival-2021\/programmes-borderpass\/#primaryimage"},"image":{"@id":"https:\/\/jugendfilmtage.ch\/fr\/archives\/festival-2021\/programmes-borderpass\/#primaryimage"},"thumbnailUrl":"https:\/\/jugendfilmtage.ch\/wp-content\/uploads\/2021\/02\/2-To_myself-film-still-880x493.jpg","datePublished":"2021-02-12T14:01:56+00:00","dateModified":"2024-02-04T19:23:58+00:00","description":"Programmes BorderPass 2021 Samedi, 20. Mars 2021, 15.00h, projection suivie d\u2019une table ronde avec les participant*es et les animateurs*trices de","breadcrumb":{"@id":"https:\/\/jugendfilmtage.ch\/fr\/archives\/festival-2021\/programmes-borderpass\/#breadcrumb"},"inLanguage":"fr-FR","potentialAction":[{"@type":"ReadAction","target":["https:\/\/jugendfilmtage.ch\/fr\/archives\/festival-2021\/programmes-borderpass\/"]}]},{"@type":"ImageObject","inLanguage":"fr-FR","@id":"https:\/\/jugendfilmtage.ch\/fr\/archives\/festival-2021\/programmes-borderpass\/#primaryimage","url":"https:\/\/jugendfilmtage.ch\/wp-content\/uploads\/2021\/02\/2-To_myself-film-still-880x493.jpg","contentUrl":"https:\/\/jugendfilmtage.ch\/wp-content\/uploads\/2021\/02\/2-To_myself-film-still-880x493.jpg"},{"@type":"BreadcrumbList","@id":"https:\/\/jugendfilmtage.ch\/fr\/archives\/festival-2021\/programmes-borderpass\/#breadcrumb","itemListElement":[{"@type":"ListItem","position":1,"name":"Archive","item":"https:\/\/jugendfilmtage.ch\/fr\/archives\/"},{"@type":"ListItem","position":2,"name":"Festival 2021","item":"https:\/\/jugendfilmtage.ch\/fr\/archives\/festival-2021\/"},{"@type":"ListItem","position":3,"name":"Programmes BorderPass 2021"}]},{"@type":"WebSite","@id":"https:\/\/jugendfilmtage.ch\/fr\/#website","url":"https:\/\/jugendfilmtage.ch\/fr\/","name":"FR Schweizer Jugendfilmtage","description":"FR Festival Cin\u00e9 Jeunesse Suisse","potentialAction":[{"@type":"SearchAction","target":{"@type":"EntryPoint","urlTemplate":"https:\/\/jugendfilmtage.ch\/fr\/?s={search_term_string}"},"query-input":{"@type":"PropertyValueSpecification","valueRequired":true,"valueName":"search_term_string"}}],"inLanguage":"fr-FR"}]}},"_links":{"self":[{"href":"https:\/\/jugendfilmtage.ch\/fr\/wp-json\/wp\/v2\/pages\/13235","targetHints":{"allow":["GET"]}}],"collection":[{"href":"https:\/\/jugendfilmtage.ch\/fr\/wp-json\/wp\/v2\/pages"}],"about":[{"href":"https:\/\/jugendfilmtage.ch\/fr\/wp-json\/wp\/v2\/types\/page"}],"author":[{"embeddable":true,"href":"https:\/\/jugendfilmtage.ch\/fr\/wp-json\/wp\/v2\/users\/11"}],"replies":[{"embeddable":true,"href":"https:\/\/jugendfilmtage.ch\/fr\/wp-json\/wp\/v2\/comments?post=13235"}],"version-history":[{"count":13,"href":"https:\/\/jugendfilmtage.ch\/fr\/wp-json\/wp\/v2\/pages\/13235\/revisions"}],"predecessor-version":[{"id":23729,"href":"https:\/\/jugendfilmtage.ch\/fr\/wp-json\/wp\/v2\/pages\/13235\/revisions\/23729"}],"up":[{"embeddable":true,"href":"https:\/\/jugendfilmtage.ch\/fr\/wp-json\/wp\/v2\/pages\/14075"}],"wp:attachment":[{"href":"https:\/\/jugendfilmtage.ch\/fr\/wp-json\/wp\/v2\/media?parent=13235"}],"curies":[{"name":"wp","href":"https:\/\/api.w.org\/{rel}","templated":true}]}}