{"id":11937,"date":"2020-03-29T13:37:33","date_gmt":"2020-03-29T13:37:33","guid":{"rendered":"https:\/\/2024.jugendfilmtage.ch\/programme-2020\/gewinnerinnen-44-schweizer-jugendfilmtage-2020\/"},"modified":"2024-11-15T16:30:52","modified_gmt":"2024-11-15T15:30:52","slug":"gewinnerinnen-44-schweizer-jugendfilmtage","status":"publish","type":"page","link":"https:\/\/jugendfilmtage.ch\/fr\/archives\/festival-2020\/gewinnerinnen-44-schweizer-jugendfilmtage\/","title":{"rendered":"Gewinner*innen 44. Schweizer Jugendfilmtage"},"content":{"rendered":"\n<figure class=\"wp-block-image size-full\"><img loading=\"lazy\" decoding=\"async\" width=\"750\" height=\"1334\" src=\"https:\/\/jugendfilmtage.ch\/wp-content\/uploads\/2024\/11\/IMG_3266.png\" alt=\"Gewinner*innen 44. Schweizer Jugendfilmtage\" class=\"wp-image-27747\" style=\"aspect-ratio:3\/4;object-fit:cover\" srcset=\"https:\/\/jugendfilmtage.ch\/wp-content\/uploads\/2024\/11\/IMG_3266.png 750w, https:\/\/jugendfilmtage.ch\/wp-content\/uploads\/2024\/11\/IMG_3266-169x300.png 169w, https:\/\/jugendfilmtage.ch\/wp-content\/uploads\/2024\/11\/IMG_3266-562x1000.png 562w\" sizes=\"auto, (max-width: 750px) 100vw, 750px\" \/><\/figure>\n\n\n\n<h1 class=\"wp-block-heading\">Gewinner*innen 44. Schweizer Jugendfilmtage<\/h1>\n\n\n\n<figure class=\"wp-block-image size-full\"><img decoding=\"async\" src=\"https:\/\/jugendfilmtage.ch\/wp-content\/uploads\/2024\/03\/icon-der-springende-panther.svg\" alt=\"Icon: Der springende Panther\" class=\"wp-image-25288\"\/><\/figure>\n\n\n\n<details class=\"wp-block-details is-layout-flow wp-block-details-is-layout-flow\"><summary>Kategorie A, bis 16 Jahre<\/summary>\n<p><strong>1. Frames<\/strong><\/p>\n\n\n\n<p>Regie: Jay Rufer, Gruppe: crossfade.tv Filmcamp (Z\u00fcrich)<\/p>\n\n\n\n<p><br><strong>2. The Domesticated Child<\/strong><\/p>\n\n\n\n<p>Regie: Noah Bernasconi (Ticino)<\/p>\n\n\n\n<p><br><strong>3. 2020: Odyssee im Weltraum<\/strong><\/p>\n\n\n\n<p>Regie: Rachim Jau (Basel Stadt)<\/p>\n<\/details>\n\n\n\n<details class=\"wp-block-details is-layout-flow wp-block-details-is-layout-flow\"><summary>Kategorie B, bis 19 Jahre (Thema: Money)<\/summary>\n<p><strong>1. MONEY, GO TO SLEEP.<\/strong><\/p>\n\n\n\n<p>Regie: Gruppe: 5. Klasse Malik (Z\u00fcrich)<\/p>\n\n\n\n<p><br><strong>2. MONEY THERAPY<\/strong><\/p>\n\n\n\n<p>Regie: Ana Sofia Ramos, Sophie Grazia, Gruppe: Jugendliche der Mittelschule in Chiasso (Ticino)<\/p>\n\n\n\n<p><br><strong>3. THE PERFECT GIFT<\/strong><\/p>\n\n\n\n<p>Regie: Gruppe: 5.\/6. Klasse Seewis Dorf (Graub\u00fcnden) <\/p>\n<\/details>\n\n\n\n<details class=\"wp-block-details is-layout-flow wp-block-details-is-layout-flow\"><summary>Kategorie C, bis 19 Jahre<\/summary>\n<p><strong>Jurypreis Kategorie C<br><\/strong><br><strong>1. \u00ab J&rsquo;\u00e9tais un enfant qu&rsquo;on ne voyait pas \u00bb<\/strong><\/p>\n\n\n\n<p>Regie: Daniela Wildi (Aargau)<\/p>\n\n\n\n<p><br><strong>2. Unterholz<\/strong><\/p>\n\n\n\n<p>Regie: Annika Lutzke (Z\u00fcrich)<\/p>\n\n\n\n<p><br><strong>3. Weitter nones Seckli?<\/strong><\/p>\n\n\n\n<p>Regie: June Sch\u00e4delin (Freiburg)<\/p>\n<\/details>\n\n\n\n<details class=\"wp-block-details is-layout-flow wp-block-details-is-layout-flow\"><summary>Kategorie D, zwischen 20 und 25 Jahre <\/summary>\n<p><strong>1. Bruja<\/strong><\/p>\n\n\n\n<p>Regie: Serafina Ndlovu &amp; Verena Korrodi (Basel Stadt)<\/p>\n\n\n\n<p><br><strong>2. L\u00e4rm der Frauen<\/strong><\/p>\n\n\n\n<p>Regie: Arzije Asani &amp; C\u00e9line Stettler (Z\u00fcrich)<\/p>\n\n\n\n<p><br><strong>3. BOYS DON\u2019T CRY<\/strong><\/p>\n\n\n\n<p>Regie: Max Carlo Kohal (Basel Stadt)<\/p>\n<\/details>\n\n\n\n<details class=\"wp-block-details is-layout-flow wp-block-details-is-layout-flow\"><summary>Kategorie E, Filmstudierende bis 30 Jahre<\/summary>\n<p><strong>1. Still Working<\/strong><\/p>\n\n\n\n<p>Regue: Julietta Korbel (ECAL, Vaud)<\/p>\n\n\n\n<p><br><strong>2. 22:47 LINIE 34<\/strong><\/p>\n\n\n\n<p>Regie: Michael Karrer (ZHdK, Z\u00fcrich)<\/p>\n\n\n\n<p><br><strong>3. L&rsquo;Homme Jet\u00e9e<\/strong><\/p>\n\n\n\n<p>Regie: Lo\u00efc Hobi (Ecole de la Cit\u00e9, Neuch\u00e2tel)<\/p>\n<\/details>\n\n\n\n<details class=\"wp-block-details is-layout-flow wp-block-details-is-layout-flow\"><summary>Special Mention<\/summary>\n<p><strong>WERT<\/strong> von Alejandra Jenni, Claudia Jenni (Basel Stadt)<\/p>\n<\/details>\n\n\n\n<figure class=\"wp-block-image size-full\"><img decoding=\"async\" src=\"https:\/\/jugendfilmtage.ch\/wp-content\/uploads\/2024\/03\/icon-zkb-publikumspreis.svg\" alt=\"Icon: Pokal\" class=\"wp-image-25294\"\/><\/figure>\n\n\n\n<details class=\"wp-block-details is-layout-flow wp-block-details-is-layout-flow\"><summary>ZKB Publikumspreis<\/summary>\n<p><strong>Kategorie A:<\/strong> Gustav&rsquo;s grosse Liebe von Jeremy, Yara, Gruppe: 5.\/6. Klasse (Z\u00fcrich)<\/p>\n\n\n\n<p><strong>Kategorie B<\/strong>: Money, go to sleep. von Gruppe: 5. Klasse Malik (Z\u00fcrich)<\/p>\n\n\n\n<p><strong>Kategorie C: <\/strong>SHITHAPPENS von Dorian Massari (Z\u00fcrich)<\/p>\n\n\n\n<p><strong>Kategorie D<\/strong>: BOYS DON\u2019T CRY von Max Carlo Kohal (Basel Stadt)<\/p>\n\n\n\n<p><strong>Kategorie E<\/strong>: Nachts sind alle Katzen grau von Lasse Linder (HSLU, Z\u00fcrich)<\/p>\n<\/details>\n\n\n\n<figure class=\"wp-block-image size-full\"><a href=\"https:\/\/jugendfilmtage.ch\/wp-content\/uploads\/2024\/03\/icons-klappe-auf.svg\"><img decoding=\"async\" src=\"https:\/\/jugendfilmtage.ch\/wp-content\/uploads\/2024\/03\/icons-klappe-auf.svg\" alt=\"Icon: Filmklappe\" class=\"wp-image-25292\"\/><\/a><\/figure>\n\n\n\n<details class=\"wp-block-details is-layout-flow wp-block-details-is-layout-flow\"><summary>\u00abKlappe Auf!\u00bb&nbsp;Pitching Competition<\/summary>\n<p><strong>Nadina Dollie<\/strong><\/p>\n<\/details>\n\n\n\n<figure class=\"wp-block-image size-full\"><a href=\"https:\/\/jugendfilmtage.ch\/wp-content\/uploads\/2024\/03\/icon-das-goldene-bergli.svg\"><img decoding=\"async\" src=\"https:\/\/jugendfilmtage.ch\/wp-content\/uploads\/2024\/03\/icon-das-goldene-bergli.svg\" alt=\"Icon: Berg\" class=\"wp-image-25286\"\/><\/a><\/figure>\n\n\n\n<details class=\"wp-block-details is-layout-flow wp-block-details-is-layout-flow\"><summary>Goldenes Bergli<\/summary>\n<p>Goldenes Bergli f\u00fcr&nbsp;den&nbsp;Besten Animationsfilm:<\/p>\n\n\n\n<p><strong>2020: ODYSSEE IM WELTRAUM<\/strong><\/p>\n\n\n\n<p>Regie: Rachim Jau (Basel Stadt)<\/p>\n\n\n\n<p><em>Wir waren \u00fcberrascht und erfreut von der hohen Qualit\u00e4t der Einreichungen. Obwohl sie von verschiedensten Teams stammten \u2013 Einzelpersonen, Gruppenarbeiten, betreute Klassen \u2013 hatten alle eine sehr originelle Idee und eine spannende, kreative und sch\u00f6n animierte Umsetzung. <\/em><\/p>\n\n\n\n<p><em>\u00abJackpot\u00bb hat einen starken Erz\u00e4hlstil, ein tolles Konzept vom visuell dargestellten Bankaccount, und ein ansprechendes Design der Figuren und Szenen.<\/em><\/p>\n\n\n\n<p><em>\u00abBalloon\u00bb beinhaltet sehr aufw\u00e4ndige perspektivische Hintergr\u00fcnde, Szenen mit vielen gleichzeitig animierten Figuren, und ein poetisches Ende, das uns sehr gefiel.<\/em><\/p>\n\n\n\n<p><em>\u00abGeldbaum\u00bb hat die Technik des Cutout optimal genutzt und beinhaltete viele sch\u00f6ne, ber\u00fchrende und auch lustige Details in der Animation.<\/em><\/p>\n\n\n\n<p><em>Doch am meisten hat uns eine Einzelarbeit \u00fcberzeugt. Hier wurde hier eine sehr originelle und unheimliche Welt kreiert, die uns faszinierte aber auch schaudern liess.&nbsp;<\/em><\/p>\n\n\n\n<p><em>Vor allem die das Sounddesign ist auf sehr hohem Niveau, und arbeitet mit vielschichtigen und \u00fcberlegten Kompositionen. Der Regisseur traut sich, be\u00e4ngstigende Situationen zu beschreiben, l\u00e4sst seine Hauptfigur leiden, am Ende aber doch siegen.<\/em><\/p>\n\n\n\n<p><em>Auge f\u00fcr die Cinematographie und Ohr f\u00fcr Klangwelten mischen sich hier zu einer beeindruckender Eigenleistungen.<\/em><\/p>\n\n\n\n<p><em>Herzliche Gratulation, Rachim Jau f\u00fcr 2020: Odyssee im Weltraum.<\/em><\/p>\n<\/details>\n","protected":false},"excerpt":{"rendered":"<p>Gewinner*innen 44. Schweizer Jugendfilmtage<\/p>\n","protected":false},"author":14,"featured_media":0,"parent":9463,"menu_order":1,"comment_status":"closed","ping_status":"closed","template":"","meta":{"_acf_changed":false,"footnotes":""},"class_list":["post-11937","page","type-page","status-publish","hentry"],"acf":[],"yoast_head":"<!-- This site is optimized with the Yoast SEO plugin v27.4 - https:\/\/yoast.com\/product\/yoast-seo-wordpress\/ -->\n<title>Gewinner*innen 44. Schweizer Jugendfilmtage - FR Schweizer Jugendfilmtage<\/title>\n<meta name=\"description\" content=\"Gewinner*innen 44. Schweizer Jugendfilmtage Kategorie A, bis 16 Jahre 1. Frames Regie: Jay Rufer, Gruppe: crossfade.tv Filmcamp (Z\u00fcrich) 2. The\" \/>\n<meta name=\"robots\" content=\"index, follow, max-snippet:-1, max-image-preview:large, max-video-preview:-1\" \/>\n<link rel=\"canonical\" href=\"https:\/\/jugendfilmtage.ch\/fr\/archives\/festival-2020\/gewinnerinnen-44-schweizer-jugendfilmtage\/\" \/>\n<meta property=\"og:locale\" content=\"fr_FR\" \/>\n<meta property=\"og:type\" content=\"article\" \/>\n<meta property=\"og:title\" content=\"Gewinner*innen 44. Schweizer Jugendfilmtage - FR Schweizer Jugendfilmtage\" \/>\n<meta property=\"og:description\" content=\"Gewinner*innen 44. Schweizer Jugendfilmtage Kategorie A, bis 16 Jahre 1. Frames Regie: Jay Rufer, Gruppe: crossfade.tv Filmcamp (Z\u00fcrich) 2. The\" \/>\n<meta property=\"og:url\" content=\"https:\/\/jugendfilmtage.ch\/fr\/archives\/festival-2020\/gewinnerinnen-44-schweizer-jugendfilmtage\/\" \/>\n<meta property=\"og:site_name\" content=\"FR Schweizer Jugendfilmtage\" \/>\n<meta property=\"article:publisher\" content=\"https:\/\/www.facebook.com\/Jugendfilmtage\" \/>\n<meta property=\"article:modified_time\" content=\"2024-11-15T15:30:52+00:00\" \/>\n<meta property=\"og:image\" content=\"https:\/\/jugendfilmtage.ch\/wp-content\/uploads\/2024\/11\/IMG_3266-562x1000.png\" \/>\n\t<meta property=\"og:image:width\" content=\"562\" \/>\n\t<meta property=\"og:image:height\" content=\"1000\" \/>\n\t<meta property=\"og:image:type\" content=\"image\/png\" \/>\n<meta name=\"twitter:card\" content=\"summary_large_image\" \/>\n<meta name=\"twitter:site\" content=\"@jugendfilmtage\" \/>\n<meta name=\"twitter:label1\" content=\"Dur\u00e9e de lecture estim\u00e9e\" \/>\n\t<meta name=\"twitter:data1\" content=\"4 minutes\" \/>\n<script type=\"application\/ld+json\" class=\"yoast-schema-graph\">{\"@context\":\"https:\\\/\\\/schema.org\",\"@graph\":[{\"@type\":\"WebPage\",\"@id\":\"https:\\\/\\\/jugendfilmtage.ch\\\/fr\\\/archives\\\/festival-2020\\\/gewinnerinnen-44-schweizer-jugendfilmtage\\\/\",\"url\":\"https:\\\/\\\/jugendfilmtage.ch\\\/fr\\\/archives\\\/festival-2020\\\/gewinnerinnen-44-schweizer-jugendfilmtage\\\/\",\"name\":\"Gewinner*innen 44. Schweizer Jugendfilmtage - FR Schweizer Jugendfilmtage\",\"isPartOf\":{\"@id\":\"https:\\\/\\\/jugendfilmtage.ch\\\/fr\\\/#website\"},\"primaryImageOfPage\":{\"@id\":\"https:\\\/\\\/jugendfilmtage.ch\\\/fr\\\/archives\\\/festival-2020\\\/gewinnerinnen-44-schweizer-jugendfilmtage\\\/#primaryimage\"},\"image\":{\"@id\":\"https:\\\/\\\/jugendfilmtage.ch\\\/fr\\\/archives\\\/festival-2020\\\/gewinnerinnen-44-schweizer-jugendfilmtage\\\/#primaryimage\"},\"thumbnailUrl\":\"https:\\\/\\\/jugendfilmtage.ch\\\/wp-content\\\/uploads\\\/2024\\\/11\\\/IMG_3266.png\",\"datePublished\":\"2020-03-29T13:37:33+00:00\",\"dateModified\":\"2024-11-15T15:30:52+00:00\",\"description\":\"Gewinner*innen 44. Schweizer Jugendfilmtage Kategorie A, bis 16 Jahre 1. Frames Regie: Jay Rufer, Gruppe: crossfade.tv Filmcamp (Z\u00fcrich) 2. The\",\"breadcrumb\":{\"@id\":\"https:\\\/\\\/jugendfilmtage.ch\\\/fr\\\/archives\\\/festival-2020\\\/gewinnerinnen-44-schweizer-jugendfilmtage\\\/#breadcrumb\"},\"inLanguage\":\"fr-FR\",\"potentialAction\":[{\"@type\":\"ReadAction\",\"target\":[\"https:\\\/\\\/jugendfilmtage.ch\\\/fr\\\/archives\\\/festival-2020\\\/gewinnerinnen-44-schweizer-jugendfilmtage\\\/\"]}]},{\"@type\":\"ImageObject\",\"inLanguage\":\"fr-FR\",\"@id\":\"https:\\\/\\\/jugendfilmtage.ch\\\/fr\\\/archives\\\/festival-2020\\\/gewinnerinnen-44-schweizer-jugendfilmtage\\\/#primaryimage\",\"url\":\"https:\\\/\\\/jugendfilmtage.ch\\\/wp-content\\\/uploads\\\/2024\\\/11\\\/IMG_3266.png\",\"contentUrl\":\"https:\\\/\\\/jugendfilmtage.ch\\\/wp-content\\\/uploads\\\/2024\\\/11\\\/IMG_3266.png\"},{\"@type\":\"BreadcrumbList\",\"@id\":\"https:\\\/\\\/jugendfilmtage.ch\\\/fr\\\/archives\\\/festival-2020\\\/gewinnerinnen-44-schweizer-jugendfilmtage\\\/#breadcrumb\",\"itemListElement\":[{\"@type\":\"ListItem\",\"position\":1,\"name\":\"Archive\",\"item\":\"https:\\\/\\\/jugendfilmtage.ch\\\/fr\\\/archives\\\/\"},{\"@type\":\"ListItem\",\"position\":2,\"name\":\"Festival 2020\",\"item\":\"https:\\\/\\\/jugendfilmtage.ch\\\/fr\\\/archives\\\/festival-2020\\\/\"},{\"@type\":\"ListItem\",\"position\":3,\"name\":\"Gewinner*innen 44. Schweizer Jugendfilmtage\"}]},{\"@type\":\"WebSite\",\"@id\":\"https:\\\/\\\/jugendfilmtage.ch\\\/fr\\\/#website\",\"url\":\"https:\\\/\\\/jugendfilmtage.ch\\\/fr\\\/\",\"name\":\"FR Schweizer Jugendfilmtage\",\"description\":\"FR Festival Cin\u00e9 Jeunesse Suisse\",\"potentialAction\":[{\"@type\":\"SearchAction\",\"target\":{\"@type\":\"EntryPoint\",\"urlTemplate\":\"https:\\\/\\\/jugendfilmtage.ch\\\/fr\\\/?s={search_term_string}\"},\"query-input\":{\"@type\":\"PropertyValueSpecification\",\"valueRequired\":true,\"valueName\":\"search_term_string\"}}],\"inLanguage\":\"fr-FR\"}]}<\/script>\n<!-- \/ Yoast SEO plugin. -->","yoast_head_json":{"title":"Gewinner*innen 44. Schweizer Jugendfilmtage - FR Schweizer Jugendfilmtage","description":"Gewinner*innen 44. Schweizer Jugendfilmtage Kategorie A, bis 16 Jahre 1. Frames Regie: Jay Rufer, Gruppe: crossfade.tv Filmcamp (Z\u00fcrich) 2. The","robots":{"index":"index","follow":"follow","max-snippet":"max-snippet:-1","max-image-preview":"max-image-preview:large","max-video-preview":"max-video-preview:-1"},"canonical":"https:\/\/jugendfilmtage.ch\/fr\/archives\/festival-2020\/gewinnerinnen-44-schweizer-jugendfilmtage\/","og_locale":"fr_FR","og_type":"article","og_title":"Gewinner*innen 44. Schweizer Jugendfilmtage - FR Schweizer Jugendfilmtage","og_description":"Gewinner*innen 44. Schweizer Jugendfilmtage Kategorie A, bis 16 Jahre 1. Frames Regie: Jay Rufer, Gruppe: crossfade.tv Filmcamp (Z\u00fcrich) 2. The","og_url":"https:\/\/jugendfilmtage.ch\/fr\/archives\/festival-2020\/gewinnerinnen-44-schweizer-jugendfilmtage\/","og_site_name":"FR Schweizer Jugendfilmtage","article_publisher":"https:\/\/www.facebook.com\/Jugendfilmtage","article_modified_time":"2024-11-15T15:30:52+00:00","og_image":[{"width":562,"height":1000,"url":"https:\/\/jugendfilmtage.ch\/wp-content\/uploads\/2024\/11\/IMG_3266-562x1000.png","type":"image\/png"}],"twitter_card":"summary_large_image","twitter_site":"@jugendfilmtage","twitter_misc":{"Dur\u00e9e de lecture estim\u00e9e":"4 minutes"},"schema":{"@context":"https:\/\/schema.org","@graph":[{"@type":"WebPage","@id":"https:\/\/jugendfilmtage.ch\/fr\/archives\/festival-2020\/gewinnerinnen-44-schweizer-jugendfilmtage\/","url":"https:\/\/jugendfilmtage.ch\/fr\/archives\/festival-2020\/gewinnerinnen-44-schweizer-jugendfilmtage\/","name":"Gewinner*innen 44. Schweizer Jugendfilmtage - FR Schweizer Jugendfilmtage","isPartOf":{"@id":"https:\/\/jugendfilmtage.ch\/fr\/#website"},"primaryImageOfPage":{"@id":"https:\/\/jugendfilmtage.ch\/fr\/archives\/festival-2020\/gewinnerinnen-44-schweizer-jugendfilmtage\/#primaryimage"},"image":{"@id":"https:\/\/jugendfilmtage.ch\/fr\/archives\/festival-2020\/gewinnerinnen-44-schweizer-jugendfilmtage\/#primaryimage"},"thumbnailUrl":"https:\/\/jugendfilmtage.ch\/wp-content\/uploads\/2024\/11\/IMG_3266.png","datePublished":"2020-03-29T13:37:33+00:00","dateModified":"2024-11-15T15:30:52+00:00","description":"Gewinner*innen 44. Schweizer Jugendfilmtage Kategorie A, bis 16 Jahre 1. Frames Regie: Jay Rufer, Gruppe: crossfade.tv Filmcamp (Z\u00fcrich) 2. The","breadcrumb":{"@id":"https:\/\/jugendfilmtage.ch\/fr\/archives\/festival-2020\/gewinnerinnen-44-schweizer-jugendfilmtage\/#breadcrumb"},"inLanguage":"fr-FR","potentialAction":[{"@type":"ReadAction","target":["https:\/\/jugendfilmtage.ch\/fr\/archives\/festival-2020\/gewinnerinnen-44-schweizer-jugendfilmtage\/"]}]},{"@type":"ImageObject","inLanguage":"fr-FR","@id":"https:\/\/jugendfilmtage.ch\/fr\/archives\/festival-2020\/gewinnerinnen-44-schweizer-jugendfilmtage\/#primaryimage","url":"https:\/\/jugendfilmtage.ch\/wp-content\/uploads\/2024\/11\/IMG_3266.png","contentUrl":"https:\/\/jugendfilmtage.ch\/wp-content\/uploads\/2024\/11\/IMG_3266.png"},{"@type":"BreadcrumbList","@id":"https:\/\/jugendfilmtage.ch\/fr\/archives\/festival-2020\/gewinnerinnen-44-schweizer-jugendfilmtage\/#breadcrumb","itemListElement":[{"@type":"ListItem","position":1,"name":"Archive","item":"https:\/\/jugendfilmtage.ch\/fr\/archives\/"},{"@type":"ListItem","position":2,"name":"Festival 2020","item":"https:\/\/jugendfilmtage.ch\/fr\/archives\/festival-2020\/"},{"@type":"ListItem","position":3,"name":"Gewinner*innen 44. Schweizer Jugendfilmtage"}]},{"@type":"WebSite","@id":"https:\/\/jugendfilmtage.ch\/fr\/#website","url":"https:\/\/jugendfilmtage.ch\/fr\/","name":"FR Schweizer Jugendfilmtage","description":"FR Festival Cin\u00e9 Jeunesse Suisse","potentialAction":[{"@type":"SearchAction","target":{"@type":"EntryPoint","urlTemplate":"https:\/\/jugendfilmtage.ch\/fr\/?s={search_term_string}"},"query-input":{"@type":"PropertyValueSpecification","valueRequired":true,"valueName":"search_term_string"}}],"inLanguage":"fr-FR"}]}},"_links":{"self":[{"href":"https:\/\/jugendfilmtage.ch\/fr\/wp-json\/wp\/v2\/pages\/11937","targetHints":{"allow":["GET"]}}],"collection":[{"href":"https:\/\/jugendfilmtage.ch\/fr\/wp-json\/wp\/v2\/pages"}],"about":[{"href":"https:\/\/jugendfilmtage.ch\/fr\/wp-json\/wp\/v2\/types\/page"}],"author":[{"embeddable":true,"href":"https:\/\/jugendfilmtage.ch\/fr\/wp-json\/wp\/v2\/users\/14"}],"replies":[{"embeddable":true,"href":"https:\/\/jugendfilmtage.ch\/fr\/wp-json\/wp\/v2\/comments?post=11937"}],"version-history":[{"count":7,"href":"https:\/\/jugendfilmtage.ch\/fr\/wp-json\/wp\/v2\/pages\/11937\/revisions"}],"predecessor-version":[{"id":27905,"href":"https:\/\/jugendfilmtage.ch\/fr\/wp-json\/wp\/v2\/pages\/11937\/revisions\/27905"}],"up":[{"embeddable":true,"href":"https:\/\/jugendfilmtage.ch\/fr\/wp-json\/wp\/v2\/pages\/9463"}],"wp:attachment":[{"href":"https:\/\/jugendfilmtage.ch\/fr\/wp-json\/wp\/v2\/media?parent=11937"}],"curies":[{"name":"wp","href":"https:\/\/api.w.org\/{rel}","templated":true}]}}