{"id":11844,"date":"2020-03-21T15:58:42","date_gmt":"2020-03-21T15:58:42","guid":{"rendered":"https:\/\/2024.jugendfilmtage.ch\/?page_id=11844"},"modified":"2024-02-06T10:26:49","modified_gmt":"2024-02-06T09:26:49","slug":"discussions-sur-les-films","status":"publish","type":"page","link":"https:\/\/jugendfilmtage.ch\/fr\/archives\/festival-2020\/discussions-sur-les-films\/","title":{"rendered":"Discussions sur les films"},"content":{"rendered":"<h1>Discussions sur les films<\/h1>\n<p>Apr\u00e8s chaque session de comp\u00e9tition, des experts du cin\u00e9ma discuteront du programme sur la cha\u00eene Instagram du Festival Cin\u00e9 Jeunesse Suisse (@jugendfilmtage). Participez live \u00e0 la discussion et posez vos questions ! @jugendfilmtage<\/p>\n<p>Ce programme est organis\u00e9 en coop\u00e9ration avec les festivals de cin\u00e9ma suisses suivants:<\/p>\n<p><a href=\"https:\/\/www.baselfilmfestival.ch\/home.html\">G\u00e4ssli Film Festival<\/a><br \/>\n<a href=\"https:\/\/zugerfilmtage.ch\">Zuger Filmtage<\/a><br \/>\n<a href=\"http:\/\/www.kurzfilmtage.ch\/DE\">Internationale Kurzfilmtage Winterthur<\/a><br \/>\n<a href=\"https:\/\/www.solothurnerfilmtage.ch\">Journ\u00e9es de Soleure<\/a><\/p>\n<p>&nbsp;<\/p>\n<p><strong>Discussion sur les films de cat\u00e9gorie A<\/strong> (vendredi 27.3.2020, environ 15h30)<br \/>\nLaura Frei (directrice du festival) et Marion Nyffenegger (directrice du festival), <a href=\"https:\/\/www.baselfilmfestival.ch\/home.html\">G\u00e4ssli Film Festival<\/a><\/p>\n<p><strong>Discussion sur les films de cat\u00e9gorie B<\/strong> (vendredi, 27.3.2020, environ 17h30)<br \/>\nGaby (gestion d&rsquo;at\u00e9liers) et Selina Wenger (conseil de direction Cin\u00e9 Jeunesse Suisse)<\/p>\n<p><strong>Discussion sur les films de cat\u00e9gorie C<\/strong> (vendredi, 27.3.2020, environ 20h30)<br \/>\nEveline Stalder (directrice du festival) et Sonja Wismer (programmatrice\/membre du conseil d&rsquo;administration), <a href=\"https:\/\/zugerfilmtage.ch\">Zuger Filmtage<\/a><\/p>\n<p><strong>Discussion sur les films de cat\u00e9gorie D<\/strong> (samedi, 28.3.2020, environ 19h30)<br \/>\nAnita Hugi (Directrice du festival) et Marianne Wirth (Attach\u00e9e de programme), <a href=\"https:\/\/www.solothurnerfilmtage.ch\">Journ\u00e9es de Soleure<\/a><\/p>\n<p><strong>Discussion sur les films de cat\u00e9gorie E<\/strong> (samedi, 28.3.2020, environ 22h15)<br \/>\nJohn Canciani (directeur artistique) et Laura Walde (coordinatrice du programme), <a href=\"http:\/\/www.kurzfilmtage.ch\/DE\">Internationale Kurzfilmtage Winterthur<\/a><\/p>\n","protected":false},"excerpt":{"rendered":"<p>Discussions sur les films Apr\u00e8s chaque session de comp\u00e9tition, des experts du cin\u00e9ma discuteront du programme sur la cha\u00eene Instagram du Festival Cin\u00e9 Jeunesse Suisse (@jugendfilmtage). Participez live \u00e0 la discussion et posez vos questions ! @jugendfilmtage Ce programme est organis\u00e9 en coop\u00e9ration avec les festivals de cin\u00e9ma suisses suivants: G\u00e4ssli Film Festival Zuger Filmtage [&hellip;]<\/p>\n","protected":false},"author":11,"featured_media":0,"parent":9463,"menu_order":2,"comment_status":"closed","ping_status":"closed","template":"","meta":{"_acf_changed":false,"footnotes":""},"class_list":["post-11844","page","type-page","status-publish","hentry"],"acf":[],"yoast_head":"<!-- This site is optimized with the Yoast SEO plugin v27.4 - https:\/\/yoast.com\/product\/yoast-seo-wordpress\/ -->\n<title>Discussions sur les films - FR Schweizer Jugendfilmtage<\/title>\n<meta name=\"description\" content=\"Discussions sur les films Apr\u00e8s chaque session de comp\u00e9tition, des experts du cin\u00e9ma discuteront du programme sur la cha\u00eene Instagram du Festival Cin\u00e9\" \/>\n<meta name=\"robots\" content=\"index, follow, max-snippet:-1, max-image-preview:large, max-video-preview:-1\" \/>\n<link rel=\"canonical\" href=\"https:\/\/jugendfilmtage.ch\/fr\/archives\/festival-2020\/discussions-sur-les-films\/\" \/>\n<meta property=\"og:locale\" content=\"fr_FR\" \/>\n<meta property=\"og:type\" content=\"article\" \/>\n<meta property=\"og:title\" content=\"Discussions sur les films - FR Schweizer Jugendfilmtage\" \/>\n<meta property=\"og:description\" content=\"Discussions sur les films Apr\u00e8s chaque session de comp\u00e9tition, des experts du cin\u00e9ma discuteront du programme sur la cha\u00eene Instagram du Festival Cin\u00e9\" \/>\n<meta property=\"og:url\" content=\"https:\/\/jugendfilmtage.ch\/fr\/archives\/festival-2020\/discussions-sur-les-films\/\" \/>\n<meta property=\"og:site_name\" content=\"FR Schweizer Jugendfilmtage\" \/>\n<meta property=\"article:publisher\" content=\"https:\/\/www.facebook.com\/Jugendfilmtage\" \/>\n<meta property=\"article:modified_time\" content=\"2024-02-06T09:26:49+00:00\" \/>\n<meta name=\"twitter:card\" content=\"summary_large_image\" \/>\n<meta name=\"twitter:site\" content=\"@jugendfilmtage\" \/>\n<meta name=\"twitter:label1\" content=\"Dur\u00e9e de lecture estim\u00e9e\" \/>\n\t<meta name=\"twitter:data1\" content=\"2 minutes\" \/>\n<script type=\"application\/ld+json\" class=\"yoast-schema-graph\">{\"@context\":\"https:\\\/\\\/schema.org\",\"@graph\":[{\"@type\":\"WebPage\",\"@id\":\"https:\\\/\\\/jugendfilmtage.ch\\\/fr\\\/archives\\\/festival-2020\\\/discussions-sur-les-films\\\/\",\"url\":\"https:\\\/\\\/jugendfilmtage.ch\\\/fr\\\/archives\\\/festival-2020\\\/discussions-sur-les-films\\\/\",\"name\":\"Discussions sur les films - FR Schweizer Jugendfilmtage\",\"isPartOf\":{\"@id\":\"https:\\\/\\\/jugendfilmtage.ch\\\/fr\\\/#website\"},\"datePublished\":\"2020-03-21T15:58:42+00:00\",\"dateModified\":\"2024-02-06T09:26:49+00:00\",\"description\":\"Discussions sur les films Apr\u00e8s chaque session de comp\u00e9tition, des experts du cin\u00e9ma discuteront du programme sur la cha\u00eene Instagram du Festival Cin\u00e9\",\"breadcrumb\":{\"@id\":\"https:\\\/\\\/jugendfilmtage.ch\\\/fr\\\/archives\\\/festival-2020\\\/discussions-sur-les-films\\\/#breadcrumb\"},\"inLanguage\":\"fr-FR\",\"potentialAction\":[{\"@type\":\"ReadAction\",\"target\":[\"https:\\\/\\\/jugendfilmtage.ch\\\/fr\\\/archives\\\/festival-2020\\\/discussions-sur-les-films\\\/\"]}]},{\"@type\":\"BreadcrumbList\",\"@id\":\"https:\\\/\\\/jugendfilmtage.ch\\\/fr\\\/archives\\\/festival-2020\\\/discussions-sur-les-films\\\/#breadcrumb\",\"itemListElement\":[{\"@type\":\"ListItem\",\"position\":1,\"name\":\"Archive\",\"item\":\"https:\\\/\\\/jugendfilmtage.ch\\\/fr\\\/archives\\\/\"},{\"@type\":\"ListItem\",\"position\":2,\"name\":\"Festival 2020\",\"item\":\"https:\\\/\\\/jugendfilmtage.ch\\\/fr\\\/archives\\\/festival-2020\\\/\"},{\"@type\":\"ListItem\",\"position\":3,\"name\":\"Discussions sur les films\"}]},{\"@type\":\"WebSite\",\"@id\":\"https:\\\/\\\/jugendfilmtage.ch\\\/fr\\\/#website\",\"url\":\"https:\\\/\\\/jugendfilmtage.ch\\\/fr\\\/\",\"name\":\"FR Schweizer Jugendfilmtage\",\"description\":\"FR Festival Cin\u00e9 Jeunesse Suisse\",\"potentialAction\":[{\"@type\":\"SearchAction\",\"target\":{\"@type\":\"EntryPoint\",\"urlTemplate\":\"https:\\\/\\\/jugendfilmtage.ch\\\/fr\\\/?s={search_term_string}\"},\"query-input\":{\"@type\":\"PropertyValueSpecification\",\"valueRequired\":true,\"valueName\":\"search_term_string\"}}],\"inLanguage\":\"fr-FR\"}]}<\/script>\n<!-- \/ Yoast SEO plugin. -->","yoast_head_json":{"title":"Discussions sur les films - FR Schweizer Jugendfilmtage","description":"Discussions sur les films Apr\u00e8s chaque session de comp\u00e9tition, des experts du cin\u00e9ma discuteront du programme sur la cha\u00eene Instagram du Festival Cin\u00e9","robots":{"index":"index","follow":"follow","max-snippet":"max-snippet:-1","max-image-preview":"max-image-preview:large","max-video-preview":"max-video-preview:-1"},"canonical":"https:\/\/jugendfilmtage.ch\/fr\/archives\/festival-2020\/discussions-sur-les-films\/","og_locale":"fr_FR","og_type":"article","og_title":"Discussions sur les films - FR Schweizer Jugendfilmtage","og_description":"Discussions sur les films Apr\u00e8s chaque session de comp\u00e9tition, des experts du cin\u00e9ma discuteront du programme sur la cha\u00eene Instagram du Festival Cin\u00e9","og_url":"https:\/\/jugendfilmtage.ch\/fr\/archives\/festival-2020\/discussions-sur-les-films\/","og_site_name":"FR Schweizer Jugendfilmtage","article_publisher":"https:\/\/www.facebook.com\/Jugendfilmtage","article_modified_time":"2024-02-06T09:26:49+00:00","twitter_card":"summary_large_image","twitter_site":"@jugendfilmtage","twitter_misc":{"Dur\u00e9e de lecture estim\u00e9e":"2 minutes"},"schema":{"@context":"https:\/\/schema.org","@graph":[{"@type":"WebPage","@id":"https:\/\/jugendfilmtage.ch\/fr\/archives\/festival-2020\/discussions-sur-les-films\/","url":"https:\/\/jugendfilmtage.ch\/fr\/archives\/festival-2020\/discussions-sur-les-films\/","name":"Discussions sur les films - FR Schweizer Jugendfilmtage","isPartOf":{"@id":"https:\/\/jugendfilmtage.ch\/fr\/#website"},"datePublished":"2020-03-21T15:58:42+00:00","dateModified":"2024-02-06T09:26:49+00:00","description":"Discussions sur les films Apr\u00e8s chaque session de comp\u00e9tition, des experts du cin\u00e9ma discuteront du programme sur la cha\u00eene Instagram du Festival Cin\u00e9","breadcrumb":{"@id":"https:\/\/jugendfilmtage.ch\/fr\/archives\/festival-2020\/discussions-sur-les-films\/#breadcrumb"},"inLanguage":"fr-FR","potentialAction":[{"@type":"ReadAction","target":["https:\/\/jugendfilmtage.ch\/fr\/archives\/festival-2020\/discussions-sur-les-films\/"]}]},{"@type":"BreadcrumbList","@id":"https:\/\/jugendfilmtage.ch\/fr\/archives\/festival-2020\/discussions-sur-les-films\/#breadcrumb","itemListElement":[{"@type":"ListItem","position":1,"name":"Archive","item":"https:\/\/jugendfilmtage.ch\/fr\/archives\/"},{"@type":"ListItem","position":2,"name":"Festival 2020","item":"https:\/\/jugendfilmtage.ch\/fr\/archives\/festival-2020\/"},{"@type":"ListItem","position":3,"name":"Discussions sur les films"}]},{"@type":"WebSite","@id":"https:\/\/jugendfilmtage.ch\/fr\/#website","url":"https:\/\/jugendfilmtage.ch\/fr\/","name":"FR Schweizer Jugendfilmtage","description":"FR Festival Cin\u00e9 Jeunesse Suisse","potentialAction":[{"@type":"SearchAction","target":{"@type":"EntryPoint","urlTemplate":"https:\/\/jugendfilmtage.ch\/fr\/?s={search_term_string}"},"query-input":{"@type":"PropertyValueSpecification","valueRequired":true,"valueName":"search_term_string"}}],"inLanguage":"fr-FR"}]}},"_links":{"self":[{"href":"https:\/\/jugendfilmtage.ch\/fr\/wp-json\/wp\/v2\/pages\/11844","targetHints":{"allow":["GET"]}}],"collection":[{"href":"https:\/\/jugendfilmtage.ch\/fr\/wp-json\/wp\/v2\/pages"}],"about":[{"href":"https:\/\/jugendfilmtage.ch\/fr\/wp-json\/wp\/v2\/types\/page"}],"author":[{"embeddable":true,"href":"https:\/\/jugendfilmtage.ch\/fr\/wp-json\/wp\/v2\/users\/11"}],"replies":[{"embeddable":true,"href":"https:\/\/jugendfilmtage.ch\/fr\/wp-json\/wp\/v2\/comments?post=11844"}],"version-history":[{"count":6,"href":"https:\/\/jugendfilmtage.ch\/fr\/wp-json\/wp\/v2\/pages\/11844\/revisions"}],"predecessor-version":[{"id":23817,"href":"https:\/\/jugendfilmtage.ch\/fr\/wp-json\/wp\/v2\/pages\/11844\/revisions\/23817"}],"up":[{"embeddable":true,"href":"https:\/\/jugendfilmtage.ch\/fr\/wp-json\/wp\/v2\/pages\/9463"}],"wp:attachment":[{"href":"https:\/\/jugendfilmtage.ch\/fr\/wp-json\/wp\/v2\/media?parent=11844"}],"curies":[{"name":"wp","href":"https:\/\/api.w.org\/{rel}","templated":true}]}}