{"id":11616,"date":"2020-03-09T15:10:43","date_gmt":"2020-03-09T15:10:43","guid":{"rendered":"https:\/\/2024.jugendfilmtage.ch\/?page_id=11616"},"modified":"2024-02-06T10:24:16","modified_gmt":"2024-02-06T09:24:16","slug":"jury-2020","status":"publish","type":"page","link":"https:\/\/jugendfilmtage.ch\/fr\/archives\/festival-2020\/jury-2020\/","title":{"rendered":"Jury 2020"},"content":{"rendered":"<div class=\"row-fluid\">\n<div class=\"row-fluid\">\n<h1>Jury 2020<\/h1>\n<div class=\"rhcol span4\"><a href=\"https:\/\/jugendfilmtage.ch\/wp-content\/uploads\/2019\/02\/Jury_FS.png\"><img loading=\"lazy\" decoding=\"async\" class=\"alignnone wp-image-11605 size-full\" src=\"https:\/\/jugendfilmtage.ch\/wp-content\/uploads\/2020\/03\/JFT_2020_Programmheft_17.jpg\" alt=\"\" width=\"335\" height=\"243\" srcset=\"https:\/\/jugendfilmtage.ch\/wp-content\/uploads\/2020\/03\/JFT_2020_Programmheft_17.jpg 335w, https:\/\/jugendfilmtage.ch\/wp-content\/uploads\/2020\/03\/JFT_2020_Programmheft_17-300x218.jpg 300w\" sizes=\"auto, (max-width: 335px) 100vw, 335px\" \/><\/a><\/div>\n<div class=\"rhcol span8\"><strong>Elene Naveriani<br \/>\n<\/strong>BA en arts visuels \u00e0 Tbilissi, suivi d\u2019un MA en Critical Curatorial Cybermedia et d\u2019\u00e9tudes \u00e0 la HEAD. \u00abI Am Truly a Drop of Sun on Earth\u00bb, Elenes premier long-m\u00e9trage, fut projet\u00e9 en premi\u00e8re mondiale au prestigieux Festival international du film de Rotterdam et fut r\u00e9compens\u00e9 par d\u2019autres festivals. R\u00e9sidant entre la Suisse et la G\u00e9orgie, Elene travaille sur son prochain long m\u00e9trage ainsi que pour l\u2019Association Mishkin qui offre une plateforme aux projets cin\u00e9ma ind\u00e9pendants et soutient de nouveaux processus de production.<\/div>\n<\/div>\n<div class=\"row-fluid\">\n<div class=\"row-fluid\">\n<div class=\"rhcol span4\"><a href=\"https:\/\/jugendfilmtage.ch\/wp-content\/uploads\/2019\/02\/Jury_KE.png\"><img loading=\"lazy\" decoding=\"async\" class=\"alignnone wp-image-11607 size-full\" src=\"https:\/\/jugendfilmtage.ch\/wp-content\/uploads\/2020\/03\/JFT_2020_Programmheft_17-1.jpg\" alt=\"\" width=\"336\" height=\"245\" srcset=\"https:\/\/jugendfilmtage.ch\/wp-content\/uploads\/2020\/03\/JFT_2020_Programmheft_17-1.jpg 336w, https:\/\/jugendfilmtage.ch\/wp-content\/uploads\/2020\/03\/JFT_2020_Programmheft_17-1-300x219.jpg 300w\" sizes=\"auto, (max-width: 336px) 100vw, 336px\" \/><\/a><\/div>\n<div class=\"rhcol span8\"><strong>Jasmin Basic<br \/>\n<\/strong>Curatrice de cin\u00e9ma et programmatrice pour plusieurs festivals de film internationaux, Jasmin est actuellement Responsable programmation fiction au FIFDH \u00e0 Gen\u00e8ve et Consultante Industry pour Visions du R\u00e9el. Cofondatrice et membre du conseil de direction de Pro Short, l\u2019association du court-m\u00e9trage suisse, elle est en outre responsable de la fili\u00e8re master en cin\u00e9ma ECAL\/HEAD. Elle travailla en qualit\u00e9 de productrice associ\u00e9e pour les soci\u00e9t\u00e9s de production La B\u00eate \u00e0 Paris et Alva Film \u00e0 Gen\u00e8ve.<\/div>\n<\/div>\n<div class=\"row-fluid\">\n<div class=\"row-fluid\">\n<div class=\"rhcol span4\"><a href=\"https:\/\/jugendfilmtage.ch\/wp-content\/uploads\/2019\/02\/Jury_FS.png\"><img loading=\"lazy\" decoding=\"async\" class=\"alignnone wp-image-11609 size-full\" src=\"https:\/\/jugendfilmtage.ch\/wp-content\/uploads\/2020\/03\/JFT_2020_Programmheft_17-2.jpg\" alt=\"\" width=\"336\" height=\"241\" srcset=\"https:\/\/jugendfilmtage.ch\/wp-content\/uploads\/2020\/03\/JFT_2020_Programmheft_17-2.jpg 336w, https:\/\/jugendfilmtage.ch\/wp-content\/uploads\/2020\/03\/JFT_2020_Programmheft_17-2-300x215.jpg 300w\" sizes=\"auto, (max-width: 336px) 100vw, 336px\" \/><\/a><\/div>\n<div class=\"rhcol span8\"><strong>Max Hubacher<br \/>\n<\/strong>Acteur de cin\u00e9ma et th\u00e9\u00e2tre. Max Hubacher tourna son premier film en 2009, et obtient le Prix du cin\u00e9ma suisse 2012 pour sa performance dans \u00abL\u2018Enfance vol\u00e9e\u00bb. Il fut European Shooting Star \u00e0 la Berlinale. Suite \u00e0 ses \u00e9tudes \u00e0 la Hochschule fu\u0308r Musik und Theater Felix Mendelssohn Bartholdy \u00e0 Leipzig, il joua dans des longs-m\u00e9trages tels que \u00abL\u2018Usurpateur\u00bb (Bayrischer Filmpreis \u2013 meilleur jeune acteur), \u00abMario\u00bb, \u00abMidnight Runner\u00bb, \u00abLasst die Alten sterben\u00bb, \u00abNichts passiert\u00bb ou \u00abUn train de nuit pour Lisbonne\u00bb. Fin 2020, il jouera dans la nouvelle s\u00e9rie RTS \u00abFrieden\u00bb.<\/div>\n<\/div>\n<div class=\"row-fluid\">\n<div class=\"row-fluid\">\n<div class=\"rhcol span4\"><a href=\"https:\/\/jugendfilmtage.ch\/wp-content\/uploads\/2019\/02\/Jury_KE.png\"><img loading=\"lazy\" decoding=\"async\" class=\"alignnone wp-image-11611 size-full\" src=\"https:\/\/jugendfilmtage.ch\/wp-content\/uploads\/2020\/03\/JFT_2020_Programmheft_17-3.jpg\" alt=\"\" width=\"333\" height=\"245\" srcset=\"https:\/\/jugendfilmtage.ch\/wp-content\/uploads\/2020\/03\/JFT_2020_Programmheft_17-3.jpg 333w, https:\/\/jugendfilmtage.ch\/wp-content\/uploads\/2020\/03\/JFT_2020_Programmheft_17-3-300x221.jpg 300w\" sizes=\"auto, (max-width: 333px) 100vw, 333px\" \/><\/a><\/div>\n<div class=\"rhcol span8\"><strong>Ruth Baettig<br \/>\n<\/strong>Co-initiatrice de la plateforme \u00abFilmexplorer \u2013 expand the experience\u00bb, journaliste de cin\u00e9ma et artiste. Ruth a entre autres \u00e9tudi\u00e9 les m\u00e9dias mixtes \u00e0 l\u2019\u00c9cole sup\u00e9rieure d\u2019arts visuels \u00e0 Gen\u00e8ve, l\u2019art m\u00e9diatique \u00e0 la Kunsthochschule fu\u0308r Medien de Cologne et compl\u00e9t\u00e9 son programme de master \u00e0 l\u2019\u00c9cole nationale des beaux-arts de Paris. Actuellement, ses travaux sont pr\u00e9sent\u00e9s au Kunstraum Hochdorf et au Museum Sankturbanhof \u00e0 Sursee, avec une exposition solo \u00e0 \u00abLa Julienne\u00bb \u00e0 Plan-les-Ouates.<\/div>\n<\/div>\n<div class=\"row-fluid\">\n<div class=\"row-fluid\">\n<div class=\"rhcol span4\"><a href=\"https:\/\/jugendfilmtage.ch\/wp-content\/uploads\/2019\/02\/Jury_FS.png\"><img loading=\"lazy\" decoding=\"async\" class=\"alignnone wp-image-11613 size-full\" src=\"https:\/\/jugendfilmtage.ch\/wp-content\/uploads\/2020\/03\/JFT_2020_Programmheft_17-4.jpg\" alt=\"\" width=\"482\" height=\"352\" srcset=\"https:\/\/jugendfilmtage.ch\/wp-content\/uploads\/2020\/03\/JFT_2020_Programmheft_17-4.jpg 482w, https:\/\/jugendfilmtage.ch\/wp-content\/uploads\/2020\/03\/JFT_2020_Programmheft_17-4-300x219.jpg 300w\" sizes=\"auto, (max-width: 482px) 100vw, 482px\" \/><\/a><\/div>\n<div class=\"rhcol span8\"><strong>Zoel Aeschbacher<br \/>\n<\/strong>Laur\u00e9at du 1er prix de la Cat\u00e9gorie E 2019 avec Bonobo, qui d\u00e9crocha \u00e9galement un Student Oscar. Zoel parvint au cin\u00e9ma par la musique et les projets vid\u00e9o collectifs de ses amis. En 2016, il fonda \u00abApollo Projects\u00bb avec Christophe M. Saber. D\u00e9tendeur d\u2019un BA \u00e0 l\u2019ECAL, Zoel est d\u2019origine suisse-vietnamienne. Actuellement, il r\u00e9side et travaille \u00e0 Paris.<\/div>\n<\/div>\n<\/div>\n<\/div>\n<\/div>\n<\/div>\n<\/div>\n","protected":false},"excerpt":{"rendered":"<p>Jury 2020 Elene Naveriani BA en arts visuels \u00e0 Tbilissi, suivi d\u2019un MA en Critical Curatorial Cybermedia et d\u2019\u00e9tudes \u00e0 la HEAD. \u00abI Am Truly a Drop of Sun on Earth\u00bb, Elenes premier long-m\u00e9trage, fut projet\u00e9 en premi\u00e8re mondiale au prestigieux Festival international du film de Rotterdam et fut r\u00e9compens\u00e9 par d\u2019autres festivals. R\u00e9sidant entre [&hellip;]<\/p>\n","protected":false},"author":11,"featured_media":0,"parent":9463,"menu_order":0,"comment_status":"closed","ping_status":"closed","template":"","meta":{"_acf_changed":false,"footnotes":""},"class_list":["post-11616","page","type-page","status-publish","hentry"],"acf":[],"yoast_head":"<!-- This site is optimized with the Yoast SEO plugin v27.4 - https:\/\/yoast.com\/product\/yoast-seo-wordpress\/ -->\n<title>Jury 2020 - FR Schweizer Jugendfilmtage<\/title>\n<meta name=\"description\" content=\"Jury 2020 Elene Naveriani BA en arts visuels \u00e0 Tbilissi, suivi d\u2019un MA en Critical Curatorial Cybermedia et d\u2019\u00e9tudes \u00e0 la HEAD. \u00abI Am Truly a Drop of Sun\" \/>\n<meta name=\"robots\" content=\"index, follow, max-snippet:-1, max-image-preview:large, max-video-preview:-1\" \/>\n<link rel=\"canonical\" href=\"https:\/\/jugendfilmtage.ch\/fr\/archives\/festival-2020\/jury-2020\/\" \/>\n<meta property=\"og:locale\" content=\"fr_FR\" \/>\n<meta property=\"og:type\" content=\"article\" \/>\n<meta property=\"og:title\" content=\"Jury 2020 - FR Schweizer Jugendfilmtage\" \/>\n<meta property=\"og:description\" content=\"Jury 2020 Elene Naveriani BA en arts visuels \u00e0 Tbilissi, suivi d\u2019un MA en Critical Curatorial Cybermedia et d\u2019\u00e9tudes \u00e0 la HEAD. \u00abI Am Truly a Drop of Sun\" \/>\n<meta property=\"og:url\" content=\"https:\/\/jugendfilmtage.ch\/fr\/archives\/festival-2020\/jury-2020\/\" \/>\n<meta property=\"og:site_name\" content=\"FR Schweizer Jugendfilmtage\" \/>\n<meta property=\"article:publisher\" content=\"https:\/\/www.facebook.com\/Jugendfilmtage\" \/>\n<meta property=\"article:modified_time\" content=\"2024-02-06T09:24:16+00:00\" \/>\n<meta property=\"og:image\" content=\"https:\/\/jugendfilmtage.ch\/wp-content\/uploads\/2020\/03\/JFT_2020_Programmheft_17.jpg\" \/>\n<meta name=\"twitter:card\" content=\"summary_large_image\" \/>\n<meta name=\"twitter:site\" content=\"@jugendfilmtage\" \/>\n<meta name=\"twitter:label1\" content=\"Dur\u00e9e de lecture estim\u00e9e\" \/>\n\t<meta name=\"twitter:data1\" content=\"4 minutes\" \/>\n<script type=\"application\/ld+json\" class=\"yoast-schema-graph\">{\"@context\":\"https:\\\/\\\/schema.org\",\"@graph\":[{\"@type\":\"WebPage\",\"@id\":\"https:\\\/\\\/jugendfilmtage.ch\\\/fr\\\/archives\\\/festival-2020\\\/jury-2020\\\/\",\"url\":\"https:\\\/\\\/jugendfilmtage.ch\\\/fr\\\/archives\\\/festival-2020\\\/jury-2020\\\/\",\"name\":\"Jury 2020 - FR Schweizer Jugendfilmtage\",\"isPartOf\":{\"@id\":\"https:\\\/\\\/jugendfilmtage.ch\\\/fr\\\/#website\"},\"primaryImageOfPage\":{\"@id\":\"https:\\\/\\\/jugendfilmtage.ch\\\/fr\\\/archives\\\/festival-2020\\\/jury-2020\\\/#primaryimage\"},\"image\":{\"@id\":\"https:\\\/\\\/jugendfilmtage.ch\\\/fr\\\/archives\\\/festival-2020\\\/jury-2020\\\/#primaryimage\"},\"thumbnailUrl\":\"https:\\\/\\\/jugendfilmtage.ch\\\/wp-content\\\/uploads\\\/2020\\\/03\\\/JFT_2020_Programmheft_17.jpg\",\"datePublished\":\"2020-03-09T15:10:43+00:00\",\"dateModified\":\"2024-02-06T09:24:16+00:00\",\"description\":\"Jury 2020 Elene Naveriani BA en arts visuels \u00e0 Tbilissi, suivi d\u2019un MA en Critical Curatorial Cybermedia et d\u2019\u00e9tudes \u00e0 la HEAD. \u00abI Am Truly a Drop of Sun\",\"breadcrumb\":{\"@id\":\"https:\\\/\\\/jugendfilmtage.ch\\\/fr\\\/archives\\\/festival-2020\\\/jury-2020\\\/#breadcrumb\"},\"inLanguage\":\"fr-FR\",\"potentialAction\":[{\"@type\":\"ReadAction\",\"target\":[\"https:\\\/\\\/jugendfilmtage.ch\\\/fr\\\/archives\\\/festival-2020\\\/jury-2020\\\/\"]}]},{\"@type\":\"ImageObject\",\"inLanguage\":\"fr-FR\",\"@id\":\"https:\\\/\\\/jugendfilmtage.ch\\\/fr\\\/archives\\\/festival-2020\\\/jury-2020\\\/#primaryimage\",\"url\":\"https:\\\/\\\/jugendfilmtage.ch\\\/wp-content\\\/uploads\\\/2020\\\/03\\\/JFT_2020_Programmheft_17.jpg\",\"contentUrl\":\"https:\\\/\\\/jugendfilmtage.ch\\\/wp-content\\\/uploads\\\/2020\\\/03\\\/JFT_2020_Programmheft_17.jpg\"},{\"@type\":\"BreadcrumbList\",\"@id\":\"https:\\\/\\\/jugendfilmtage.ch\\\/fr\\\/archives\\\/festival-2020\\\/jury-2020\\\/#breadcrumb\",\"itemListElement\":[{\"@type\":\"ListItem\",\"position\":1,\"name\":\"Archive\",\"item\":\"https:\\\/\\\/jugendfilmtage.ch\\\/fr\\\/archives\\\/\"},{\"@type\":\"ListItem\",\"position\":2,\"name\":\"Festival 2020\",\"item\":\"https:\\\/\\\/jugendfilmtage.ch\\\/fr\\\/archives\\\/festival-2020\\\/\"},{\"@type\":\"ListItem\",\"position\":3,\"name\":\"Jury 2020\"}]},{\"@type\":\"WebSite\",\"@id\":\"https:\\\/\\\/jugendfilmtage.ch\\\/fr\\\/#website\",\"url\":\"https:\\\/\\\/jugendfilmtage.ch\\\/fr\\\/\",\"name\":\"FR Schweizer Jugendfilmtage\",\"description\":\"FR Festival Cin\u00e9 Jeunesse Suisse\",\"potentialAction\":[{\"@type\":\"SearchAction\",\"target\":{\"@type\":\"EntryPoint\",\"urlTemplate\":\"https:\\\/\\\/jugendfilmtage.ch\\\/fr\\\/?s={search_term_string}\"},\"query-input\":{\"@type\":\"PropertyValueSpecification\",\"valueRequired\":true,\"valueName\":\"search_term_string\"}}],\"inLanguage\":\"fr-FR\"}]}<\/script>\n<!-- \/ Yoast SEO plugin. -->","yoast_head_json":{"title":"Jury 2020 - FR Schweizer Jugendfilmtage","description":"Jury 2020 Elene Naveriani BA en arts visuels \u00e0 Tbilissi, suivi d\u2019un MA en Critical Curatorial Cybermedia et d\u2019\u00e9tudes \u00e0 la HEAD. \u00abI Am Truly a Drop of Sun","robots":{"index":"index","follow":"follow","max-snippet":"max-snippet:-1","max-image-preview":"max-image-preview:large","max-video-preview":"max-video-preview:-1"},"canonical":"https:\/\/jugendfilmtage.ch\/fr\/archives\/festival-2020\/jury-2020\/","og_locale":"fr_FR","og_type":"article","og_title":"Jury 2020 - FR Schweizer Jugendfilmtage","og_description":"Jury 2020 Elene Naveriani BA en arts visuels \u00e0 Tbilissi, suivi d\u2019un MA en Critical Curatorial Cybermedia et d\u2019\u00e9tudes \u00e0 la HEAD. \u00abI Am Truly a Drop of Sun","og_url":"https:\/\/jugendfilmtage.ch\/fr\/archives\/festival-2020\/jury-2020\/","og_site_name":"FR Schweizer Jugendfilmtage","article_publisher":"https:\/\/www.facebook.com\/Jugendfilmtage","article_modified_time":"2024-02-06T09:24:16+00:00","og_image":[{"url":"https:\/\/jugendfilmtage.ch\/wp-content\/uploads\/2020\/03\/JFT_2020_Programmheft_17.jpg","type":"","width":"","height":""}],"twitter_card":"summary_large_image","twitter_site":"@jugendfilmtage","twitter_misc":{"Dur\u00e9e de lecture estim\u00e9e":"4 minutes"},"schema":{"@context":"https:\/\/schema.org","@graph":[{"@type":"WebPage","@id":"https:\/\/jugendfilmtage.ch\/fr\/archives\/festival-2020\/jury-2020\/","url":"https:\/\/jugendfilmtage.ch\/fr\/archives\/festival-2020\/jury-2020\/","name":"Jury 2020 - FR Schweizer Jugendfilmtage","isPartOf":{"@id":"https:\/\/jugendfilmtage.ch\/fr\/#website"},"primaryImageOfPage":{"@id":"https:\/\/jugendfilmtage.ch\/fr\/archives\/festival-2020\/jury-2020\/#primaryimage"},"image":{"@id":"https:\/\/jugendfilmtage.ch\/fr\/archives\/festival-2020\/jury-2020\/#primaryimage"},"thumbnailUrl":"https:\/\/jugendfilmtage.ch\/wp-content\/uploads\/2020\/03\/JFT_2020_Programmheft_17.jpg","datePublished":"2020-03-09T15:10:43+00:00","dateModified":"2024-02-06T09:24:16+00:00","description":"Jury 2020 Elene Naveriani BA en arts visuels \u00e0 Tbilissi, suivi d\u2019un MA en Critical Curatorial Cybermedia et d\u2019\u00e9tudes \u00e0 la HEAD. \u00abI Am Truly a Drop of Sun","breadcrumb":{"@id":"https:\/\/jugendfilmtage.ch\/fr\/archives\/festival-2020\/jury-2020\/#breadcrumb"},"inLanguage":"fr-FR","potentialAction":[{"@type":"ReadAction","target":["https:\/\/jugendfilmtage.ch\/fr\/archives\/festival-2020\/jury-2020\/"]}]},{"@type":"ImageObject","inLanguage":"fr-FR","@id":"https:\/\/jugendfilmtage.ch\/fr\/archives\/festival-2020\/jury-2020\/#primaryimage","url":"https:\/\/jugendfilmtage.ch\/wp-content\/uploads\/2020\/03\/JFT_2020_Programmheft_17.jpg","contentUrl":"https:\/\/jugendfilmtage.ch\/wp-content\/uploads\/2020\/03\/JFT_2020_Programmheft_17.jpg"},{"@type":"BreadcrumbList","@id":"https:\/\/jugendfilmtage.ch\/fr\/archives\/festival-2020\/jury-2020\/#breadcrumb","itemListElement":[{"@type":"ListItem","position":1,"name":"Archive","item":"https:\/\/jugendfilmtage.ch\/fr\/archives\/"},{"@type":"ListItem","position":2,"name":"Festival 2020","item":"https:\/\/jugendfilmtage.ch\/fr\/archives\/festival-2020\/"},{"@type":"ListItem","position":3,"name":"Jury 2020"}]},{"@type":"WebSite","@id":"https:\/\/jugendfilmtage.ch\/fr\/#website","url":"https:\/\/jugendfilmtage.ch\/fr\/","name":"FR Schweizer Jugendfilmtage","description":"FR Festival Cin\u00e9 Jeunesse Suisse","potentialAction":[{"@type":"SearchAction","target":{"@type":"EntryPoint","urlTemplate":"https:\/\/jugendfilmtage.ch\/fr\/?s={search_term_string}"},"query-input":{"@type":"PropertyValueSpecification","valueRequired":true,"valueName":"search_term_string"}}],"inLanguage":"fr-FR"}]}},"_links":{"self":[{"href":"https:\/\/jugendfilmtage.ch\/fr\/wp-json\/wp\/v2\/pages\/11616","targetHints":{"allow":["GET"]}}],"collection":[{"href":"https:\/\/jugendfilmtage.ch\/fr\/wp-json\/wp\/v2\/pages"}],"about":[{"href":"https:\/\/jugendfilmtage.ch\/fr\/wp-json\/wp\/v2\/types\/page"}],"author":[{"embeddable":true,"href":"https:\/\/jugendfilmtage.ch\/fr\/wp-json\/wp\/v2\/users\/11"}],"replies":[{"embeddable":true,"href":"https:\/\/jugendfilmtage.ch\/fr\/wp-json\/wp\/v2\/comments?post=11616"}],"version-history":[{"count":7,"href":"https:\/\/jugendfilmtage.ch\/fr\/wp-json\/wp\/v2\/pages\/11616\/revisions"}],"predecessor-version":[{"id":23811,"href":"https:\/\/jugendfilmtage.ch\/fr\/wp-json\/wp\/v2\/pages\/11616\/revisions\/23811"}],"up":[{"embeddable":true,"href":"https:\/\/jugendfilmtage.ch\/fr\/wp-json\/wp\/v2\/pages\/9463"}],"wp:attachment":[{"href":"https:\/\/jugendfilmtage.ch\/fr\/wp-json\/wp\/v2\/media?parent=11616"}],"curies":[{"name":"wp","href":"https:\/\/api.w.org\/{rel}","templated":true}]}}