{"id":11403,"date":"2020-02-18T13:00:47","date_gmt":"2020-02-18T13:00:47","guid":{"rendered":"https:\/\/2024.jugendfilmtage.ch\/?page_id=11403"},"modified":"2024-07-04T16:25:33","modified_gmt":"2024-07-04T14:25:33","slug":"films-documentaires-de-latelier-borderpass","status":"publish","type":"page","link":"https:\/\/jugendfilmtage.ch\/fr\/archives\/festival-2020\/films-documentaires-de-latelier-borderpass\/","title":{"rendered":"Films documentaires de l\u2019atelier BorderPass 2020"},"content":{"rendered":"<h1>Films documentaires de l\u2019atelier BorderPass 2020<\/h1>\n<p>Pr\u00e9sentation dans le cadre de l&rsquo;ouverture du festival en ligne.<\/p>\n<p>Veuillez noter les changements de programme pour le festival en ligne. Les documentaires seront disponibles en streaming en ligne pendant la dur\u00e9e sp\u00e9cifi\u00e9e de la projection.<\/p>\n<p>En \u00e9t\u00e9 2019, cinq jeunes en provenance de Suisse, de Serbie et de Bosnie-Herz\u00e9govine particip\u00e8rent \u00e0 un atelier de films documentaires \u00e0 Sarajevo. Au cours d\u2019une semaine de travail intense, le groupe r\u00e9alisa cinq courts-m\u00e9trages inspir\u00e9s par le th\u00e8me \u00abMemories of Spaces\u00bb. L\u2019atelier \u00e9tait centr\u00e9 sur le savoir-faire cin\u00e9matographique ainsi que l\u2019\u00e9change culturel.<\/p>\n<p>\u00c0 l\u2019issue de la projection des courts-m\u00e9trages, le public aura l\u2019occasion d\u2019assister \u00e0 une table ronde avec les jeunes participant*es \u00e0 l\u2019atelier. La discussion se d\u00e9roulera en anglais et sera anim\u00e9e par Vivienne Kuster, journliste ind\u00e9pendante \u00e0 SRF Kultur et <a href=\"http:\/\/tsri.ch\/\">Ts\u00fcri.ch<\/a>.<\/p>\n<p>En collaboration avec les festivals de films Prizren (Kosovo), KREF (Serbie) et Pravo Ljudski \u00e0 Sarajevo (Bosnie-Herz\u00e9govine), des ateliers auront \u00e9galement lieu en Serbie en 2020 sous la direction du festival Cin\u00e9 Jeunesse Suisse: www.borderpass.ch.<\/p>\n<p><strong>Jeudi 26 mars 2020, 19.00 h, dans le cadre de l&rsquo;ouverture, <a href=\"http:\/\/livestream.jugendfilmtage.ch\/coming-soon\/\">lien de streaming<\/a><\/strong><\/p>\n<p><a href=\"https:\/\/jugendfilmtage.ch\/fr\/borderpass-artist-talk\/\">BorderPass Artist Talk<\/a><br \/>\n<a href=\"https:\/\/jugendfilmtage.ch\/fr\/programme-2020\/tableau-de-programme-2020\/\">Tableau de programme<\/a><\/p>\n","protected":false},"excerpt":{"rendered":"<p>Films documentaires de l\u2019atelier BorderPass 2020 Pr\u00e9sentation dans le cadre de l&rsquo;ouverture du festival en ligne. Veuillez noter les changements de programme pour le festival en ligne. Les documentaires seront disponibles en streaming en ligne pendant la dur\u00e9e sp\u00e9cifi\u00e9e de la projection. En \u00e9t\u00e9 2019, cinq jeunes en provenance de Suisse, de Serbie et de [&hellip;]<\/p>\n","protected":false},"author":10,"featured_media":0,"parent":9463,"menu_order":4,"comment_status":"closed","ping_status":"closed","template":"","meta":{"_acf_changed":false,"footnotes":""},"class_list":["post-11403","page","type-page","status-publish","hentry"],"acf":[],"yoast_head":"<!-- This site is optimized with the Yoast SEO plugin v27.4 - https:\/\/yoast.com\/product\/yoast-seo-wordpress\/ -->\n<title>Films documentaires de l\u2019atelier BorderPass 2020 - FR Schweizer Jugendfilmtage<\/title>\n<meta name=\"description\" content=\"Films documentaires de l\u2019atelier BorderPass 2020 Pr\u00e9sentation dans le cadre de l&#039;ouverture du festival en ligne. Veuillez noter les changements de\" \/>\n<meta name=\"robots\" content=\"index, follow, max-snippet:-1, max-image-preview:large, max-video-preview:-1\" \/>\n<link rel=\"canonical\" href=\"https:\/\/jugendfilmtage.ch\/fr\/archives\/festival-2020\/films-documentaires-de-latelier-borderpass\/\" \/>\n<meta property=\"og:locale\" content=\"fr_FR\" \/>\n<meta property=\"og:type\" content=\"article\" \/>\n<meta property=\"og:title\" content=\"Films documentaires de l\u2019atelier BorderPass 2020 - FR Schweizer Jugendfilmtage\" \/>\n<meta property=\"og:description\" content=\"Films documentaires de l\u2019atelier BorderPass 2020 Pr\u00e9sentation dans le cadre de l&#039;ouverture du festival en ligne. Veuillez noter les changements de\" \/>\n<meta property=\"og:url\" content=\"https:\/\/jugendfilmtage.ch\/fr\/archives\/festival-2020\/films-documentaires-de-latelier-borderpass\/\" \/>\n<meta property=\"og:site_name\" content=\"FR Schweizer Jugendfilmtage\" \/>\n<meta property=\"article:publisher\" content=\"https:\/\/www.facebook.com\/Jugendfilmtage\" \/>\n<meta property=\"article:modified_time\" content=\"2024-07-04T14:25:33+00:00\" \/>\n<meta name=\"twitter:card\" content=\"summary_large_image\" \/>\n<meta name=\"twitter:site\" content=\"@jugendfilmtage\" \/>\n<meta name=\"twitter:label1\" content=\"Dur\u00e9e de lecture estim\u00e9e\" \/>\n\t<meta name=\"twitter:data1\" content=\"2 minutes\" \/>\n<script type=\"application\/ld+json\" class=\"yoast-schema-graph\">{\"@context\":\"https:\\\/\\\/schema.org\",\"@graph\":[{\"@type\":\"WebPage\",\"@id\":\"https:\\\/\\\/jugendfilmtage.ch\\\/fr\\\/archives\\\/festival-2020\\\/films-documentaires-de-latelier-borderpass\\\/\",\"url\":\"https:\\\/\\\/jugendfilmtage.ch\\\/fr\\\/archives\\\/festival-2020\\\/films-documentaires-de-latelier-borderpass\\\/\",\"name\":\"Films documentaires de l\u2019atelier BorderPass 2020 - FR Schweizer Jugendfilmtage\",\"isPartOf\":{\"@id\":\"https:\\\/\\\/jugendfilmtage.ch\\\/fr\\\/#website\"},\"datePublished\":\"2020-02-18T13:00:47+00:00\",\"dateModified\":\"2024-07-04T14:25:33+00:00\",\"description\":\"Films documentaires de l\u2019atelier BorderPass 2020 Pr\u00e9sentation dans le cadre de l'ouverture du festival en ligne. Veuillez noter les changements de\",\"breadcrumb\":{\"@id\":\"https:\\\/\\\/jugendfilmtage.ch\\\/fr\\\/archives\\\/festival-2020\\\/films-documentaires-de-latelier-borderpass\\\/#breadcrumb\"},\"inLanguage\":\"fr-FR\",\"potentialAction\":[{\"@type\":\"ReadAction\",\"target\":[\"https:\\\/\\\/jugendfilmtage.ch\\\/fr\\\/archives\\\/festival-2020\\\/films-documentaires-de-latelier-borderpass\\\/\"]}]},{\"@type\":\"BreadcrumbList\",\"@id\":\"https:\\\/\\\/jugendfilmtage.ch\\\/fr\\\/archives\\\/festival-2020\\\/films-documentaires-de-latelier-borderpass\\\/#breadcrumb\",\"itemListElement\":[{\"@type\":\"ListItem\",\"position\":1,\"name\":\"Archive\",\"item\":\"https:\\\/\\\/jugendfilmtage.ch\\\/fr\\\/archives\\\/\"},{\"@type\":\"ListItem\",\"position\":2,\"name\":\"Festival 2020\",\"item\":\"https:\\\/\\\/jugendfilmtage.ch\\\/fr\\\/archives\\\/festival-2020\\\/\"},{\"@type\":\"ListItem\",\"position\":3,\"name\":\"Films documentaires de l\u2019atelier BorderPass 2020\"}]},{\"@type\":\"WebSite\",\"@id\":\"https:\\\/\\\/jugendfilmtage.ch\\\/fr\\\/#website\",\"url\":\"https:\\\/\\\/jugendfilmtage.ch\\\/fr\\\/\",\"name\":\"FR Schweizer Jugendfilmtage\",\"description\":\"FR Festival Cin\u00e9 Jeunesse Suisse\",\"potentialAction\":[{\"@type\":\"SearchAction\",\"target\":{\"@type\":\"EntryPoint\",\"urlTemplate\":\"https:\\\/\\\/jugendfilmtage.ch\\\/fr\\\/?s={search_term_string}\"},\"query-input\":{\"@type\":\"PropertyValueSpecification\",\"valueRequired\":true,\"valueName\":\"search_term_string\"}}],\"inLanguage\":\"fr-FR\"}]}<\/script>\n<!-- \/ Yoast SEO plugin. -->","yoast_head_json":{"title":"Films documentaires de l\u2019atelier BorderPass 2020 - FR Schweizer Jugendfilmtage","description":"Films documentaires de l\u2019atelier BorderPass 2020 Pr\u00e9sentation dans le cadre de l'ouverture du festival en ligne. Veuillez noter les changements de","robots":{"index":"index","follow":"follow","max-snippet":"max-snippet:-1","max-image-preview":"max-image-preview:large","max-video-preview":"max-video-preview:-1"},"canonical":"https:\/\/jugendfilmtage.ch\/fr\/archives\/festival-2020\/films-documentaires-de-latelier-borderpass\/","og_locale":"fr_FR","og_type":"article","og_title":"Films documentaires de l\u2019atelier BorderPass 2020 - FR Schweizer Jugendfilmtage","og_description":"Films documentaires de l\u2019atelier BorderPass 2020 Pr\u00e9sentation dans le cadre de l'ouverture du festival en ligne. Veuillez noter les changements de","og_url":"https:\/\/jugendfilmtage.ch\/fr\/archives\/festival-2020\/films-documentaires-de-latelier-borderpass\/","og_site_name":"FR Schweizer Jugendfilmtage","article_publisher":"https:\/\/www.facebook.com\/Jugendfilmtage","article_modified_time":"2024-07-04T14:25:33+00:00","twitter_card":"summary_large_image","twitter_site":"@jugendfilmtage","twitter_misc":{"Dur\u00e9e de lecture estim\u00e9e":"2 minutes"},"schema":{"@context":"https:\/\/schema.org","@graph":[{"@type":"WebPage","@id":"https:\/\/jugendfilmtage.ch\/fr\/archives\/festival-2020\/films-documentaires-de-latelier-borderpass\/","url":"https:\/\/jugendfilmtage.ch\/fr\/archives\/festival-2020\/films-documentaires-de-latelier-borderpass\/","name":"Films documentaires de l\u2019atelier BorderPass 2020 - FR Schweizer Jugendfilmtage","isPartOf":{"@id":"https:\/\/jugendfilmtage.ch\/fr\/#website"},"datePublished":"2020-02-18T13:00:47+00:00","dateModified":"2024-07-04T14:25:33+00:00","description":"Films documentaires de l\u2019atelier BorderPass 2020 Pr\u00e9sentation dans le cadre de l'ouverture du festival en ligne. Veuillez noter les changements de","breadcrumb":{"@id":"https:\/\/jugendfilmtage.ch\/fr\/archives\/festival-2020\/films-documentaires-de-latelier-borderpass\/#breadcrumb"},"inLanguage":"fr-FR","potentialAction":[{"@type":"ReadAction","target":["https:\/\/jugendfilmtage.ch\/fr\/archives\/festival-2020\/films-documentaires-de-latelier-borderpass\/"]}]},{"@type":"BreadcrumbList","@id":"https:\/\/jugendfilmtage.ch\/fr\/archives\/festival-2020\/films-documentaires-de-latelier-borderpass\/#breadcrumb","itemListElement":[{"@type":"ListItem","position":1,"name":"Archive","item":"https:\/\/jugendfilmtage.ch\/fr\/archives\/"},{"@type":"ListItem","position":2,"name":"Festival 2020","item":"https:\/\/jugendfilmtage.ch\/fr\/archives\/festival-2020\/"},{"@type":"ListItem","position":3,"name":"Films documentaires de l\u2019atelier BorderPass 2020"}]},{"@type":"WebSite","@id":"https:\/\/jugendfilmtage.ch\/fr\/#website","url":"https:\/\/jugendfilmtage.ch\/fr\/","name":"FR Schweizer Jugendfilmtage","description":"FR Festival Cin\u00e9 Jeunesse Suisse","potentialAction":[{"@type":"SearchAction","target":{"@type":"EntryPoint","urlTemplate":"https:\/\/jugendfilmtage.ch\/fr\/?s={search_term_string}"},"query-input":{"@type":"PropertyValueSpecification","valueRequired":true,"valueName":"search_term_string"}}],"inLanguage":"fr-FR"}]}},"_links":{"self":[{"href":"https:\/\/jugendfilmtage.ch\/fr\/wp-json\/wp\/v2\/pages\/11403","targetHints":{"allow":["GET"]}}],"collection":[{"href":"https:\/\/jugendfilmtage.ch\/fr\/wp-json\/wp\/v2\/pages"}],"about":[{"href":"https:\/\/jugendfilmtage.ch\/fr\/wp-json\/wp\/v2\/types\/page"}],"author":[{"embeddable":true,"href":"https:\/\/jugendfilmtage.ch\/fr\/wp-json\/wp\/v2\/users\/10"}],"replies":[{"embeddable":true,"href":"https:\/\/jugendfilmtage.ch\/fr\/wp-json\/wp\/v2\/comments?post=11403"}],"version-history":[{"count":6,"href":"https:\/\/jugendfilmtage.ch\/fr\/wp-json\/wp\/v2\/pages\/11403\/revisions"}],"predecessor-version":[{"id":26493,"href":"https:\/\/jugendfilmtage.ch\/fr\/wp-json\/wp\/v2\/pages\/11403\/revisions\/26493"}],"up":[{"embeddable":true,"href":"https:\/\/jugendfilmtage.ch\/fr\/wp-json\/wp\/v2\/pages\/9463"}],"wp:attachment":[{"href":"https:\/\/jugendfilmtage.ch\/fr\/wp-json\/wp\/v2\/media?parent=11403"}],"curies":[{"name":"wp","href":"https:\/\/api.w.org\/{rel}","templated":true}]}}