{"id":11398,"date":"2020-02-18T10:23:42","date_gmt":"2020-02-18T10:23:42","guid":{"rendered":"https:\/\/2024.jugendfilmtage.ch\/?page_id=11398"},"modified":"2024-02-06T07:38:12","modified_gmt":"2024-02-06T06:38:12","slug":"borderpass-artist-talk","status":"publish","type":"page","link":"https:\/\/jugendfilmtage.ch\/fr\/archives\/festival-2020\/borderpass-artist-talk\/","title":{"rendered":"BorderPass Artist Talk 2020"},"content":{"rendered":"<h1>BorderPass Artist Talk 2020<\/h1>\n<p>Veuillez noter les changements de programme pour le festival en ligne. L&rsquo;Artist Talk sera disponible en streaming en ligne pendant la dur\u00e9e sp\u00e9cifi\u00e9e de la projection.<\/p>\n<p>Dans le cadre du projet BorderPass, un*e cin\u00e9aste du pays h\u00f4te est invit\u00e9*e \u00e0 pr\u00e9senter une masterclass. En 2019, le pays h\u00f4te fut en l\u2019occurrence la Bosnie-Herz\u00e9govine.<\/p>\n<p><strong>Artist Talk avec Kumjana Novakova<\/strong><\/p>\n<p>Kumjana Novakova travaille dans le domaine du cin\u00e9ma et de l\u2019art audiovisuel. Au cours de ses \u00e9tudes, elle se consacra aux sciences sociales et \u00e0 la recherche sociale \u00e0 Sofia, Sarajevo, Bologne et Amsterdam. Actuellement, elle travaille en qualit\u00e9 de curatrice cin\u00e9matographique pour le Mus\u00e9e d\u2019art contemporain de Skopje. Elle collabore en outre avec diff\u00e9rents festivals de films, plateformes de cin\u00e9ma et expositions, et organise une large palette de programmes.<\/p>\n<p>Elle est professeure invit\u00e9e au d\u00e9partement non-fiction de l\u2019ESCAC, Barcelone, Espagne, et a jadis enseign\u00e9 au film.factory de B\u00e9la Tarr \u00e0 Sarajevo. En tant qu\u2019auteure, elle r\u00e9alise des projets \u00e0 la crois\u00e9e du cin\u00e9ma et de l\u2019art contemporain, tout en explorant l\u2019interaction des identit\u00e9s, des souvenirs et du soi collectif.<\/p>\n<p>Dans son Artist Talk, elle pr\u00e9sentera ses travaux actuels et parlera de l\u2019activit\u00e9 cin\u00e9matographique contemporaine dans les Balkans.<\/p>\n<p><img loading=\"lazy\" decoding=\"async\" class=\"alignnone size-full wp-image-11266\" src=\"https:\/\/jugendfilmtage.ch\/wp-content\/uploads\/2020\/02\/kumjana7-scaled.jpg\" alt=\"\" width=\"2560\" height=\"1707\" srcset=\"https:\/\/jugendfilmtage.ch\/wp-content\/uploads\/2020\/02\/kumjana7-scaled.jpg 2560w, https:\/\/jugendfilmtage.ch\/wp-content\/uploads\/2020\/02\/kumjana7-300x200.jpg 300w, https:\/\/jugendfilmtage.ch\/wp-content\/uploads\/2020\/02\/kumjana7-880x587.jpg 880w, https:\/\/jugendfilmtage.ch\/wp-content\/uploads\/2020\/02\/kumjana7-280x186.jpg 280w, https:\/\/jugendfilmtage.ch\/wp-content\/uploads\/2020\/02\/kumjana7-768x512.jpg 768w, https:\/\/jugendfilmtage.ch\/wp-content\/uploads\/2020\/02\/kumjana7-1536x1024.jpg 1536w, https:\/\/jugendfilmtage.ch\/wp-content\/uploads\/2020\/02\/kumjana7-2048x1365.jpg 2048w, https:\/\/jugendfilmtage.ch\/wp-content\/uploads\/2020\/02\/kumjana7-560x372.jpg 560w\" sizes=\"auto, (max-width: 2560px) 100vw, 2560px\" \/><br \/>\nKumjana Novakova<\/p>\n<p><strong>Dimanche 29 mars 2020, 14h00, <a href=\"http:\/\/livestream.jugendfilmtage.ch\/coming-soon\/\">lien de streaming<\/a><\/strong><\/p>\n<p><a href=\"https:\/\/jugendfilmtage.ch\/fr\/programme-2020\/films-documentaires-de-latelier-borderpass\/\">Documentaires de l&rsquo;atelier BorderPass<\/a> \/ <a href=\"https:\/\/jugendfilmtage.ch\/fr\/programme-2020\/tableau-de-programme-online-festival\/\">Aper\u00e7u du programme<\/a><\/p>\n<p>&nbsp;<\/p>\n","protected":false},"excerpt":{"rendered":"<p>BorderPass Artist Talk 2020 Veuillez noter les changements de programme pour le festival en ligne. L&rsquo;Artist Talk sera disponible en streaming en ligne pendant la dur\u00e9e sp\u00e9cifi\u00e9e de la projection. Dans le cadre du projet BorderPass, un*e cin\u00e9aste du pays h\u00f4te est invit\u00e9*e \u00e0 pr\u00e9senter une masterclass. En 2019, le pays h\u00f4te fut en l\u2019occurrence [&hellip;]<\/p>\n","protected":false},"author":10,"featured_media":0,"parent":9463,"menu_order":3,"comment_status":"closed","ping_status":"closed","template":"","meta":{"_acf_changed":false,"footnotes":""},"class_list":["post-11398","page","type-page","status-publish","hentry"],"acf":[],"yoast_head":"<!-- This site is optimized with the Yoast SEO plugin v27.4 - https:\/\/yoast.com\/product\/yoast-seo-wordpress\/ -->\n<title>BorderPass Artist Talk 2020 - FR Schweizer Jugendfilmtage<\/title>\n<meta name=\"description\" content=\"BorderPass Artist Talk 2020 Veuillez noter les changements de programme pour le festival en ligne. L&#039;Artist Talk sera disponible en streaming en ligne\" \/>\n<meta name=\"robots\" content=\"index, follow, max-snippet:-1, max-image-preview:large, max-video-preview:-1\" \/>\n<link rel=\"canonical\" href=\"https:\/\/jugendfilmtage.ch\/fr\/archives\/festival-2020\/borderpass-artist-talk\/\" \/>\n<meta property=\"og:locale\" content=\"fr_FR\" \/>\n<meta property=\"og:type\" content=\"article\" \/>\n<meta property=\"og:title\" content=\"BorderPass Artist Talk 2020 - FR Schweizer Jugendfilmtage\" \/>\n<meta property=\"og:description\" content=\"BorderPass Artist Talk 2020 Veuillez noter les changements de programme pour le festival en ligne. L&#039;Artist Talk sera disponible en streaming en ligne\" \/>\n<meta property=\"og:url\" content=\"https:\/\/jugendfilmtage.ch\/fr\/archives\/festival-2020\/borderpass-artist-talk\/\" \/>\n<meta property=\"og:site_name\" content=\"FR Schweizer Jugendfilmtage\" \/>\n<meta property=\"article:publisher\" content=\"https:\/\/www.facebook.com\/Jugendfilmtage\" \/>\n<meta property=\"article:modified_time\" content=\"2024-02-06T06:38:12+00:00\" \/>\n<meta property=\"og:image\" content=\"https:\/\/jugendfilmtage.ch\/wp-content\/uploads\/2020\/02\/kumjana7-scaled.jpg\" \/>\n<meta name=\"twitter:card\" content=\"summary_large_image\" \/>\n<meta name=\"twitter:site\" content=\"@jugendfilmtage\" \/>\n<meta name=\"twitter:label1\" content=\"Dur\u00e9e de lecture estim\u00e9e\" \/>\n\t<meta name=\"twitter:data1\" content=\"2 minutes\" \/>\n<script type=\"application\/ld+json\" class=\"yoast-schema-graph\">{\"@context\":\"https:\\\/\\\/schema.org\",\"@graph\":[{\"@type\":\"WebPage\",\"@id\":\"https:\\\/\\\/jugendfilmtage.ch\\\/fr\\\/archives\\\/festival-2020\\\/borderpass-artist-talk\\\/\",\"url\":\"https:\\\/\\\/jugendfilmtage.ch\\\/fr\\\/archives\\\/festival-2020\\\/borderpass-artist-talk\\\/\",\"name\":\"BorderPass Artist Talk 2020 - FR Schweizer Jugendfilmtage\",\"isPartOf\":{\"@id\":\"https:\\\/\\\/jugendfilmtage.ch\\\/fr\\\/#website\"},\"primaryImageOfPage\":{\"@id\":\"https:\\\/\\\/jugendfilmtage.ch\\\/fr\\\/archives\\\/festival-2020\\\/borderpass-artist-talk\\\/#primaryimage\"},\"image\":{\"@id\":\"https:\\\/\\\/jugendfilmtage.ch\\\/fr\\\/archives\\\/festival-2020\\\/borderpass-artist-talk\\\/#primaryimage\"},\"thumbnailUrl\":\"https:\\\/\\\/jugendfilmtage.ch\\\/wp-content\\\/uploads\\\/2020\\\/02\\\/kumjana7-scaled.jpg\",\"datePublished\":\"2020-02-18T10:23:42+00:00\",\"dateModified\":\"2024-02-06T06:38:12+00:00\",\"description\":\"BorderPass Artist Talk 2020 Veuillez noter les changements de programme pour le festival en ligne. L'Artist Talk sera disponible en streaming en ligne\",\"breadcrumb\":{\"@id\":\"https:\\\/\\\/jugendfilmtage.ch\\\/fr\\\/archives\\\/festival-2020\\\/borderpass-artist-talk\\\/#breadcrumb\"},\"inLanguage\":\"fr-FR\",\"potentialAction\":[{\"@type\":\"ReadAction\",\"target\":[\"https:\\\/\\\/jugendfilmtage.ch\\\/fr\\\/archives\\\/festival-2020\\\/borderpass-artist-talk\\\/\"]}]},{\"@type\":\"ImageObject\",\"inLanguage\":\"fr-FR\",\"@id\":\"https:\\\/\\\/jugendfilmtage.ch\\\/fr\\\/archives\\\/festival-2020\\\/borderpass-artist-talk\\\/#primaryimage\",\"url\":\"https:\\\/\\\/jugendfilmtage.ch\\\/wp-content\\\/uploads\\\/2020\\\/02\\\/kumjana7-scaled.jpg\",\"contentUrl\":\"https:\\\/\\\/jugendfilmtage.ch\\\/wp-content\\\/uploads\\\/2020\\\/02\\\/kumjana7-scaled.jpg\"},{\"@type\":\"BreadcrumbList\",\"@id\":\"https:\\\/\\\/jugendfilmtage.ch\\\/fr\\\/archives\\\/festival-2020\\\/borderpass-artist-talk\\\/#breadcrumb\",\"itemListElement\":[{\"@type\":\"ListItem\",\"position\":1,\"name\":\"Archive\",\"item\":\"https:\\\/\\\/jugendfilmtage.ch\\\/fr\\\/archives\\\/\"},{\"@type\":\"ListItem\",\"position\":2,\"name\":\"Festival 2020\",\"item\":\"https:\\\/\\\/jugendfilmtage.ch\\\/fr\\\/archives\\\/festival-2020\\\/\"},{\"@type\":\"ListItem\",\"position\":3,\"name\":\"BorderPass Artist Talk 2020\"}]},{\"@type\":\"WebSite\",\"@id\":\"https:\\\/\\\/jugendfilmtage.ch\\\/fr\\\/#website\",\"url\":\"https:\\\/\\\/jugendfilmtage.ch\\\/fr\\\/\",\"name\":\"FR Schweizer Jugendfilmtage\",\"description\":\"FR Festival Cin\u00e9 Jeunesse Suisse\",\"potentialAction\":[{\"@type\":\"SearchAction\",\"target\":{\"@type\":\"EntryPoint\",\"urlTemplate\":\"https:\\\/\\\/jugendfilmtage.ch\\\/fr\\\/?s={search_term_string}\"},\"query-input\":{\"@type\":\"PropertyValueSpecification\",\"valueRequired\":true,\"valueName\":\"search_term_string\"}}],\"inLanguage\":\"fr-FR\"}]}<\/script>\n<!-- \/ Yoast SEO plugin. -->","yoast_head_json":{"title":"BorderPass Artist Talk 2020 - FR Schweizer Jugendfilmtage","description":"BorderPass Artist Talk 2020 Veuillez noter les changements de programme pour le festival en ligne. L'Artist Talk sera disponible en streaming en ligne","robots":{"index":"index","follow":"follow","max-snippet":"max-snippet:-1","max-image-preview":"max-image-preview:large","max-video-preview":"max-video-preview:-1"},"canonical":"https:\/\/jugendfilmtage.ch\/fr\/archives\/festival-2020\/borderpass-artist-talk\/","og_locale":"fr_FR","og_type":"article","og_title":"BorderPass Artist Talk 2020 - FR Schweizer Jugendfilmtage","og_description":"BorderPass Artist Talk 2020 Veuillez noter les changements de programme pour le festival en ligne. L'Artist Talk sera disponible en streaming en ligne","og_url":"https:\/\/jugendfilmtage.ch\/fr\/archives\/festival-2020\/borderpass-artist-talk\/","og_site_name":"FR Schweizer Jugendfilmtage","article_publisher":"https:\/\/www.facebook.com\/Jugendfilmtage","article_modified_time":"2024-02-06T06:38:12+00:00","og_image":[{"url":"https:\/\/jugendfilmtage.ch\/wp-content\/uploads\/2020\/02\/kumjana7-scaled.jpg","type":"","width":"","height":""}],"twitter_card":"summary_large_image","twitter_site":"@jugendfilmtage","twitter_misc":{"Dur\u00e9e de lecture estim\u00e9e":"2 minutes"},"schema":{"@context":"https:\/\/schema.org","@graph":[{"@type":"WebPage","@id":"https:\/\/jugendfilmtage.ch\/fr\/archives\/festival-2020\/borderpass-artist-talk\/","url":"https:\/\/jugendfilmtage.ch\/fr\/archives\/festival-2020\/borderpass-artist-talk\/","name":"BorderPass Artist Talk 2020 - FR Schweizer Jugendfilmtage","isPartOf":{"@id":"https:\/\/jugendfilmtage.ch\/fr\/#website"},"primaryImageOfPage":{"@id":"https:\/\/jugendfilmtage.ch\/fr\/archives\/festival-2020\/borderpass-artist-talk\/#primaryimage"},"image":{"@id":"https:\/\/jugendfilmtage.ch\/fr\/archives\/festival-2020\/borderpass-artist-talk\/#primaryimage"},"thumbnailUrl":"https:\/\/jugendfilmtage.ch\/wp-content\/uploads\/2020\/02\/kumjana7-scaled.jpg","datePublished":"2020-02-18T10:23:42+00:00","dateModified":"2024-02-06T06:38:12+00:00","description":"BorderPass Artist Talk 2020 Veuillez noter les changements de programme pour le festival en ligne. L'Artist Talk sera disponible en streaming en ligne","breadcrumb":{"@id":"https:\/\/jugendfilmtage.ch\/fr\/archives\/festival-2020\/borderpass-artist-talk\/#breadcrumb"},"inLanguage":"fr-FR","potentialAction":[{"@type":"ReadAction","target":["https:\/\/jugendfilmtage.ch\/fr\/archives\/festival-2020\/borderpass-artist-talk\/"]}]},{"@type":"ImageObject","inLanguage":"fr-FR","@id":"https:\/\/jugendfilmtage.ch\/fr\/archives\/festival-2020\/borderpass-artist-talk\/#primaryimage","url":"https:\/\/jugendfilmtage.ch\/wp-content\/uploads\/2020\/02\/kumjana7-scaled.jpg","contentUrl":"https:\/\/jugendfilmtage.ch\/wp-content\/uploads\/2020\/02\/kumjana7-scaled.jpg"},{"@type":"BreadcrumbList","@id":"https:\/\/jugendfilmtage.ch\/fr\/archives\/festival-2020\/borderpass-artist-talk\/#breadcrumb","itemListElement":[{"@type":"ListItem","position":1,"name":"Archive","item":"https:\/\/jugendfilmtage.ch\/fr\/archives\/"},{"@type":"ListItem","position":2,"name":"Festival 2020","item":"https:\/\/jugendfilmtage.ch\/fr\/archives\/festival-2020\/"},{"@type":"ListItem","position":3,"name":"BorderPass Artist Talk 2020"}]},{"@type":"WebSite","@id":"https:\/\/jugendfilmtage.ch\/fr\/#website","url":"https:\/\/jugendfilmtage.ch\/fr\/","name":"FR Schweizer Jugendfilmtage","description":"FR Festival Cin\u00e9 Jeunesse Suisse","potentialAction":[{"@type":"SearchAction","target":{"@type":"EntryPoint","urlTemplate":"https:\/\/jugendfilmtage.ch\/fr\/?s={search_term_string}"},"query-input":{"@type":"PropertyValueSpecification","valueRequired":true,"valueName":"search_term_string"}}],"inLanguage":"fr-FR"}]}},"_links":{"self":[{"href":"https:\/\/jugendfilmtage.ch\/fr\/wp-json\/wp\/v2\/pages\/11398","targetHints":{"allow":["GET"]}}],"collection":[{"href":"https:\/\/jugendfilmtage.ch\/fr\/wp-json\/wp\/v2\/pages"}],"about":[{"href":"https:\/\/jugendfilmtage.ch\/fr\/wp-json\/wp\/v2\/types\/page"}],"author":[{"embeddable":true,"href":"https:\/\/jugendfilmtage.ch\/fr\/wp-json\/wp\/v2\/users\/10"}],"replies":[{"embeddable":true,"href":"https:\/\/jugendfilmtage.ch\/fr\/wp-json\/wp\/v2\/comments?post=11398"}],"version-history":[{"count":6,"href":"https:\/\/jugendfilmtage.ch\/fr\/wp-json\/wp\/v2\/pages\/11398\/revisions"}],"predecessor-version":[{"id":23780,"href":"https:\/\/jugendfilmtage.ch\/fr\/wp-json\/wp\/v2\/pages\/11398\/revisions\/23780"}],"up":[{"embeddable":true,"href":"https:\/\/jugendfilmtage.ch\/fr\/wp-json\/wp\/v2\/pages\/9463"}],"wp:attachment":[{"href":"https:\/\/jugendfilmtage.ch\/fr\/wp-json\/wp\/v2\/media?parent=11398"}],"curies":[{"name":"wp","href":"https:\/\/api.w.org\/{rel}","templated":true}]}}